{"id":178240,"date":"2025-11-05T18:50:11","date_gmt":"2025-11-05T16:50:11","guid":{"rendered":"https:\/\/shop4trac.com\/unkategorisiert\/wasserpumpe-2d68e-2tne68-en3by-3tne68-enbv\/"},"modified":"2025-11-05T20:29:38","modified_gmt":"2025-11-05T18:29:38","slug":"wasserpumpe-2d68e-2tne68-en3by-3tne68-enbv","status":"publish","type":"product","link":"https:\/\/shop4trac.com\/de\/kuehlung-kuehler\/wasserpumpe\/wasserpumpe-2d68e-2tne68-en3by-3tne68-enbv\/","title":{"rendered":"Wasserpumpe 2D68E | 2TNE68-EN3BY | 3TNE68-ENBV"},"content":{"rendered":"<p class=\"p1\"><b>Wasserpumpe | Yanmar 2TNE68 | 3TNE68 Motoren<\/b><b><\/b><\/p>\n<p class=\"p2\">Zuverl\u00e4ssige K\u00fchlung f\u00fcr deinen Yanmar Motor.<\/p>\n<p class=\"p2\">Diese Wasserpumpe sorgt f\u00fcr eine optimale K\u00fchlung des Motors und ist f\u00fcr eine perfekte Passform bei verschiedenen Yanmar Motoren ausgelegt. Ideal f\u00fcr den Austausch bei Verschlei\u00df oder Leckage, damit dein Motor effizient l\u00e4uft. <\/p>\n<p class=\"p1\"><b>Warum diese Wasserpumpe w\u00e4hlen:<\/b><b><\/b><\/p>\n<p class=\"p2\">\u2714\ufe0f Hochwertiges Ersatzteil<\/p>\n<p class=\"p2\">\u2714\ufe0f Geeignet f\u00fcr mehrere Yanmar Motoren<\/p>\n<p class=\"p2\">\u2714\ufe0f Sorgt f\u00fcr zuverl\u00e4ssige Motork\u00fchlung und l\u00e4ngere Lebensdauer<\/p>\n<p class=\"p1\">T<b>echnische Daten:<\/b><b><\/b><\/p>\n<p class=\"p2\">Material: Gusseisen \/ Aluminium (abh\u00e4ngig von der Ausf\u00fchrung)<\/p>\n<p class=\"p2\">Typ: komplette Wasserpumpe mit Geh\u00e4use<\/p>\n<p><strong>Komatsu <\/strong><\/p>\n<ul>\n<li>PC15R-8 PC12R-8<\/li>\n<\/ul>\n<p class=\"p1\"><b>Yanmar Motoren:<\/b><b><\/b><\/p>\n<ul>\n<li>\n<p class=\"p1\">3TNE68, 3TNE68NBAB, 3TNE66, 2TNE68EN3BY, 2TNE68N3BY, 3TNE68ENBV, 3TNE68NBV, 3TNE68NTB<\/p>\n<\/li>\n<li>2D68E<\/li>\n<\/ul>\n<p><strong>Yanmar<\/strong><\/p>\n<ul>\n<li>AC16<\/li>\n<\/ul>\n<p><strong>Takeuchi  <\/strong><\/p>\n<ul>\n<li>TB014<\/li>\n<\/ul>\n<p class=\"p1\"><b>OEM zur Referenz:<\/b><b><\/b><\/p>\n<ul>\n<li>\n<p class=\"p1\">119266-42100, 11926642100<\/p>\n<\/li>\n<li>\n<p class=\"p1\">119266-42101, 11926642101<\/p>\n<\/li>\n<li>\n<p class=\"p1\">119266-42102, 11926642102<\/p>\n<\/li>\n<li>\n<p class=\"p1\">YM119266-42100, YM11926642100<\/p>\n<\/li>\n<li>\n<p class=\"p1\">YM119266-42101, YM11926642101<\/p>\n<\/li>\n<li>\n<p class=\"p1\">YM119266-42102, YM11926642102<\/p>\n<\/li>\n<\/ul>\n","protected":false},"excerpt":{"rendered":"<p>Wasserpumpe | Yanmar 2TNE68 | 3TNE68 Motoren Zuverl\u00e4ssige K\u00fchlung f\u00fcr deinen Yanmar Motor. Diese Wasserpumpe sorgt f\u00fcr eine optimale K\u00fchlung des Motors und ist f\u00fcr eine perfekte Passform bei verschiedenen Yanmar Motoren ausgelegt. Ideal f\u00fcr den Austausch bei Verschlei\u00df oder Leckage, damit dein Motor effizient l\u00e4uft. Warum diese Wasserpumpe w\u00e4hlen: \u2714\ufe0f Hochwertiges Ersatzteil \u2714\ufe0f Geeignet&hellip;<\/p>\n","protected":false},"featured_media":176358,"comment_status":"","ping_status":"closed","template":"","meta":[],"product_cat":[391],"product_tag":[],"class_list":{"0":"post-178240","1":"product","2":"type-product","3":"status-publish","4":"has-post-thumbnail","6":"product_cat-wasserpumpe","7":"pa_merk-yanmar-de","9":"first","10":"outofstock","11":"sale","12":"taxable","13":"shipping-taxable","14":"purchasable","15":"product-type-simple","16":"col-xs-6 col-sm-4","17":"col-md-3 col-lg-3","18":"un-4-cols"},"_links":{"self":[{"href":"https:\/\/shop4trac.com\/de\/wp-json\/wp\/v2\/product\/178240","targetHints":{"allow":["GET"]}}],"collection":[{"href":"https:\/\/shop4trac.com\/de\/wp-json\/wp\/v2\/product"}],"about":[{"href":"https:\/\/shop4trac.com\/de\/wp-json\/wp\/v2\/types\/product"}],"replies":[{"embeddable":true,"href":"https:\/\/shop4trac.com\/de\/wp-json\/wp\/v2\/comments?post=178240"}],"wp:featuredmedia":[{"embeddable":true,"href":"https:\/\/shop4trac.com\/de\/wp-json\/wp\/v2\/media\/176358"}],"wp:attachment":[{"href":"https:\/\/shop4trac.com\/de\/wp-json\/wp\/v2\/media?parent=178240"}],"wp:term":[{"taxonomy":"product_cat","embeddable":true,"href":"https:\/\/shop4trac.com\/de\/wp-json\/wp\/v2\/product_cat?post=178240"},{"taxonomy":"product_tag","embeddable":true,"href":"https:\/\/shop4trac.com\/de\/wp-json\/wp\/v2\/product_tag?post=178240"}],"curies":[{"name":"wp","href":"https:\/\/api.w.org\/{rel}","templated":true}]}}