{"id":17753,"date":"2020-02-29T16:46:17","date_gmt":"2020-02-29T15:46:17","guid":{"rendered":"https:\/\/shop4trac.com\/product\/filtersatz-iseki-ta-landleader\/"},"modified":"2026-03-29T16:57:43","modified_gmt":"2026-03-29T15:57:43","slug":"filter-set-iseki-ta-landleader","status":"publish","type":"product","link":"https:\/\/shop4trac.com\/de\/filter\/filter-satz\/filter-set-iseki-ta-landleader\/","title":{"rendered":"Filterkit Iseki TA Landleader | TA207 \u2013 TA287F | TA317F \u2013 TA530 | TA538 \u2013 5040"},"content":{"rendered":"<h4><b>\u2705 Filterkit | Wartungskit f\u00fcr <\/b><b>Iseki TA &amp; Landleader Traktoren<\/b><\/h4>\n<p class=\"p3\"><b>Das komplette Wartungskit f\u00fcr 500 Betriebsstunden \u2013 sofort loslegen mit Sicherheit!<\/b><b><\/b><\/p>\n<p class=\"p4\">Dieses Kit wurde sorgf\u00e4ltig f\u00fcr die Iseki <span class=\"s2\"><b>TA<\/b><\/span> und <span class=\"s2\"><b>Landleader<\/b><\/span> Traktoren zusammengestellt. Enth\u00e4lt alle wesentlichen Filter, damit Ihr Traktor reibungslos und zuverl\u00e4ssig l\u00e4uft. <\/p>\n<p><strong>Sehr wichtig! Dieses Set ist <g id=\"gid_0\">inklusive \u00d6lwannenstopfen-Kupferdichtung.<\/g> Oft wird die \u00d6lwannenstopfen-Dichtung vergessen, wodurch \u00d6lleckage entsteht. Diese sollte immer ersetzt werden!  <\/strong><\/p>\n<h3><b>Inhalt des Sets:<\/b><\/h3>\n<p class=\"p3\"><span class=\"s3\">\u2714\ufe0f <\/span><b>Luftfilter<\/b><b><\/b><\/p>\n<ul>\n<li class=\"p1\">Au\u00dfendurchmesser: <span class=\"s1\"><b>102 mm<\/b><b><\/b><\/span><\/li>\n<li class=\"p1\">Innendurchmesser: <span class=\"s1\"><b>66 mm<\/b><b><\/b><\/span><\/li>\n<li class=\"p1\">Metallanschluss (Deckplatte): <span class=\"s1\"><b>146 mm<\/b><b><\/b><\/span><\/li>\n<li class=\"p1\">L\u00e4nge: <span class=\"s1\"><b>260 mm<\/b><\/span><\/li>\n<\/ul>\n<p class=\"p3\"><span class=\"s3\">\u2714\ufe0f <\/span><b>Kraftstofffilter<\/b><b><\/b><\/p>\n<ul>\n<li class=\"p1\">Au\u00dfendurchmesser: <span class=\"s1\"><b>50 mm<\/b><b><\/b><\/span><\/li>\n<li class=\"p1\">Innendurchmesser: <span class=\"s1\"><b>20 mm<\/b><b><\/b><\/span><\/li>\n<li class=\"p1\">L\u00e4nge: <span class=\"s1\"><b>89 mm<\/b><\/span><\/li>\n<\/ul>\n<p class=\"p3\"><span class=\"s3\">\u2714\ufe0f <\/span><b>\u00d6lfilter<\/b><b><\/b><\/p>\n<ul>\n<li class=\"p4\">(Spezielles Modell, abgestimmt auf die TA\/Landleader-Reihe \u2013 passt perfekt!)<\/li>\n<\/ul>\n<p><span class=\"s2\">\u2714\ufe0f <\/span><b>\u00d6lwannen-Ablassschraube<\/b><\/p>\n<ul>\n<li>Kupferdichtung, um \u00d6lleckagen zu verhindern<\/li>\n<\/ul>\n<p>Geeignet f\u00fcr die folgenden Typen:<\/p>\n<p><strong>Iseki Landleader (inkl. F)<\/strong><\/p>\n<ul>\n<li>TA250, TA255, TA262, TA267, TA275, TA287, TA312, TA317, TA525, TA530<\/li>\n<li>TA207, TA210, TA215, TA227, TA230, TA235, TA247, TA250, TA255, TA262, TA267, TA270, TA287, TA317<\/li>\n<li>TA250F, TA255F, TA262F, TA267F, TA275F, TA287F, TA312F, TA317F, TA525F, TA530F<\/li>\n<li>TA207F, TA210F, TA215F, TA227F, TA230F, TA235F, TA247F, TA250F, TA255F, TA262F, TA267F, TA270F, TA287F, TA317F<\/li>\n<li>TA538 \u2013 TA 5040 (Deutsch).<\/li>\n<\/ul>\n<p><strong>Massey Ferguson<\/strong><\/p>\n<ul>\n<li>1250<\/li>\n<\/ul>\n<p><strong>OEM zur Referenz<\/strong><\/p>\n<ul>\n<li>6213-240-001-00, 621324000100 \u2013 <strong>\u00d6lfilter<\/strong><\/li>\n<li>1513-102-329-00, 151310232900 \u2013 <strong>Kraftstofffilter<\/strong><\/li>\n<li>1560-103-202-40, 156010320240 \u2013 <strong>Luftfilter<\/strong><\/li>\n<\/ul>\n","protected":false},"excerpt":{"rendered":"<p>\u2705 Filterkit | Wartungskit f\u00fcr Iseki TA &amp; Landleader Traktoren Das komplette Wartungskit f\u00fcr 500 Betriebsstunden \u2013 sofort loslegen mit Sicherheit! Dieses Kit wurde sorgf\u00e4ltig f\u00fcr die Iseki TA und Landleader Traktoren zusammengestellt. Enth\u00e4lt alle wesentlichen Filter, damit Ihr Traktor reibungslos und zuverl\u00e4ssig l\u00e4uft. Sehr wichtig! Dieses Set ist inklusive \u00d6lwannenstopfen-Kupferdichtung. Oft wird die \u00d6lwannenstopfen-Dichtung&hellip;<\/p>\n","protected":false},"featured_media":182391,"comment_status":"open","ping_status":"closed","template":"","meta":[],"product_cat":[382],"product_tag":[3895],"class_list":{"0":"post-17753","1":"product","2":"type-product","3":"status-publish","4":"has-post-thumbnail","6":"product_cat-filter-satz","7":"product_tag-snelparts-de","8":"pa_merk-iseki-de","9":"pa_merk-massey-ferguson-de","11":"first","12":"instock","13":"sale","14":"taxable","15":"shipping-taxable","16":"purchasable","17":"product-type-simple","18":"col-xs-6 col-sm-4","19":"col-md-3 col-lg-3","20":"un-4-cols"},"_links":{"self":[{"href":"https:\/\/shop4trac.com\/de\/wp-json\/wp\/v2\/product\/17753","targetHints":{"allow":["GET"]}}],"collection":[{"href":"https:\/\/shop4trac.com\/de\/wp-json\/wp\/v2\/product"}],"about":[{"href":"https:\/\/shop4trac.com\/de\/wp-json\/wp\/v2\/types\/product"}],"replies":[{"embeddable":true,"href":"https:\/\/shop4trac.com\/de\/wp-json\/wp\/v2\/comments?post=17753"}],"wp:featuredmedia":[{"embeddable":true,"href":"https:\/\/shop4trac.com\/de\/wp-json\/wp\/v2\/media\/182391"}],"wp:attachment":[{"href":"https:\/\/shop4trac.com\/de\/wp-json\/wp\/v2\/media?parent=17753"}],"wp:term":[{"taxonomy":"product_cat","embeddable":true,"href":"https:\/\/shop4trac.com\/de\/wp-json\/wp\/v2\/product_cat?post=17753"},{"taxonomy":"product_tag","embeddable":true,"href":"https:\/\/shop4trac.com\/de\/wp-json\/wp\/v2\/product_tag?post=17753"}],"curies":[{"name":"wp","href":"https:\/\/api.w.org\/{rel}","templated":true}]}}