{"id":17752,"date":"2020-02-29T16:46:17","date_gmt":"2020-02-29T15:46:17","guid":{"rendered":"https:\/\/shop4trac.com\/product\/filtersatz-iseki-tm-txg\/"},"modified":"2026-04-02T12:35:57","modified_gmt":"2026-04-02T11:35:57","slug":"filtersatz-iseki-tm-txg","status":"publish","type":"product","link":"https:\/\/shop4trac.com\/de\/filter\/filter-satz\/filtersatz-iseki-tm-txg\/","title":{"rendered":"Filterkit Iseki TM15 \u2013 TM3240 | TXG23 \u2013 tXG237 | SIAL153 \u2013 SIAL 173 | SXG17 \u2013 SXG22 | SGR17 \u2013 SGR22"},"content":{"rendered":"<p class=\"p1\"><span class=\"s1\">\u2705 <\/span><b>Filterkit | Wartungskit f\u00fcr Iseki TM \/ TXG \/ TH \/ TF Traktoren<\/b><b><\/b><\/p>\n<p class=\"p3\">Kompakte Kraft, zuverl\u00e4ssiger Schutz \u2013 alles, was Sie f\u00fcr eine problemlose Wartung Ihres Iseki-Traktors ben\u00f6tigen.<\/p>\n<p class=\"p3\">Dieses Wartungskit wurde sorgf\u00e4ltig f\u00fcr die modernen TM-, TXG-, TH- und TF-Serien zusammengestellt. Ideal f\u00fcr die regelm\u00e4\u00dfige Wartung oder die gro\u00dfe Inspektion. <\/p>\n<p class=\"p3\">\u2e3b<\/p>\n<p class=\"p1\"><span class=\"s1\">? <\/span><b>Inhalt des Kits:<\/b><b><\/b><\/p>\n<p class=\"p1\"><span class=\"s1\">\u2714\ufe0f <\/span><b>\u00d6lfilter<\/b><b><\/b><\/p>\n<p class=\"p3\">(passend f\u00fcr TM \/ TXG \/ TH \/ TF \u2013 abh\u00e4ngig vom Modell)<\/p>\n<p class=\"p1\"><span class=\"s1\">\u2714\ufe0f <\/span><b>Kraftstofffilter<\/b><b><\/b><\/p>\n<ul>\n<li class=\"p3\">Au\u00dfendurchmesser: 35 mm<\/li>\n<li class=\"p3\">Innendurchmesser: 12 mm<\/li>\n<li class=\"p3\">L\u00e4nge: 70 mm<\/li>\n<\/ul>\n<p class=\"p1\"><span class=\"s1\">\u2714\ufe0f <\/span><b>Luftfilter<\/b><b><\/b><\/p>\n<ul>\n<li class=\"p3\">Au\u00dfendurchmesser: 95 mm<\/li>\n<li class=\"p3\">Innendurchmesser: 45 mm<\/li>\n<li class=\"p3\">L\u00e4nge: 180 mm<\/li>\n<\/ul>\n<p><strong>Iseki<\/strong><\/p>\n<ul>\n<li>TM15, TM17<\/li>\n<li>TM215, TM217, TM223<\/li>\n<li>TM3160, TM3200, TM3215, TM3240<\/li>\n<li>TXG23, TXG237<\/li>\n<li>SXG19, SXG22<\/li>\n<li>SGR17, SGR19, SGR22<\/li>\n<li>Sial Hunter TH18<\/li>\n<li>SIAL 153, SIAL 173, TF153, TF173<\/li>\n<\/ul>\n<p><strong>OEM zur Referenz<\/strong><\/p>\n<ul>\n<li>1415-102-011-00 \/ 1415-102-0110-0 \/ 141510201100<\/li>\n<li>1672-105-211-00 \/ 1672-105-2110-0 \/ 167210521100<\/li>\n<\/ul>\n","protected":false},"excerpt":{"rendered":"<p>\u2705 Filterkit | Wartungskit f\u00fcr Iseki TM \/ TXG \/ TH \/ TF Traktoren Kompakte Kraft, zuverl\u00e4ssiger Schutz \u2013 alles, was Sie f\u00fcr eine problemlose Wartung Ihres Iseki-Traktors ben\u00f6tigen. Dieses Wartungskit wurde sorgf\u00e4ltig f\u00fcr die modernen TM-, TXG-, TH- und TF-Serien zusammengestellt. Ideal f\u00fcr die regelm\u00e4\u00dfige Wartung oder die gro\u00dfe Inspektion. \u2e3b ? Inhalt des&hellip;<\/p>\n","protected":false},"featured_media":31996,"comment_status":"open","ping_status":"closed","template":"","meta":[],"product_cat":[382],"product_tag":[3895],"class_list":{"0":"post-17752","1":"product","2":"type-product","3":"status-publish","4":"has-post-thumbnail","6":"product_cat-filter-satz","7":"product_tag-snelparts-de","8":"pa_merk-iseki-de","10":"first","11":"instock","12":"sale","13":"taxable","14":"shipping-taxable","15":"purchasable","16":"product-type-simple","17":"col-xs-6 col-sm-4","18":"col-md-3 col-lg-3","19":"un-4-cols"},"_links":{"self":[{"href":"https:\/\/shop4trac.com\/de\/wp-json\/wp\/v2\/product\/17752","targetHints":{"allow":["GET"]}}],"collection":[{"href":"https:\/\/shop4trac.com\/de\/wp-json\/wp\/v2\/product"}],"about":[{"href":"https:\/\/shop4trac.com\/de\/wp-json\/wp\/v2\/types\/product"}],"replies":[{"embeddable":true,"href":"https:\/\/shop4trac.com\/de\/wp-json\/wp\/v2\/comments?post=17752"}],"wp:featuredmedia":[{"embeddable":true,"href":"https:\/\/shop4trac.com\/de\/wp-json\/wp\/v2\/media\/31996"}],"wp:attachment":[{"href":"https:\/\/shop4trac.com\/de\/wp-json\/wp\/v2\/media?parent=17752"}],"wp:term":[{"taxonomy":"product_cat","embeddable":true,"href":"https:\/\/shop4trac.com\/de\/wp-json\/wp\/v2\/product_cat?post=17752"},{"taxonomy":"product_tag","embeddable":true,"href":"https:\/\/shop4trac.com\/de\/wp-json\/wp\/v2\/product_tag?post=17752"}],"curies":[{"name":"wp","href":"https:\/\/api.w.org\/{rel}","templated":true}]}}