{"id":17751,"date":"2020-02-29T16:46:17","date_gmt":"2020-02-29T15:46:17","guid":{"rendered":"https:\/\/shop4trac.com\/product\/filtersatz-iseki-tu-tx\/"},"modified":"2026-04-01T18:40:37","modified_gmt":"2026-04-01T17:40:37","slug":"filtersatz-iseki-tu-tx","status":"publish","type":"product","link":"https:\/\/shop4trac.com\/de\/filter\/filter-satz\/filtersatz-iseki-tu-tx\/","title":{"rendered":"Filterkit Iseki TX1210 \u2013 TX2160 | Bolens G152 \u2013 G174 | H1704"},"content":{"rendered":"<h4><b>\u2705 Filterkit | Wartungskit f\u00fcr <\/b><b>Iseki TU &amp; TX Traktoren<\/b><\/h4>\n<p class=\"p3\"><b>Kompakte Leistung \u2013 zuverl\u00e4ssige Filter f\u00fcr Ihren Iseki.<\/b><b><\/b><\/p>\n<p class=\"p4\">Dieses Wartungsset wurde sorgf\u00e4ltig f\u00fcr Traktoren der Iseki TU- und TX-Serie zusammengestellt. Ideal f\u00fcr die regelm\u00e4\u00dfige Wartung oder die gro\u00dfe Inspektion, mit Filtern, die perfekt zu Ihrem japanischen Traktor passen. <\/p>\n<p><strong>Sehr wichtig! Dieses Set beinhaltet eine \u00d6lwannen-Ablassschraube mit Kupferring. Oft wird die Dichtung der \u00d6lwanne vergessen, was zu \u00d6lverlust f\u00fchren kann. Diese sollte immer ausgetauscht werden!   <\/strong><\/p>\n<h3><b>Inhalt des Sets:<\/b><\/h3>\n<p class=\"p3\"><span class=\"s2\">\u2714\ufe0f <\/span><b>\u00d6lfilter<\/b><b><\/b><\/p>\n<p class=\"p4\"><i>(Spezifikationen abh\u00e4ngig vom Modell \u2013 passend f\u00fcr TU &amp; TX-Serie)<\/i><i><\/i><\/p>\n<p class=\"p3\"><span class=\"s2\">\u2714\ufe0f <\/span><b>Kraftstofffilter<\/b><b><\/b><\/p>\n<ul>\n<li class=\"p1\">Au\u00dfendurchmesser: <span class=\"s1\"><b>29 mm<\/b><b><\/b><\/span><\/li>\n<li class=\"p1\">Innendurchmesser: <span class=\"s1\"><b>13 mm<\/b><b><\/b><\/span><\/li>\n<li class=\"p1\">L\u00e4nge: <span class=\"s1\"><b>58 mm<\/b><\/span><\/li>\n<\/ul>\n<p class=\"p3\"><span class=\"s2\">\u2714\ufe0f <\/span><b>Luftfilter<\/b><b><\/b><\/p>\n<ul>\n<li class=\"p1\">L\u00e4nge: <span class=\"s1\"><b>185 mm<\/b><b><\/b><\/span><\/li>\n<li class=\"p1\">(ca. <span class=\"s1\"><b>7.25\u201d Zoll<\/b><\/span> L\u00e4nge)<\/li>\n<\/ul>\n<p><span class=\"s2\">\u2714\ufe0f <\/span><b>\u00d6lwannen-Ablassschraube<\/b><\/p>\n<ul>\n<li>Kupferdichtung, um \u00d6lleckagen zu verhindern<\/li>\n<\/ul>\n<p><strong>Iseki<\/strong><\/p>\n<ul>\n<li>TU1400, TU1400F TU1500, TU1500F TU1600, TU1600F TU1401, TU1501, TU1601<\/li>\n<li>TX145, TX155, TX144F, TX155F<\/li>\n<li>TX1210, TX1410, TX1410F TX1510, TX1510F (Beachten Sie die L\u00e4nge des Luftfilters)<\/li>\n<li>TX2140, TX2160<\/li>\n<\/ul>\n<p><strong>Mitsubishi <\/strong><\/p>\n<ul>\n<li>MT160, MT180<\/li>\n<\/ul>\n<p><strong>Bolens<\/strong><\/p>\n<ul>\n<li>H1704, G152, G154, G172, G174<\/li>\n<\/ul>\n<p><strong>Wei\u00dfes Feld Boss<\/strong><\/p>\n<ul>\n<li>FB16<\/li>\n<\/ul>\n<p><strong>OEM zur Referenz<\/strong><\/p>\n<ul>\n<li>5650-040-4879-0, 565004048790 \u2013 <strong>Kraftstofffilter<\/strong><\/li>\n<li>142710128400, 1427-101-2840-0 \u2013 <strong>Luftfilter<\/strong><\/li>\n<li>5669-665-4000-0, 566966540000 \u2013 <strong>Motor\u00f6lfilter<\/strong><\/li>\n<\/ul>\n","protected":false},"excerpt":{"rendered":"<p>\u2705 Filterkit | Wartungskit f\u00fcr Iseki TU &amp; TX Traktoren Kompakte Leistung \u2013 zuverl\u00e4ssige Filter f\u00fcr Ihren Iseki. Dieses Wartungsset wurde sorgf\u00e4ltig f\u00fcr Traktoren der Iseki TU- und TX-Serie zusammengestellt. Ideal f\u00fcr die regelm\u00e4\u00dfige Wartung oder die gro\u00dfe Inspektion, mit Filtern, die perfekt zu Ihrem japanischen Traktor passen. Sehr wichtig! Dieses Set beinhaltet eine \u00d6lwannen-Ablassschraube&hellip;<\/p>\n","protected":false},"featured_media":181938,"comment_status":"open","ping_status":"closed","template":"","meta":[],"product_cat":[382],"product_tag":[3895],"class_list":{"0":"post-17751","1":"product","2":"type-product","3":"status-publish","4":"has-post-thumbnail","6":"product_cat-filter-satz","7":"product_tag-snelparts-de","8":"pa_merk-bolens-de","9":"pa_merk-iseki-de","11":"first","12":"instock","13":"sale","14":"featured","15":"taxable","16":"shipping-taxable","17":"purchasable","18":"product-type-simple","19":"col-xs-6 col-sm-4","20":"col-md-3 col-lg-3","21":"un-4-cols"},"_links":{"self":[{"href":"https:\/\/shop4trac.com\/de\/wp-json\/wp\/v2\/product\/17751","targetHints":{"allow":["GET"]}}],"collection":[{"href":"https:\/\/shop4trac.com\/de\/wp-json\/wp\/v2\/product"}],"about":[{"href":"https:\/\/shop4trac.com\/de\/wp-json\/wp\/v2\/types\/product"}],"replies":[{"embeddable":true,"href":"https:\/\/shop4trac.com\/de\/wp-json\/wp\/v2\/comments?post=17751"}],"wp:featuredmedia":[{"embeddable":true,"href":"https:\/\/shop4trac.com\/de\/wp-json\/wp\/v2\/media\/181938"}],"wp:attachment":[{"href":"https:\/\/shop4trac.com\/de\/wp-json\/wp\/v2\/media?parent=17751"}],"wp:term":[{"taxonomy":"product_cat","embeddable":true,"href":"https:\/\/shop4trac.com\/de\/wp-json\/wp\/v2\/product_cat?post=17751"},{"taxonomy":"product_tag","embeddable":true,"href":"https:\/\/shop4trac.com\/de\/wp-json\/wp\/v2\/product_tag?post=17751"}],"curies":[{"name":"wp","href":"https:\/\/api.w.org\/{rel}","templated":true}]}}