{"id":17749,"date":"2020-02-29T16:46:17","date_gmt":"2020-02-29T15:46:17","guid":{"rendered":"https:\/\/shop4trac.com\/product\/filtersatz-iseki-tx-2-cylinder-type1\/"},"modified":"2026-03-10T12:35:20","modified_gmt":"2026-03-10T11:35:20","slug":"filter-set-iseki-tx-2-zylinder-typ1","status":"publish","type":"product","link":"https:\/\/shop4trac.com\/de\/filter\/filter-satz\/filter-set-iseki-tx-2-zylinder-typ1\/","title":{"rendered":"Filterkit Iseki TX 1000 \u2013 TX1500 | Bolens | alte Variante"},"content":{"rendered":"<p>Sorgf\u00e4ltig zusammengestellter Wartungssatz f\u00fcr Iseki TU, TX &amp; Bolens Traktoren<\/p>\n<p><span style=\"text-decoration: underline;\"><strong>Sehr wichtig! Dieses Set beinhaltet eine \u00d6lwannen-Ablassschraube mit Kupferring. Oft wird die Dichtung der \u00d6lwanne vergessen, was zu \u00d6lverlust f\u00fchren kann. Diese sollte immer ausgetauscht werden!   <\/strong><\/span><\/p>\n<p>Bestehend aus:<\/p>\n<p>\u2013 \u00d6lfilter<br \/>\n \u2013 Kraftstofffilter (L\u00e4nge 58 mm)<br \/>\n \u2013 Luftfilter (L\u00e4nge <strong>166 mm<\/strong> \/ <strong>6,375 Zoll<\/strong> )<\/p>\n<p>Geeignet f\u00fcr die folgenden Typen:<\/p>\n<ul>\n<li>Iseki TX1000, TX1210, TX1300, TX1500, TX1000F, TX1210F, TX1300F, TX1500F<\/li>\n<\/ul>\n<p><strong>Hinweis f\u00fcr die unten nur mit dem k\u00fcrzeren 6,375\u2033 oder 166mm Luftfilter!<\/strong><\/p>\n<ul>\n<li>TX2140, TX2160, TX1410, TX1510 (mit kurzem Luftfilter)<\/li>\n<\/ul>\n<p><strong>Wei\u00dfes Feld Boss<\/strong><\/p>\n<ul>\n<li>FB16,<\/li>\n<\/ul>\n<p><strong>Bolens<\/strong><\/p>\n<ul>\n<li>H1704, G152, G154, G172, G174<\/li>\n<\/ul>\n<p><strong>OEM zur Referenz<\/strong><\/p>\n<ul>\n<li>1427-101-0140-0 5650-040-487-90, 5650-040-9365-0<\/li>\n<\/ul>\n","protected":false},"excerpt":{"rendered":"<p>Sorgf\u00e4ltig zusammengestellter Wartungssatz f\u00fcr Iseki TU, TX &amp; Bolens Traktoren Sehr wichtig! Dieses Set beinhaltet eine \u00d6lwannen-Ablassschraube mit Kupferring. Oft wird die Dichtung der \u00d6lwanne vergessen, was zu \u00d6lverlust f\u00fchren kann. Diese sollte immer ausgetauscht werden! Bestehend aus: \u2013 \u00d6lfilter \u2013 Kraftstofffilter (L\u00e4nge 58 mm) \u2013 Luftfilter (L\u00e4nge 166 mm \/ 6,375 Zoll ) Geeignet&hellip;<\/p>\n","protected":false},"featured_media":181961,"comment_status":"open","ping_status":"closed","template":"","meta":[],"product_cat":[382],"product_tag":[2763,2770,3895],"class_list":{"0":"post-17749","1":"product","2":"type-product","3":"status-publish","4":"has-post-thumbnail","6":"product_cat-filter-satz","7":"product_tag-ke70-de","8":"product_tag-ke75-de","9":"product_tag-snelparts-de","10":"pa_merk-bolens-de","11":"pa_merk-iseki-de","12":"pa_merk-white-field-boss-de","13":"pa_motor-ke70-de","14":"pa_motor-ke75-de","16":"first","17":"instock","18":"sale","19":"taxable","20":"shipping-taxable","21":"purchasable","22":"product-type-simple","23":"col-xs-6 col-sm-4","24":"col-md-3 col-lg-3","25":"un-4-cols"},"_links":{"self":[{"href":"https:\/\/shop4trac.com\/de\/wp-json\/wp\/v2\/product\/17749","targetHints":{"allow":["GET"]}}],"collection":[{"href":"https:\/\/shop4trac.com\/de\/wp-json\/wp\/v2\/product"}],"about":[{"href":"https:\/\/shop4trac.com\/de\/wp-json\/wp\/v2\/types\/product"}],"replies":[{"embeddable":true,"href":"https:\/\/shop4trac.com\/de\/wp-json\/wp\/v2\/comments?post=17749"}],"wp:featuredmedia":[{"embeddable":true,"href":"https:\/\/shop4trac.com\/de\/wp-json\/wp\/v2\/media\/181961"}],"wp:attachment":[{"href":"https:\/\/shop4trac.com\/de\/wp-json\/wp\/v2\/media?parent=17749"}],"wp:term":[{"taxonomy":"product_cat","embeddable":true,"href":"https:\/\/shop4trac.com\/de\/wp-json\/wp\/v2\/product_cat?post=17749"},{"taxonomy":"product_tag","embeddable":true,"href":"https:\/\/shop4trac.com\/de\/wp-json\/wp\/v2\/product_tag?post=17749"}],"curies":[{"name":"wp","href":"https:\/\/api.w.org\/{rel}","templated":true}]}}