{"id":17745,"date":"2020-02-29T16:46:18","date_gmt":"2020-02-29T15:46:18","guid":{"rendered":"https:\/\/shop4trac.com\/product\/filtersatz-kubota-b-serie\/"},"modified":"2026-04-07T13:36:12","modified_gmt":"2026-04-07T12:36:12","slug":"filtersatz-kubota-b-serie","status":"publish","type":"product","link":"https:\/\/shop4trac.com\/de\/filter\/filter-satz\/filtersatz-kubota-b-serie\/","title":{"rendered":"Filterkit Kubota B6001 \u2013 B7001 | B7100 \u2013 B6100 | Zen-noh ZB6001 \u2013 ZB7001"},"content":{"rendered":"<p>Sorgf\u00e4ltig zusammengestelltes Wartungsset f\u00fcr Kubota B-Serie:<\/p>\n<p><strong>Sehr wichtig! Dieses Set ist <span style=\"text-decoration: underline;\">inklusive<\/span> Kupferdichtung f\u00fcr die \u00d6lablassschraube. Oft wird die Dichtung der \u00d6lablassschraube vergessen, was zu \u00d6llecks f\u00fchrt. Diese muss immer ersetzt werden!   <\/strong><\/p>\n<p>Dies ist also ein komplettes Set, um dein Motor\u00f6l ganz einfach zu wechseln.<\/p>\n<p>Bestehend aus:<\/p>\n<ul>\n<li>\u00d6lfilter<\/li>\n<li>Kraftstofffilter\n<ul>\n<li>Au\u00dfendurchmesser: 29 mm<br \/>\n Innendurchmesser: 13 mm<br \/>\n L\u00e4nge: 84 mm<\/li>\n<\/ul>\n<\/li>\n<li>Luftfilter\n<ul>\n<li><strong>\u00c4u\u00dferer<\/strong> Durchmesser: 83 mm<\/li>\n<li><strong>L\u00e4nge<\/strong>: 185mm \/ 7.25\u2033<\/li>\n<\/ul>\n<\/li>\n<li>Karterstopfen-Dichtung \u2013 Kupferdichtung<\/li>\n<\/ul>\n<p>Geeignet f\u00fcr die folgenden Typen:<\/p>\n<p><strong>Kubota<\/strong><\/p>\n<ul>\n<li style=\"list-style-type: none;\">\n<ul>\n<li>B6001, B6100, B7000, B7001, B7100, B1200, B1400, B1402, B1500, B1502, B1600, B1702<\/li>\n<li>B4200, B6200 HST, B7200 HST, B8200 HST<\/li>\n<li>B1-14, B1-15, B1-16, B1-17<\/li>\n<li>XB1<\/li>\n<\/ul>\n<\/li>\n<\/ul>\n<p><strong>Zen-Noh<\/strong><\/p>\n<ul>\n<li>ZB6001, ZB7000, ZB7001<\/li>\n<li>ZB1200, ZB1400, ZB1402, B1500, ZB1502, ZB1600, ZB1702<\/li>\n<\/ul>\n<p><strong>OEM zur Referenz<\/strong><\/p>\n<ul>\n<li>15241-3209-2, 15241-32092 \u2013 <strong>\u00d6LFILTER<\/strong><\/li>\n<li>15221-1122-3, 15221-11223 \u2013 <strong>Luftfilter<\/strong><\/li>\n<li>15231-4356-3, 15231-43563 \u2013 <strong>Kraftstofffilter<\/strong><\/li>\n<\/ul>\n<p>&nbsp;<\/p>\n","protected":false},"excerpt":{"rendered":"<p>Sorgf\u00e4ltig zusammengestelltes Wartungsset f\u00fcr Kubota B-Serie: Sehr wichtig! Dieses Set ist inklusive Kupferdichtung f\u00fcr die \u00d6lablassschraube. Oft wird die Dichtung der \u00d6lablassschraube vergessen, was zu \u00d6llecks f\u00fchrt. Diese muss immer ersetzt werden! Dies ist also ein komplettes Set, um dein Motor\u00f6l ganz einfach zu wechseln. Bestehend aus: \u00d6lfilter Kraftstofffilter Au\u00dfendurchmesser: 29 mm Innendurchmesser: 13 mm&hellip;<\/p>\n","protected":false},"featured_media":183082,"comment_status":"open","ping_status":"closed","template":"","meta":[],"product_cat":[382],"product_tag":[3895],"class_list":{"0":"post-17745","1":"product","2":"type-product","3":"status-publish","4":"has-post-thumbnail","6":"product_cat-filter-satz","7":"product_tag-snelparts-de","8":"pa_merk-kubota-de","9":"pa_merk-zen-noh-de","11":"first","12":"instock","13":"sale","14":"taxable","15":"shipping-taxable","16":"purchasable","17":"product-type-simple","18":"col-xs-6 col-sm-4","19":"col-md-3 col-lg-3","20":"un-4-cols"},"_links":{"self":[{"href":"https:\/\/shop4trac.com\/de\/wp-json\/wp\/v2\/product\/17745","targetHints":{"allow":["GET"]}}],"collection":[{"href":"https:\/\/shop4trac.com\/de\/wp-json\/wp\/v2\/product"}],"about":[{"href":"https:\/\/shop4trac.com\/de\/wp-json\/wp\/v2\/types\/product"}],"replies":[{"embeddable":true,"href":"https:\/\/shop4trac.com\/de\/wp-json\/wp\/v2\/comments?post=17745"}],"wp:featuredmedia":[{"embeddable":true,"href":"https:\/\/shop4trac.com\/de\/wp-json\/wp\/v2\/media\/183082"}],"wp:attachment":[{"href":"https:\/\/shop4trac.com\/de\/wp-json\/wp\/v2\/media?parent=17745"}],"wp:term":[{"taxonomy":"product_cat","embeddable":true,"href":"https:\/\/shop4trac.com\/de\/wp-json\/wp\/v2\/product_cat?post=17745"},{"taxonomy":"product_tag","embeddable":true,"href":"https:\/\/shop4trac.com\/de\/wp-json\/wp\/v2\/product_tag?post=17745"}],"curies":[{"name":"wp","href":"https:\/\/api.w.org\/{rel}","templated":true}]}}