{"id":17744,"date":"2020-02-29T16:46:18","date_gmt":"2020-02-29T15:46:18","guid":{"rendered":"https:\/\/shop4trac.com\/product\/filtersatz-kubota-gl\/"},"modified":"2026-03-02T16:15:16","modified_gmt":"2026-03-02T15:15:16","slug":"filter-set-kubota-gl","status":"publish","type":"product","link":"https:\/\/shop4trac.com\/de\/filter\/filter-satz\/filter-set-kubota-gl\/","title":{"rendered":"Filterkit Kubota GL19 \u2013 GL32 | Hinomoto NX19 \u2013 NX32"},"content":{"rendered":"<h4><b>\u2705 Wartungsset f\u00fcr <\/b><b>Kubota GL19 \u2013 GL32 Serie <\/b><b>&amp; <\/b><b>Hinomoto NX19 \u2013 NX32-Serie<\/b><\/h4>\n<p class=\"p3\"><b>Komplettes Filtersatz \u2013 500 Betriebsstunden Service auf einmal erledigt!<\/b><b><\/b><\/p>\n<p><strong>Sehr wichtig! Dieses Set beinhaltet eine \u00d6lwannen-Ablassschraube mit Kupferring. Oft wird die Dichtung der \u00d6lwanne vergessen, was zu \u00d6lverlust f\u00fchren kann. Diese sollte immer ausgetauscht werden!   <\/strong><\/p>\n<p class=\"p4\">Halte deinen Traktor in Top-Zustand mit diesem leistungsstarken Wartungsset. Ausgestattet mit hochwertigen Filtern, speziell zusammengestellt f\u00fcr die <span class=\"s2\"><b>Kubota GL-Modelle<\/b><\/span> und die beliebte <span class=\"s2\"><b>Hinomoto NX-Serie<\/b><\/span>. Geeignet f\u00fcr den professionellen Einsatz und Hobbybauern. ?? <\/p>\n<hr>\n<h5><b>Inhalt des Sets:<\/b><\/h5>\n<p class=\"p3\"><span class=\"s3\">\u2714\ufe0f <\/span><b>\u00d6lfilter<\/b><b><\/b><\/p>\n<p class=\"p3\"><span class=\"s3\">\u2714\ufe0f <\/span><b>Kraftstofffilter<\/b><b><\/b><\/p>\n<ul>\n<li class=\"p1\">Au\u00dfendurchmesser: <span class=\"s1\"><b>50\u202fmm<\/b><b><\/b><\/span><\/li>\n<li class=\"p1\">Innendurchmesser: <span class=\"s1\"><b>20\u202fmm<\/b><b><\/b><\/span><\/li>\n<li class=\"p1\">L\u00e4nge: <span class=\"s1\"><b>89\u202fmm<\/b><\/span><\/li>\n<\/ul>\n<p class=\"p3\"><span class=\"s3\">\u2714\ufe0f <\/span><b>Luftfilter<\/b><b><\/b><\/p>\n<ul>\n<li class=\"p1\">Au\u00dfendurchmesser: <span class=\"s1\"><b>102 mm<\/b><b><\/b><\/span><\/li>\n<li class=\"p1\">Innendurchmesser: <span class=\"s1\"><b>66 mm<\/b><b><\/b><\/span><\/li>\n<li class=\"p1\">L\u00e4nge: <span class=\"s1\"><b>260 mm<\/b><\/span><\/li>\n<\/ul>\n<p><span class=\"s3\">\u2714\ufe0f inklusive Kurbelgeh\u00e4use-Ablassschraubendichtung<\/span><\/p>\n<hr>\n<h5><b>\u2705 Geeignet f\u00fcr folgende Modelle:<\/b><\/h5>\n<p><strong>Kubota<\/strong><\/p>\n<ul>\n<li>GL19, GL21, GL23, GL25, GL26, GL27, GL29, GL32<\/li>\n<\/ul>\n<p><strong>Hinomoto<\/strong><\/p>\n<ul>\n<li>\n<p class=\"p1\">NX19, NX21, NX23, NX25, NX26, NX27, NX29, NX32<\/p>\n<\/li>\n<\/ul>\n","protected":false},"excerpt":{"rendered":"<p>\u2705 Wartungsset f\u00fcr Kubota GL19 \u2013 GL32 Serie &amp; Hinomoto NX19 \u2013 NX32-Serie Komplettes Filtersatz \u2013 500 Betriebsstunden Service auf einmal erledigt! Sehr wichtig! Dieses Set beinhaltet eine \u00d6lwannen-Ablassschraube mit Kupferring. Oft wird die Dichtung der \u00d6lwanne vergessen, was zu \u00d6lverlust f\u00fchren kann. Diese sollte immer ausgetauscht werden! Halte deinen Traktor in Top-Zustand mit diesem&hellip;<\/p>\n","protected":false},"featured_media":183128,"comment_status":"open","ping_status":"closed","template":"","meta":[],"product_cat":[382],"product_tag":[3895],"class_list":{"0":"post-17744","1":"product","2":"type-product","3":"status-publish","4":"has-post-thumbnail","6":"product_cat-filter-satz","7":"product_tag-snelparts-de","8":"pa_merk-hinomoto-de","9":"pa_merk-kubota-de","11":"first","12":"instock","13":"sale","14":"taxable","15":"shipping-taxable","16":"purchasable","17":"product-type-simple","18":"col-xs-6 col-sm-4","19":"col-md-3 col-lg-3","20":"un-4-cols"},"_links":{"self":[{"href":"https:\/\/shop4trac.com\/de\/wp-json\/wp\/v2\/product\/17744","targetHints":{"allow":["GET"]}}],"collection":[{"href":"https:\/\/shop4trac.com\/de\/wp-json\/wp\/v2\/product"}],"about":[{"href":"https:\/\/shop4trac.com\/de\/wp-json\/wp\/v2\/types\/product"}],"replies":[{"embeddable":true,"href":"https:\/\/shop4trac.com\/de\/wp-json\/wp\/v2\/comments?post=17744"}],"wp:featuredmedia":[{"embeddable":true,"href":"https:\/\/shop4trac.com\/de\/wp-json\/wp\/v2\/media\/183128"}],"wp:attachment":[{"href":"https:\/\/shop4trac.com\/de\/wp-json\/wp\/v2\/media?parent=17744"}],"wp:term":[{"taxonomy":"product_cat","embeddable":true,"href":"https:\/\/shop4trac.com\/de\/wp-json\/wp\/v2\/product_cat?post=17744"},{"taxonomy":"product_tag","embeddable":true,"href":"https:\/\/shop4trac.com\/de\/wp-json\/wp\/v2\/product_tag?post=17744"}],"curies":[{"name":"wp","href":"https:\/\/api.w.org\/{rel}","templated":true}]}}