{"id":17743,"date":"2020-02-29T16:46:18","date_gmt":"2020-02-29T15:46:18","guid":{"rendered":"https:\/\/shop4trac.com\/product\/filtersatz-kubota-b5000-5001\/"},"modified":"2026-04-04T12:56:19","modified_gmt":"2026-04-04T11:56:19","slug":"filtersatz-kubota-b5000-5001","status":"publish","type":"product","link":"https:\/\/shop4trac.com\/de\/filter\/filter-satz\/filtersatz-kubota-b5000-5001\/","title":{"rendered":"Filterkit Kubota B5000 | 5001 Zen-noh ZB5000 \u2013 ZB5001"},"content":{"rendered":"<p>Wartungskit f\u00fcr Kubota B5000\/5001 und Zen-Noh.<\/p>\n<p><strong>Sehr wichtig! Dieses Set beinhaltet eine \u00d6lwannen-Ablassschraube mit Kupferring. Oft wird die Dichtung der \u00d6lwanne vergessen, was zu \u00d6lverlust f\u00fchren kann. Diese sollte immer ausgetauscht werden!   <\/strong><\/p>\n<p>Bestehend aus:<\/p>\n<ul>\n<li>\u00d6lfilter<\/li>\n<li>Kraftstofffilter\n<ul>\n<li>Au\u00dfendurchmesser: 29 mm<br \/>\n Innendurchmesser: 13 mm<br \/>\n L\u00e4nge: 84 mm<\/li>\n<\/ul>\n<\/li>\n<li> Luftfilter<\/li>\n<\/ul>\n<p>Geeignet f\u00fcr die folgenden Typen:<\/p>\n<ul>\n<li>B5000 und B5001<\/li>\n<\/ul>\n","protected":false},"excerpt":{"rendered":"<p>Wartungskit f\u00fcr Kubota B5000\/5001 und Zen-Noh. Sehr wichtig! Dieses Set beinhaltet eine \u00d6lwannen-Ablassschraube mit Kupferring. Oft wird die Dichtung der \u00d6lwanne vergessen, was zu \u00d6lverlust f\u00fchren kann. Diese sollte immer ausgetauscht werden! Bestehend aus: \u00d6lfilter Kraftstofffilter Au\u00dfendurchmesser: 29 mm Innendurchmesser: 13 mm L\u00e4nge: 84 mm Luftfilter Geeignet f\u00fcr die folgenden Typen: B5000 und B5001<\/p>\n","protected":false},"featured_media":183093,"comment_status":"open","ping_status":"closed","template":"","meta":[],"product_cat":[382],"product_tag":[3895],"class_list":{"0":"post-17743","1":"product","2":"type-product","3":"status-publish","4":"has-post-thumbnail","6":"product_cat-filter-satz","7":"product_tag-snelparts-de","8":"pa_merk-kubota-de","9":"pa_merk-zen-noh-de","11":"first","12":"instock","13":"sale","14":"taxable","15":"shipping-taxable","16":"purchasable","17":"product-type-simple","18":"col-xs-6 col-sm-4","19":"col-md-3 col-lg-3","20":"un-4-cols"},"_links":{"self":[{"href":"https:\/\/shop4trac.com\/de\/wp-json\/wp\/v2\/product\/17743","targetHints":{"allow":["GET"]}}],"collection":[{"href":"https:\/\/shop4trac.com\/de\/wp-json\/wp\/v2\/product"}],"about":[{"href":"https:\/\/shop4trac.com\/de\/wp-json\/wp\/v2\/types\/product"}],"replies":[{"embeddable":true,"href":"https:\/\/shop4trac.com\/de\/wp-json\/wp\/v2\/comments?post=17743"}],"wp:featuredmedia":[{"embeddable":true,"href":"https:\/\/shop4trac.com\/de\/wp-json\/wp\/v2\/media\/183093"}],"wp:attachment":[{"href":"https:\/\/shop4trac.com\/de\/wp-json\/wp\/v2\/media?parent=17743"}],"wp:term":[{"taxonomy":"product_cat","embeddable":true,"href":"https:\/\/shop4trac.com\/de\/wp-json\/wp\/v2\/product_cat?post=17743"},{"taxonomy":"product_tag","embeddable":true,"href":"https:\/\/shop4trac.com\/de\/wp-json\/wp\/v2\/product_tag?post=17743"}],"curies":[{"name":"wp","href":"https:\/\/api.w.org\/{rel}","templated":true}]}}