{"id":17739,"date":"2020-02-29T16:46:18","date_gmt":"2020-02-29T15:46:18","guid":{"rendered":"https:\/\/shop4trac.com\/product\/filtersatz-yanmar-f-serie-type3\/"},"modified":"2026-03-22T19:41:42","modified_gmt":"2026-03-22T18:41:42","slug":"filtersatz-yanmar-f-serien-typ3","status":"publish","type":"product","link":"https:\/\/shop4trac.com\/de\/filter\/filter-satz\/filtersatz-yanmar-f-serien-typ3\/","title":{"rendered":"Filtersatz Yanmar F18 \u2013 F255 | FX18 \u2013 FX255"},"content":{"rendered":"<p>Wartungssatz f\u00fcr die <strong>Yanmar F-Serie<\/strong>.<\/p>\n<p>Bestehend aus:<\/p>\n<ul>\n<li>\u00d6lfilter<\/li>\n<li>Kraftstofffilter\n<ul>\n<li>Au\u00dfendurchmesser: 50 mm, Innendurchmesser: 20 mm, L\u00e4nge: 89 mm<\/li>\n<\/ul>\n<\/li>\n<li>Luftfilter\n<ul>\n<li>Au\u00dfendurchmesser: 104 mm, L\u00e4nge: 254 mm<\/li>\n<\/ul>\n<\/li>\n<\/ul>\n<p>Passend f\u00fcr folgende Typen:<\/p>\n<ul>\n<li>Yanmar F18, F20, F22, F24, F26, F28, F32, F37, F42, F215, F235, F255<\/li>\n<li>Yanmar FX18, FX20, FX22, FX24, FX26, FX32, FX38, FX42, FX215, FX235, FX255<\/li>\n<li>FX28, FX28D, FX32, FX32D, FX42, FX42D, FX285, FX285D, FX305, FX305D, FX335<\/li>\n<\/ul>\n<p><strong>OEM als Referenz:<\/strong><\/p>\n<ul>\n<li>119660-35150, 124450-35100, 129150-35150, 121256-12510<\/li>\n<li>121253-12510, 121120-12901, 129150-12510, 129100-55650, 129155-55700<\/li>\n<\/ul>\n","protected":false},"excerpt":{"rendered":"<p>Wartungssatz f\u00fcr die Yanmar F-Serie. Bestehend aus: \u00d6lfilter Kraftstofffilter Au\u00dfendurchmesser: 50 mm, Innendurchmesser: 20 mm, L\u00e4nge: 89 mm Luftfilter Au\u00dfendurchmesser: 104 mm, L\u00e4nge: 254 mm Passend f\u00fcr folgende Typen: Yanmar F18, F20, F22, F24, F26, F28, F32, F37, F42, F215, F235, F255 Yanmar FX18, FX20, FX22, FX24, FX26, FX32, FX38, FX42, FX215, FX235, FX255 FX28,&hellip;<\/p>\n","protected":false},"featured_media":148917,"comment_status":"open","ping_status":"open","template":"","meta":[],"product_cat":[382],"product_tag":[3895],"class_list":{"0":"post-17739","1":"product","2":"type-product","3":"status-publish","4":"has-post-thumbnail","6":"product_cat-filter-satz","7":"product_tag-snelparts-de","8":"pa_merk-yanmar-de","10":"first","11":"instock","12":"taxable","13":"shipping-taxable","14":"purchasable","15":"product-type-simple","16":"col-xs-6 col-sm-4","17":"col-md-3 col-lg-3","18":"un-4-cols"},"_links":{"self":[{"href":"https:\/\/shop4trac.com\/de\/wp-json\/wp\/v2\/product\/17739","targetHints":{"allow":["GET"]}}],"collection":[{"href":"https:\/\/shop4trac.com\/de\/wp-json\/wp\/v2\/product"}],"about":[{"href":"https:\/\/shop4trac.com\/de\/wp-json\/wp\/v2\/types\/product"}],"replies":[{"embeddable":true,"href":"https:\/\/shop4trac.com\/de\/wp-json\/wp\/v2\/comments?post=17739"}],"wp:featuredmedia":[{"embeddable":true,"href":"https:\/\/shop4trac.com\/de\/wp-json\/wp\/v2\/media\/148917"}],"wp:attachment":[{"href":"https:\/\/shop4trac.com\/de\/wp-json\/wp\/v2\/media?parent=17739"}],"wp:term":[{"taxonomy":"product_cat","embeddable":true,"href":"https:\/\/shop4trac.com\/de\/wp-json\/wp\/v2\/product_cat?post=17739"},{"taxonomy":"product_tag","embeddable":true,"href":"https:\/\/shop4trac.com\/de\/wp-json\/wp\/v2\/product_tag?post=17739"}],"curies":[{"name":"wp","href":"https:\/\/api.w.org\/{rel}","templated":true}]}}