{"id":17723,"date":"2020-02-29T16:48:05","date_gmt":"2020-02-29T15:48:05","guid":{"rendered":"https:\/\/shop4trac.com\/product\/filtersatz-kubota-x20-x24\/"},"modified":"2026-02-03T11:54:57","modified_gmt":"2026-02-03T10:54:57","slug":"filterset-kubota-x20-x24","status":"publish","type":"product","link":"https:\/\/shop4trac.com\/de\/filter\/filter-satz\/filterset-kubota-x20-x24\/","title":{"rendered":"Filterkit Kubota X20 | X24 Saturn"},"content":{"rendered":"<h4><b>\u2705 Filterkit f\u00fcr Kubota X Saturn \u2013 X20 &amp; X24<\/b><\/h4>\n<p class=\"p3\"><b>Komplettpaket f\u00fcr 500 Betriebsstunden \u2013 Wartung ohne Sorgen!<\/b><b><\/b><\/p>\n<p><strong>Sehr wichtig! Dieses Set beinhaltet eine \u00d6lwannen-Ablassschraube mit Kupferring. Oft wird die Dichtung der \u00d6lwanne vergessen, was zu \u00d6lverlust f\u00fchren kann. Diese sollte immer ausgetauscht werden!   <\/strong><\/p>\n<p class=\"p4\">Dieses Set wurde speziell f\u00fcr die <span class=\"s2\"><b>Kubota Saturn X20<\/b><\/span> und <span class=\"s2\"><b>X24<\/b><\/span> Traktoren zusammengestellt. Mit diesen hochwertigen Filtern bleibt die Leistung Ihres Motors erhalten. Keine Suche nach Einzelteilen \u2013 alles auf einmal erledigt.  <\/p>\n<hr>\n<h5><b>Inhalt des Sets:<\/b><\/h5>\n<p class=\"p3\"><span class=\"s3\">\u2714\ufe0f <\/span><b>\u00d6lfilter<\/b><b><\/b><\/p>\n<p class=\"p3\"><span class=\"s3\">\u2714\ufe0f <\/span><b>Kraftstofffilter<\/b><b><\/b><\/p>\n<ul>\n<li class=\"p1\">Au\u00dfendurchmesser: <span class=\"s1\"><b>35 mm<\/b><b><\/b><\/span><\/li>\n<li class=\"p1\">Innendurchmesser: <span class=\"s1\"><b>11,2\u202fmm<\/b><b><\/b><\/span><\/li>\n<li class=\"p1\">L\u00e4nge: <span class=\"s1\"><b>90 mm<\/b><\/span><\/li>\n<\/ul>\n<p class=\"p3\"><span class=\"s3\">\u2714\ufe0f <\/span><b>Luftfilter<\/b><b><\/b><\/p>\n<ul>\n<li class=\"p1\">Au\u00dfendurchmesser: <span class=\"s1\"><b>102 mm<\/b><b><\/b><\/span><\/li>\n<li class=\"p1\">Innendurchmesser: <span class=\"s1\"><b>66 mm<\/b><b><\/b><\/span><\/li>\n<li class=\"p1\">Durchmesser Metallanschluss: <span class=\"s1\"><b>146 mm<\/b><b><\/b><\/span><\/li>\n<li class=\"p1\">L\u00e4nge: <span class=\"s1\"><b>260 mm<\/b><\/span><\/li>\n<\/ul>\n<p><strong>Kubota<\/strong><\/p>\n<ul>\n<li>X20, X24<\/li>\n<li>Saturn 20, Saturn 24<\/li>\n<\/ul>\n","protected":false},"excerpt":{"rendered":"<p>\u2705 Filterkit f\u00fcr Kubota X Saturn \u2013 X20 &amp; X24 Komplettpaket f\u00fcr 500 Betriebsstunden \u2013 Wartung ohne Sorgen! Sehr wichtig! Dieses Set beinhaltet eine \u00d6lwannen-Ablassschraube mit Kupferring. Oft wird die Dichtung der \u00d6lwanne vergessen, was zu \u00d6lverlust f\u00fchren kann. Diese sollte immer ausgetauscht werden! Dieses Set wurde speziell f\u00fcr die Kubota Saturn X20 und X24&hellip;<\/p>\n","protected":false},"featured_media":183135,"comment_status":"open","ping_status":"closed","template":"","meta":[],"product_cat":[382],"product_tag":[3895],"class_list":{"0":"post-17723","1":"product","2":"type-product","3":"status-publish","4":"has-post-thumbnail","6":"product_cat-filter-satz","7":"product_tag-snelparts-de","8":"pa_merk-kubota-de","10":"first","11":"instock","12":"sale","13":"taxable","14":"shipping-taxable","15":"purchasable","16":"product-type-simple","17":"col-xs-6 col-sm-4","18":"col-md-3 col-lg-3","19":"un-4-cols"},"_links":{"self":[{"href":"https:\/\/shop4trac.com\/de\/wp-json\/wp\/v2\/product\/17723","targetHints":{"allow":["GET"]}}],"collection":[{"href":"https:\/\/shop4trac.com\/de\/wp-json\/wp\/v2\/product"}],"about":[{"href":"https:\/\/shop4trac.com\/de\/wp-json\/wp\/v2\/types\/product"}],"replies":[{"embeddable":true,"href":"https:\/\/shop4trac.com\/de\/wp-json\/wp\/v2\/comments?post=17723"}],"wp:featuredmedia":[{"embeddable":true,"href":"https:\/\/shop4trac.com\/de\/wp-json\/wp\/v2\/media\/183135"}],"wp:attachment":[{"href":"https:\/\/shop4trac.com\/de\/wp-json\/wp\/v2\/media?parent=17723"}],"wp:term":[{"taxonomy":"product_cat","embeddable":true,"href":"https:\/\/shop4trac.com\/de\/wp-json\/wp\/v2\/product_cat?post=17723"},{"taxonomy":"product_tag","embeddable":true,"href":"https:\/\/shop4trac.com\/de\/wp-json\/wp\/v2\/product_tag?post=17723"}],"curies":[{"name":"wp","href":"https:\/\/api.w.org\/{rel}","templated":true}]}}