{"id":17720,"date":"2020-02-29T16:48:05","date_gmt":"2020-02-29T15:48:05","guid":{"rendered":"https:\/\/shop4trac.com\/product\/filtersatz-mitsubishi-mt1301-mt1401-mt1601-noda-satoh\/"},"modified":"2025-12-08T23:51:55","modified_gmt":"2025-12-08T21:51:55","slug":"filtersatz-mitsubishi-mt1301-mt1401-mt1601-noda-satoh","status":"publish","type":"product","link":"https:\/\/shop4trac.com\/de\/filter\/filter-satz\/filtersatz-mitsubishi-mt1301-mt1401-mt1601-noda-satoh\/","title":{"rendered":"Filterkit Mitsubishi MT1301 | MT1401 | MT1601 | Noda | Satoh"},"content":{"rendered":"<p>Wartungskit f\u00fcr Mitsubishi<\/p>\n<p><span style=\"text-decoration: underline;\"><strong>Sehr wichtig! Dieses Set beinhaltet eine \u00d6lwannen-Ablassschraube mit Kupferring. Oft wird die Dichtung der \u00d6lwanne vergessen, was zu \u00d6lverlust f\u00fchren kann. Diese sollte immer ausgetauscht werden!   <\/strong><\/span><\/p>\n<p>Bestehend aus:<\/p>\n<ul>\n<li>\u00d6lfilter<\/li>\n<li>Kraftstofffilter<\/li>\n<li>Luftfilter<\/li>\n<li>Carterstopfen Dichtung<\/li>\n<\/ul>\n<p>Geeignet f\u00fcr die folgenden Typen:<\/p>\n<p><strong>Mitsubishi <\/strong><\/p>\n<ul>\n<li>MT1301, MT1401, MT1601<\/li>\n<\/ul>\n<p><strong>Noda  <\/strong><\/p>\n<ul>\n<li>NR1301, NR1501<\/li>\n<\/ul>\n<p><strong>Satoh <\/strong><\/p>\n<ul>\n<li>ST1300, ST1420, ST1440 ST1510, ST1520, ST1540<\/li>\n<\/ul>\n<p>&nbsp;<\/p>\n","protected":false},"excerpt":{"rendered":"<p>Wartungskit f\u00fcr Mitsubishi Sehr wichtig! Dieses Set beinhaltet eine \u00d6lwannen-Ablassschraube mit Kupferring. Oft wird die Dichtung der \u00d6lwanne vergessen, was zu \u00d6lverlust f\u00fchren kann. Diese sollte immer ausgetauscht werden! Bestehend aus: \u00d6lfilter Kraftstofffilter Luftfilter Carterstopfen Dichtung Geeignet f\u00fcr die folgenden Typen: Mitsubishi MT1301, MT1401, MT1601 Noda NR1301, NR1501 Satoh ST1300, ST1420, ST1440 ST1510, ST1520, ST1540&hellip;<\/p>\n","protected":false},"featured_media":181961,"comment_status":"open","ping_status":"closed","template":"","meta":[],"product_cat":[382],"product_tag":[3895],"class_list":{"0":"post-17720","1":"product","2":"type-product","3":"status-publish","4":"has-post-thumbnail","6":"product_cat-filter-satz","7":"product_tag-snelparts-de","8":"pa_merk-kumiai-de","9":"pa_merk-mitsubishi-de","10":"pa_merk-noda-de","11":"pa_merk-satoh-de","13":"first","14":"instock","15":"sale","16":"taxable","17":"shipping-taxable","18":"purchasable","19":"product-type-simple","20":"col-xs-6 col-sm-4","21":"col-md-3 col-lg-3","22":"un-4-cols"},"_links":{"self":[{"href":"https:\/\/shop4trac.com\/de\/wp-json\/wp\/v2\/product\/17720","targetHints":{"allow":["GET"]}}],"collection":[{"href":"https:\/\/shop4trac.com\/de\/wp-json\/wp\/v2\/product"}],"about":[{"href":"https:\/\/shop4trac.com\/de\/wp-json\/wp\/v2\/types\/product"}],"replies":[{"embeddable":true,"href":"https:\/\/shop4trac.com\/de\/wp-json\/wp\/v2\/comments?post=17720"}],"wp:featuredmedia":[{"embeddable":true,"href":"https:\/\/shop4trac.com\/de\/wp-json\/wp\/v2\/media\/181961"}],"wp:attachment":[{"href":"https:\/\/shop4trac.com\/de\/wp-json\/wp\/v2\/media?parent=17720"}],"wp:term":[{"taxonomy":"product_cat","embeddable":true,"href":"https:\/\/shop4trac.com\/de\/wp-json\/wp\/v2\/product_cat?post=17720"},{"taxonomy":"product_tag","embeddable":true,"href":"https:\/\/shop4trac.com\/de\/wp-json\/wp\/v2\/product_tag?post=17720"}],"curies":[{"name":"wp","href":"https:\/\/api.w.org\/{rel}","templated":true}]}}