{"id":17716,"date":"2020-02-29T16:48:06","date_gmt":"2020-02-29T15:48:06","guid":{"rendered":"https:\/\/shop4trac.com\/product\/filtersatz-mitsubishi-mt165-mt185-mt205-mt22-mtx-serie\/"},"modified":"2026-03-15T19:52:32","modified_gmt":"2026-03-15T18:52:32","slug":"filterset-mitsubishi-mt165-mt185-mt205-mt22-mtx-serie","status":"publish","type":"product","link":"https:\/\/shop4trac.com\/de\/filter\/filter-satz\/filterset-mitsubishi-mt165-mt185-mt205-mt22-mtx-serie\/","title":{"rendered":"Filterkit Mitsubishi MT135 \u2013 MT185 | MT205 \u2013 MT286 | MT305 \u2013 MT367"},"content":{"rendered":"<p>Wartungsset f\u00fcr Mitsubishi MT.<\/p>\n<p><span style=\"text-decoration: underline;\"><strong>Sehr wichtig! Dieses Set beinhaltet eine \u00d6lwannen-Ablassschraube mit Kupferring. Oft wird die Dichtung der \u00d6lwanne vergessen, was zu \u00d6lverlust f\u00fchren kann. Diese sollte immer ausgetauscht werden!   <\/strong><\/span><\/p>\n<p>Bestehend aus:<\/p>\n<ul>\n<li>\u00d6lfilter\n<ul>\n<li>Gewinde: M20x1,5<\/li>\n<li>Durchmesser: 66,0 mm<\/li>\n<\/ul>\n<\/li>\n<li>Kraftstofffilter\n<ul>\n<li>\u00c4u\u00dferer Durchmesser: 35 mm<\/li>\n<li>Innendurchmesser: 11,2 mm<\/li>\n<li>L\u00e4nge: 70 mm<\/li>\n<\/ul>\n<\/li>\n<li>Luftfilter\n<ul>\n<li>Au\u00dfendurchmesser: 83 mm<\/li>\n<li>L\u00e4nge: 188 mm<\/li>\n<\/ul>\n<\/li>\n<\/ul>\n<p>Geeignet f\u00fcr die folgenden Typen:<\/p>\n<p><strong>Mitsubishi<\/strong><\/p>\n<ul>\n<li>MT135, MT136, MT146, MT155, MT156, MT165, MT185<\/li>\n<li>MT205, MT225, MT226, MT245, MT246, MT265, MT266, MT285, MT285H, MT286<\/li>\n<li>MT305, MT306, MT335, MT336, MT337, MT365, MT367<\/li>\n<\/ul>\n","protected":false},"excerpt":{"rendered":"<p>Wartungsset f\u00fcr Mitsubishi MT. Sehr wichtig! Dieses Set beinhaltet eine \u00d6lwannen-Ablassschraube mit Kupferring. Oft wird die Dichtung der \u00d6lwanne vergessen, was zu \u00d6lverlust f\u00fchren kann. Diese sollte immer ausgetauscht werden! Bestehend aus: \u00d6lfilter Gewinde: M20x1,5 Durchmesser: 66,0 mm Kraftstofffilter \u00c4u\u00dferer Durchmesser: 35 mm Innendurchmesser: 11,2 mm L\u00e4nge: 70 mm Luftfilter Au\u00dfendurchmesser: 83 mm L\u00e4nge: 188&hellip;<\/p>\n","protected":false},"featured_media":181968,"comment_status":"open","ping_status":"closed","template":"","meta":[],"product_cat":[382],"product_tag":[3895],"class_list":{"0":"post-17716","1":"product","2":"type-product","3":"status-publish","4":"has-post-thumbnail","6":"product_cat-filter-satz","7":"product_tag-snelparts-de","8":"pa_merk-kumiai-de","9":"pa_merk-mitsubishi-de","11":"first","12":"instock","13":"sale","14":"taxable","15":"shipping-taxable","16":"purchasable","17":"product-type-simple","18":"col-xs-6 col-sm-4","19":"col-md-3 col-lg-3","20":"un-4-cols"},"_links":{"self":[{"href":"https:\/\/shop4trac.com\/de\/wp-json\/wp\/v2\/product\/17716","targetHints":{"allow":["GET"]}}],"collection":[{"href":"https:\/\/shop4trac.com\/de\/wp-json\/wp\/v2\/product"}],"about":[{"href":"https:\/\/shop4trac.com\/de\/wp-json\/wp\/v2\/types\/product"}],"replies":[{"embeddable":true,"href":"https:\/\/shop4trac.com\/de\/wp-json\/wp\/v2\/comments?post=17716"}],"wp:featuredmedia":[{"embeddable":true,"href":"https:\/\/shop4trac.com\/de\/wp-json\/wp\/v2\/media\/181968"}],"wp:attachment":[{"href":"https:\/\/shop4trac.com\/de\/wp-json\/wp\/v2\/media?parent=17716"}],"wp:term":[{"taxonomy":"product_cat","embeddable":true,"href":"https:\/\/shop4trac.com\/de\/wp-json\/wp\/v2\/product_cat?post=17716"},{"taxonomy":"product_tag","embeddable":true,"href":"https:\/\/shop4trac.com\/de\/wp-json\/wp\/v2\/product_tag?post=17716"}],"curies":[{"name":"wp","href":"https:\/\/api.w.org\/{rel}","templated":true}]}}