{"id":17712,"date":"2020-02-29T16:48:06","date_gmt":"2020-02-29T15:48:06","guid":{"rendered":"https:\/\/shop4trac.com\/product\/filtersatz-shibaura-sd1840-sd2040-sd2200\/"},"modified":"2025-08-01T18:28:31","modified_gmt":"2025-08-01T16:28:31","slug":"filterset-shibaura-sd1840-sd2040-sd2200","status":"publish","type":"product","link":"https:\/\/shop4trac.com\/de\/filter\/filter-satz\/filterset-shibaura-sd1840-sd2040-sd2200\/","title":{"rendered":"Filterkit Shibaura SD1840 | SD2040 | SD2200"},"content":{"rendered":"<p>Wartungskit f\u00fcr Shibaura SD<\/p>\n<p>Bestehend aus:<\/p>\n<ul>\n<li>\u00d6lfilter<\/li>\n<li>Kraftstofffilter<\/li>\n<li>Luftfilter<\/li>\n<\/ul>\n<p>Geeignet f\u00fcr die folgenden Typen:<\/p>\n<p><strong>Shibaura<\/strong><\/p>\n<ul>\n<li>SD1840, SD2040, SD2200<\/li>\n<\/ul>\n","protected":false},"excerpt":{"rendered":"<p>Wartungskit f\u00fcr Shibaura SD Bestehend aus: \u00d6lfilter Kraftstofffilter Luftfilter Geeignet f\u00fcr die folgenden Typen: Shibaura SD1840, SD2040, SD2200<\/p>\n","protected":false},"featured_media":88453,"comment_status":"open","ping_status":"closed","template":"","meta":[],"product_cat":[382],"product_tag":[3895],"class_list":{"0":"post-17712","1":"product","2":"type-product","3":"status-publish","4":"has-post-thumbnail","6":"product_cat-filter-satz","7":"product_tag-snelparts-de","8":"pa_merk-shibaura-de","10":"first","11":"instock","12":"taxable","13":"shipping-taxable","14":"purchasable","15":"product-type-simple","16":"col-xs-6 col-sm-4","17":"col-md-3 col-lg-3","18":"un-4-cols"},"_links":{"self":[{"href":"https:\/\/shop4trac.com\/de\/wp-json\/wp\/v2\/product\/17712","targetHints":{"allow":["GET"]}}],"collection":[{"href":"https:\/\/shop4trac.com\/de\/wp-json\/wp\/v2\/product"}],"about":[{"href":"https:\/\/shop4trac.com\/de\/wp-json\/wp\/v2\/types\/product"}],"replies":[{"embeddable":true,"href":"https:\/\/shop4trac.com\/de\/wp-json\/wp\/v2\/comments?post=17712"}],"wp:featuredmedia":[{"embeddable":true,"href":"https:\/\/shop4trac.com\/de\/wp-json\/wp\/v2\/media\/88453"}],"wp:attachment":[{"href":"https:\/\/shop4trac.com\/de\/wp-json\/wp\/v2\/media?parent=17712"}],"wp:term":[{"taxonomy":"product_cat","embeddable":true,"href":"https:\/\/shop4trac.com\/de\/wp-json\/wp\/v2\/product_cat?post=17712"},{"taxonomy":"product_tag","embeddable":true,"href":"https:\/\/shop4trac.com\/de\/wp-json\/wp\/v2\/product_tag?post=17712"}],"curies":[{"name":"wp","href":"https:\/\/api.w.org\/{rel}","templated":true}]}}