{"id":176200,"date":"2025-10-14T13:44:14","date_gmt":"2025-10-14T11:44:14","guid":{"rendered":"https:\/\/shop4trac.com\/unkategorisiert\/einlasskruemmerdichtung-kubota-d750-b1200-b7001-zen-noh\/"},"modified":"2026-01-12T11:09:37","modified_gmt":"2026-01-12T10:09:37","slug":"einlasskruemmerdichtung-kubota-d750-b1200-b7001-zen-noh","status":"publish","type":"product","link":"https:\/\/shop4trac.com\/de\/motorteile\/dichtungen\/einlasskruemmerdichtung-kubota-d750-b1200-b7001-zen-noh\/","title":{"rendered":"Einlasskr\u00fcmmerdichtung Kubota D750 | B1200 \u2013 B7001 | Zen-noh"},"content":{"rendered":"<p class=\"p1\">Diese Einlasskr\u00fcmmerdichtung ist f\u00fcr Kubota D750 Motoren geeignet und wird unter anderem in Kubota B1200, B7001 und Zen-noh Minitraktoren eingesetzt. Die Dichtung sorgt f\u00fcr eine luftdichte Verbindung zwischen Einlasskr\u00fcmmer und Zylinderkopf, was f\u00fcr eine gute Verbrennung und Motorleistung unerl\u00e4sslich ist. Ideal als Ersatz bei Wartung oder Reparatur.  <\/p>\n<p><strong>Dichtung passend f\u00fcr:<\/strong><\/p>\n<p><strong>Kubota<\/strong><\/p>\n<ul>\n<li>B1200, B5200, B7001, B7100<\/li>\n<li>B7100HST-DT<\/li>\n<li>220, 320 Bagger<\/li>\n<\/ul>\n<p><strong>Bobcat<\/strong><\/p>\n<ul>\n<li>X220, X320<\/li>\n<\/ul>\n<p><strong>Zen Noh<\/strong><\/p>\n<ul>\n<li>ZB1200, ZB5200, ZB7001, ZB7100<\/li>\n<\/ul>\n<p><strong>Bobcat<\/strong><\/p>\n<ul>\n<li>Bobcat 453C, 443<\/li>\n<\/ul>\n<p><strong>Durchmesser<\/strong>:<\/p>\n<ul>\n<li>68mm<\/li>\n<\/ul>\n<p><strong>Kubota Motor<\/strong><\/p>\n<ul>\n<li>D750, D750-B, D750-A<\/li>\n<\/ul>\n<p><strong>OEM zur Referenz<\/strong><br \/>\n15261-1182-0, 15261-1183-0<\/p>\n","protected":false},"excerpt":{"rendered":"<p>Diese Einlasskr\u00fcmmerdichtung ist f\u00fcr Kubota D750 Motoren geeignet und wird unter anderem in Kubota B1200, B7001 und Zen-noh Minitraktoren eingesetzt. Die Dichtung sorgt f\u00fcr eine luftdichte Verbindung zwischen Einlasskr\u00fcmmer und Zylinderkopf, was f\u00fcr eine gute Verbrennung und Motorleistung unerl\u00e4sslich ist. Ideal als Ersatz bei Wartung oder Reparatur. Dichtung passend f\u00fcr: Kubota B1200, B5200, B7001, B7100&hellip;<\/p>\n","protected":false},"featured_media":175735,"comment_status":"","ping_status":"closed","template":"","meta":[],"product_cat":[8103],"product_tag":[],"class_list":{"0":"post-176200","1":"product","2":"type-product","3":"status-publish","4":"has-post-thumbnail","6":"product_cat-dichtungen","7":"pa_merk-bobcat-de","8":"pa_merk-kubota-de","9":"pa_merk-zen-noh-de","10":"pa_motor-d750-de","12":"first","13":"instock","14":"sale","15":"taxable","16":"shipping-taxable","17":"purchasable","18":"product-type-simple","19":"col-xs-6 col-sm-4","20":"col-md-3 col-lg-3","21":"un-4-cols"},"_links":{"self":[{"href":"https:\/\/shop4trac.com\/de\/wp-json\/wp\/v2\/product\/176200","targetHints":{"allow":["GET"]}}],"collection":[{"href":"https:\/\/shop4trac.com\/de\/wp-json\/wp\/v2\/product"}],"about":[{"href":"https:\/\/shop4trac.com\/de\/wp-json\/wp\/v2\/types\/product"}],"replies":[{"embeddable":true,"href":"https:\/\/shop4trac.com\/de\/wp-json\/wp\/v2\/comments?post=176200"}],"wp:featuredmedia":[{"embeddable":true,"href":"https:\/\/shop4trac.com\/de\/wp-json\/wp\/v2\/media\/175735"}],"wp:attachment":[{"href":"https:\/\/shop4trac.com\/de\/wp-json\/wp\/v2\/media?parent=176200"}],"wp:term":[{"taxonomy":"product_cat","embeddable":true,"href":"https:\/\/shop4trac.com\/de\/wp-json\/wp\/v2\/product_cat?post=176200"},{"taxonomy":"product_tag","embeddable":true,"href":"https:\/\/shop4trac.com\/de\/wp-json\/wp\/v2\/product_tag?post=176200"}],"curies":[{"name":"wp","href":"https:\/\/api.w.org\/{rel}","templated":true}]}}