{"id":176132,"date":"2025-10-15T13:57:08","date_gmt":"2025-10-15T11:57:08","guid":{"rendered":"https:\/\/shop4trac.com\/unkategorisiert\/ventildeckeldichtung-mitsubishi-l3e-l3e2-l3a-l3c\/"},"modified":"2026-04-02T11:36:05","modified_gmt":"2026-04-02T10:36:05","slug":"ventildeckeldichtung-mitsubishi-l3e-l3e2-l3a-l3c","status":"publish","type":"product","link":"https:\/\/shop4trac.com\/de\/motorteile\/dichtungen\/ventildeckeldichtung-mitsubishi-l3e-l3e2-l3a-l3c\/","title":{"rendered":"Ventildeckeldichtung Mitsubishi L3E | L3E2 | L3A | L3C"},"content":{"rendered":"<p class=\"p1\">Diese Ventildeckeldichtung ist geeignet f\u00fcr Mitsubishi L3E, L3E2, L3A und L3C Motoren. Die Dichtung gew\u00e4hrleistet eine zuverl\u00e4ssige, \u00f6ldichte Abdichtung des Ventildeckels und verhindert Leckagen w\u00e4hrend des Betriebs. Ideal als Ersatzteil bei Wartung oder \u00dcberholung von Minitraktoren, Baumaschinen und industriellen Anwendungen.  <\/p>\n<p class=\"p1\"><b>Dichtung geeignet f\u00fcr folgende Motoren:<\/b><b><\/b><\/p>\n<p class=\"p1\"><b>Motoren<\/b><b><\/b><\/p>\n<p class=\"p2\">\u2022 L3E, L3E2, L2E, L2E2, L3A, L2A, L3C, L2C<\/p>\n<p class=\"p2\">\u2022 MVL3E, L3E2-65ESB<\/p>\n<p class=\"p2\">\u2022 L3E-SD, L3E-SDH, L3E-61SD, L3E-61SDH, L3E-W262KL, L3E-W462KL, L3E-6ACAM, L3E-W461DPPTier4Final<\/p>\n<p class=\"p2\">\u2022 L3E-31NS, L3E-31NSA, L3E-W231NSA, L3E-W431NSA, L3E-61HMG, L3E-W231KBS, L3E-61R, L3E-31KS, L3E-31NCN<\/p>\n<p class=\"p2\">\u2022 L3E-W431KBS, L3E-W462KL, L3E-62KL, L3E-W462KLY, L3E-63ES<\/p>\n<p class=\"p1\"><b>Mitsubishi<\/b><b><\/b><\/p>\n<p class=\"p2\">\u2022 L3C, L3C-61TG, L3C-31DJ, L3C-31DC<\/p>\n<p class=\"p2\">\u2022 GF14, GF15<\/p>\n<p class=\"p2\">\u2022 MT14, MT15, MT16, MT17D, MT155, MT156, MT165, MT1600, MT1800<\/p>\n<p class=\"p2\">\u2022 M\u00e4hdrescher: VMS16, VMS16G<\/p>\n<p class=\"p2\">\u2022 L2E-31MR, L2E-61ES, L2E-61SDH, L2E-61WH<\/p>\n<p class=\"p2\">\u2022 GF130PYS1W<\/p>\n<p class=\"p2\">\u2022 MM20, MM20CR, MM20SR, MM20T<\/p>\n<p class=\"p2\">\u2022 MX15<\/p>\n<p class=\"p2\">\u2022 TNW4E, TNW4EA, TNW5E, TNW5EA, TU42D, TU42DX<\/p>\n<p class=\"p1\"><b>Denyo<\/b><b><\/b><\/p>\n<p class=\"p2\">\u2022 PCX-50SS, MW-1050<\/p>\n<p class=\"p1\"><b>Toro<\/b><b><\/b><\/p>\n<p class=\"p2\">\u2022 GM220D, Workman3300-D, Reelmaster220-D, Workman4300-D, Groundsmaster220-D<\/p>\n<p class=\"p2\">\u2022 Reelmaster5100-D, GM223D, Groundsmaster323-D, Reelmaster223-D, Groundsmaster223-D, Groundsmaster324-D<\/p>\n<p class=\"p1\"><b>Pel Job<\/b><b><\/b><\/p>\n<p class=\"p2\">\u2022 Sirius, EB200, EB150, EB14.4, EB12.4, EB16.4, EB10, ED750<\/p>\n<p class=\"p1\"><b>ATLAS<\/b><b><\/b><\/p>\n<p class=\"p2\">\u2022 AM15R, AM16R, AM21R<\/p>\n<p class=\"p1\"><b>Bobcat<\/b><b><\/b><\/p>\n<p class=\"p2\">\u2022 X119<\/p>\n<p class=\"p1\"><b>Case<\/b><b><\/b><\/p>\n<p class=\"p2\">\u2022 CX15BSerie2, CX17BZTS, CX18BSerie2<\/p>\n<p class=\"p1\"><b>Daewoo Doosan<\/b><b><\/b><\/p>\n<p class=\"p2\">\u2022 SOLAR015+, SOLAR015PLUS, SOLAR018VT<\/p>\n<p class=\"p1\"><b>Eurocomach<\/b><b><\/b><\/p>\n<p class=\"p2\">\u2022 ES150.3, ES180.3<\/p>\n<p class=\"p1\"><b>Hanix<\/b><b><\/b><\/p>\n<p class=\"p2\">\u2022 H22B<\/p>\n<p class=\"p1\"><b>Hyundai Heavy Industries (Bagger)<\/b><b><\/b><\/p>\n<p class=\"p2\">\u2022 R16-9, R15-7, R16-7, R22-7, Robex15-7, Robex16-7, Robex22-7<\/p>\n<p class=\"p1\"><b>Kobelco<\/b><b><\/b><\/p>\n<p class=\"p2\">\u2022 SK70SR, SK70SR-3<\/p>\n<p class=\"p1\"><b>Magnum<\/b><b><\/b><\/p>\n<p class=\"p2\">\u2022 MLG8, MLT5080, MLT5060, MLT3060, MLT3080, MLT4060, MLT4080<\/p>\n<p class=\"p1\"><b>New Holland<\/b><b><\/b><\/p>\n<p class=\"p2\">\u2022 E16Evolution, E16, E16B, E18Evolution, E18, E18SR, E18B, EC15<\/p>\n<p class=\"p1\"><b>Nagano<\/b><b><\/b><\/p>\n<p class=\"p2\">\u2022 NS16-3, NS15-3<\/p>\n<p class=\"p1\"><b>O&amp;K<\/b><b><\/b><\/p>\n<p class=\"p2\">\u2022 RH1.21, RH1.17<\/p>\n<p class=\"p1\"><b>Ransomes Jacobsen<\/b><b><\/b><\/p>\n<p class=\"p2\">\u2022 4000T-23D<\/p>\n<p class=\"p1\"><b>Ref-Trans<\/b><b><\/b><\/p>\n<p class=\"p2\">\u2022 Ref-Unit, Coolingunit<\/p>\n<p class=\"p1\"><b>Ingersoll Rand<\/b><b><\/b><\/p>\n<p class=\"p2\">\u2022 FX130, G8<\/p>\n<p class=\"p1\"><b>Teksan Generator<\/b><b><\/b><\/p>\n<p class=\"p2\">\u2022 TJ10MS<\/p>\n<p class=\"p1\"><b>Samofa<\/b><b><\/b><\/p>\n<p class=\"p2\">\u2022 IndustrialL3E2<\/p>\n<p class=\"p1\"><b>Sol\u00e9 Diesel<\/b><b><\/b><\/p>\n<p class=\"p2\">\u2022 Sail-Drive(Mini26), G-15T-3, GenSet, Mini26, G-6M-15, G-15M-3<\/p>\n<p class=\"p2\">\u2022 G5-28V, MarineGenSet, MarineMini17, MarineG-8T-3, MarineMini11\/E, MarineG-8M-3, MarineApplication<\/p>\n<p class=\"p1\"><b>Trixon<\/b><b><\/b><\/p>\n<p class=\"p2\">\u2022 N4500<\/p>\n<p class=\"p1\"><b>Triton<\/b><b><\/b><\/p>\n<p class=\"p2\">\u2022 15\/6.5<\/p>\n<p class=\"p1\"><b>Terex<\/b><b><\/b><\/p>\n<p class=\"p2\">\u2022 TerexExcavatorTC20, TC16<\/p>\n<p class=\"p1\"><b>Vetus<\/b><b><\/b><\/p>\n<p class=\"p2\">\u2022 M3.28, M2.06<\/p>\n<p class=\"p1\"><b>Volvo<\/b><b><\/b><\/p>\n<p class=\"p2\">\u2022 EC15BXT, EC13XR, EC14, EX15XR, EC15XTV, EC15BXR, EC13XTV, EC15XT, EC15XR<\/p>\n<p class=\"p1\"><b>Weidemann Radlader<\/b><b><\/b><\/p>\n<p class=\"p2\">\u2022 811D\/M, 1010D\/M, 911D\/M<\/p>\n<p class=\"p1\"><b>OEM zur Referenz:<\/b><\/p>\n<ul>\n<li>MM433-133, MM433133<!-- notionvc: ec97d111-b092-49f9-9cd1-94e32863dcc0 --><\/li>\n<\/ul>\n","protected":false},"excerpt":{"rendered":"<p>Diese Ventildeckeldichtung ist geeignet f\u00fcr Mitsubishi L3E, L3E2, L3A und L3C Motoren. Die Dichtung gew\u00e4hrleistet eine zuverl\u00e4ssige, \u00f6ldichte Abdichtung des Ventildeckels und verhindert Leckagen w\u00e4hrend des Betriebs. Ideal als Ersatzteil bei Wartung oder \u00dcberholung von Minitraktoren, Baumaschinen und industriellen Anwendungen. Dichtung geeignet f\u00fcr folgende Motoren: Motoren \u2022 L3E, L3E2, L2E, L2E2, L3A, L2A, L3C, L2C&hellip;<\/p>\n","protected":false},"featured_media":176090,"comment_status":"","ping_status":"closed","template":"","meta":[],"product_cat":[8103],"product_tag":[],"class_list":{"0":"post-176132","1":"product","2":"type-product","3":"status-publish","4":"has-post-thumbnail","6":"product_cat-dichtungen","7":"pa_merk-atlas-de","8":"pa_merk-bobcat-de","9":"pa_merk-case-de","10":"pa_merk-daewoo-de","11":"pa_merk-denyo-de","12":"pa_merk-eurocomach-de","13":"pa_merk-hanix-de","14":"pa_merk-hyundai-de","15":"pa_merk-ingersoll-rand-de","16":"pa_merk-kobelco-de","17":"pa_merk-magnum-de","18":"pa_merk-mitsubishi-de","19":"pa_merk-nagano-de","20":"pa_merk-new-holland-de","21":"pa_merk-peljob-de","22":"pa_merk-ransomes-de","23":"pa_merk-samofa-de","24":"pa_merk-sole-diesel-de","25":"pa_merk-teksan-de","26":"pa_merk-terex-de","27":"pa_merk-toro-de","28":"pa_merk-triton-de","29":"pa_merk-trixon-de","30":"pa_merk-vetus-de","31":"pa_merk-volvo-de","32":"pa_merk-weidemann-de","34":"first","35":"onbackorder","36":"sale","37":"taxable","38":"shipping-taxable","39":"purchasable","40":"product-type-simple","41":"col-xs-6 col-sm-4","42":"col-md-3 col-lg-3","43":"un-4-cols"},"_links":{"self":[{"href":"https:\/\/shop4trac.com\/de\/wp-json\/wp\/v2\/product\/176132","targetHints":{"allow":["GET"]}}],"collection":[{"href":"https:\/\/shop4trac.com\/de\/wp-json\/wp\/v2\/product"}],"about":[{"href":"https:\/\/shop4trac.com\/de\/wp-json\/wp\/v2\/types\/product"}],"replies":[{"embeddable":true,"href":"https:\/\/shop4trac.com\/de\/wp-json\/wp\/v2\/comments?post=176132"}],"wp:featuredmedia":[{"embeddable":true,"href":"https:\/\/shop4trac.com\/de\/wp-json\/wp\/v2\/media\/176090"}],"wp:attachment":[{"href":"https:\/\/shop4trac.com\/de\/wp-json\/wp\/v2\/media?parent=176132"}],"wp:term":[{"taxonomy":"product_cat","embeddable":true,"href":"https:\/\/shop4trac.com\/de\/wp-json\/wp\/v2\/product_cat?post=176132"},{"taxonomy":"product_tag","embeddable":true,"href":"https:\/\/shop4trac.com\/de\/wp-json\/wp\/v2\/product_tag?post=176132"}],"curies":[{"name":"wp","href":"https:\/\/api.w.org\/{rel}","templated":true}]}}