{"id":17551,"date":"2020-02-29T16:47:21","date_gmt":"2020-02-29T15:47:21","guid":{"rendered":"https:\/\/shop4trac.com\/product\/zylinderkopf-kubota-b1200-b7001-d750\/"},"modified":"2025-08-07T13:40:39","modified_gmt":"2025-08-07T11:40:39","slug":"cilinderkop-kubota-b1200-b7001-d750","status":"publish","type":"product","link":"https:\/\/shop4trac.com\/de\/motorteile\/zylinderkopfe\/cilinderkop-kubota-b1200-b7001-d750\/","title":{"rendered":"Zylinderkopf komplett Kubota D750 | Rotluchs | Zen-noh"},"content":{"rendered":"<p>Dabei handelt es sich um einen <span style=\"text-decoration: underline\">neuen<\/span> Zylinderkopf aus hochwertigem Material. Ventilsitze sind bereits montiert und einsatzbereit. Die unten aufgef\u00fchrten kompatiblen Modelle wurden mit gro\u00dfer Sorgfalt am Zylinderkopf gesucht.<\/p>\n<p><span style=\"text-decoration: underline\"><strong>Variante: kompletter Zylinderkopf mit Ventilen und Federn.<\/strong><\/span><\/p>\n<p>Der Zylinderkopf ist f\u00fcr die folgenden Modelle geeignet<\/p>\n<p><strong>  Kubota<\/strong><\/p>\n<ul>\n<li>B1200 und D750L Motor.<\/li>\n<\/ul>\n<p><strong>Kubota Motor<\/strong><\/p>\n<ul>\n<li>D750, D750-B, D750-A<\/li>\n<\/ul>\n<div class=\"product-model-container\"><strong>Kubota<\/strong><\/div>\n<div><\/div>\n<ul>\n<li class=\"product-model-container\">B7001<\/li>\n<li class=\"product-model-container\">B7001D<\/li>\n<li class=\"product-model-container\">B7100<\/li>\n<li class=\"product-model-container\">B7100HST<\/li>\n<\/ul>\n<p><strong>Kubota  <\/strong><\/p>\n<ul>\n<li>B1200, B5200, B7001, B7100<\/li>\n<li>B7100HST-DT<\/li>\n<li>220, 320 Bagger<\/li>\n<\/ul>\n<p><strong>Bobcat<\/strong><\/p>\n<ul>\n<li>X220, X320<\/li>\n<\/ul>\n<p><strong>Zen Noh<\/strong><\/p>\n<ul>\n<li>ZB1200, ZB5200, ZB7001, ZB7100<\/li>\n<\/ul>\n<p><strong>Bobcat<\/strong><\/p>\n<ul>\n<li>Rotluchs 453C, 443<\/li>\n<\/ul>\n<p><strong>Durchmesser<\/strong>:<\/p>\n<ul>\n<li>68mm<\/li>\n<\/ul>\n<p><strong>OEM zur Referenz<\/strong><\/p>\n<ul>\n<li>15371-03040<\/li>\n<\/ul>\n","protected":false},"excerpt":{"rendered":"<p>Dabei handelt es sich um einen neuen Zylinderkopf aus hochwertigem Material. Ventilsitze sind bereits montiert und einsatzbereit. Die unten aufgef\u00fchrten kompatiblen Modelle wurden mit gro\u00dfer Sorgfalt am Zylinderkopf gesucht. Variante: kompletter Zylinderkopf mit Ventilen und Federn. Der Zylinderkopf ist f\u00fcr die folgenden Modelle geeignet Kubota B1200 und D750L Motor. Kubota Motor D750, D750-B, D750-A Kubota&hellip;<\/p>\n","protected":false},"featured_media":153328,"comment_status":"open","ping_status":"closed","template":"","meta":[],"product_cat":[404],"product_tag":[2647,3895],"class_list":{"0":"post-17551","1":"product","2":"type-product","3":"status-publish","4":"has-post-thumbnail","6":"product_cat-zylinderkopfe","7":"product_tag-d750-de","8":"product_tag-snelparts-de","9":"pa_merk-bobcat-de","10":"pa_merk-kubota-de","11":"pa_merk-zen-noh-de","12":"pa_motor-d750-de","14":"first","15":"instock","16":"sale","17":"taxable","18":"shipping-taxable","19":"purchasable","20":"product-type-variable","21":"col-xs-6 col-sm-4","22":"col-md-3 col-lg-3","23":"un-4-cols"},"_links":{"self":[{"href":"https:\/\/shop4trac.com\/de\/wp-json\/wp\/v2\/product\/17551","targetHints":{"allow":["GET"]}}],"collection":[{"href":"https:\/\/shop4trac.com\/de\/wp-json\/wp\/v2\/product"}],"about":[{"href":"https:\/\/shop4trac.com\/de\/wp-json\/wp\/v2\/types\/product"}],"replies":[{"embeddable":true,"href":"https:\/\/shop4trac.com\/de\/wp-json\/wp\/v2\/comments?post=17551"}],"wp:featuredmedia":[{"embeddable":true,"href":"https:\/\/shop4trac.com\/de\/wp-json\/wp\/v2\/media\/153328"}],"wp:attachment":[{"href":"https:\/\/shop4trac.com\/de\/wp-json\/wp\/v2\/media?parent=17551"}],"wp:term":[{"taxonomy":"product_cat","embeddable":true,"href":"https:\/\/shop4trac.com\/de\/wp-json\/wp\/v2\/product_cat?post=17551"},{"taxonomy":"product_tag","embeddable":true,"href":"https:\/\/shop4trac.com\/de\/wp-json\/wp\/v2\/product_tag?post=17551"}],"curies":[{"name":"wp","href":"https:\/\/api.w.org\/{rel}","templated":true}]}}