{"id":17546,"date":"2020-02-29T16:47:39","date_gmt":"2020-02-29T15:47:39","guid":{"rendered":"https:\/\/shop4trac.com\/product\/zylinderkopf-kubota-d902\/"},"modified":"2025-08-07T13:40:57","modified_gmt":"2025-08-07T11:40:57","slug":"zylinderkopf-cubota-d902","status":"publish","type":"product","link":"https:\/\/shop4trac.com\/de\/motorteile\/zylinderkopfe\/zylinderkopf-cubota-d902\/","title":{"rendered":"Zylinderkopf komplett Kubota D902 | Beta Marina 25 | Riese | Toro"},"content":{"rendered":"<h4><b>Variante 1. Kompletter Zylinderkopf mit Ventilen und Federn \u2013 direkt montagefertig <\/b><\/h4>\n<p class=\"p3\">Dieser neue Zylinderkopf ist aus hochwertigem Material gefertigt und wird komplett geliefert, inklusive montierter Ventile und Federn. Dank der vollst\u00e4ndigen Montage m\u00fcssen Sie keine Teile \u00fcbertragen oder einstellen. <\/p>\n<p class=\"p3\">\u2705 Vollst\u00e4ndig montiert<\/p>\n<p class=\"p3\">\u2705 Inklusive Ventilen und Federn<\/p>\n<p class=\"p3\">\u2705 Keine zus\u00e4tzlichen Einstellarbeiten erforderlich<\/p>\n<p class=\"p3\">\u2705 Direkt montagebereit<\/p>\n<p class=\"p3\">Eine gebrauchsfertige L\u00f6sung, die Zeit in der Werkstatt spart und das Risiko von Montagefehlern minimiert.<\/p>\n<p class=\"p3\">Dieser Zylinderkopf ist mit gro\u00dfer Sorgfalt mit den untenstehenden kompatiblen Modellen verbunden.<\/p>\n<hr>\n<h4><b>Variante 2. Kaler Zylinderkopf \u2013 mit vormontierten Ventilsitzen<\/b><\/h4>\n<p class=\"p3\">Dieser Zylinderkopf ist aus hochwertigem Material gefertigt und wird als ein kaler Zylinderkopf mit bereits montierten Ventilsitzen geliefert. Der Kopf ist somit f\u00fcr den weiteren Aufbau mit Ihren bestehenden oder neuen Komponenten vorbereitet. <\/p>\n<p class=\"p3\">\u2705 Neuer Zylinderkopf von Top-Qualit\u00e4t<\/p>\n<p class=\"p3\">\u2705 Ventilsitze bereits montiert<\/p>\n<p class=\"p3\">\u2705 Bereit f\u00fcr die weitere Montage<\/p>\n<p class=\"p3\">\u2705 Geeignet f\u00fcr Revision oder Ma\u00dfanfertigung<\/p>\n<p class=\"p3\">Ideal f\u00fcr diejenigen, die die Kontrolle \u00fcber die Endmontage behalten oder spezifische Teile wiederverwenden m\u00f6chten.<\/p>\n<p class=\"p3\">Der Zylinderkopf ist f\u00fcr folgende Modelle geeignet:<\/p>\n<p><strong>Kubota Motor<\/strong><\/p>\n<ul>\n<li>D902, D902EBH<\/li>\n<\/ul>\n<p><strong>Kubota  <\/strong><\/p>\n<ul>\n<li>KX41-3, KX018-4, KX019-04, KX41-3 Bagger<\/li>\n<li>RTV900, RTV900G, RTV900G9, RTV900R<\/li>\n<li>ZD323<\/li>\n<li>BX25, BX24, BX2360, BX2350, BX2230D, BX2230<\/li>\n<\/ul>\n<p><strong>Ausa<\/strong><\/p>\n<ul>\n<li>D150RM 4X2, D150RM 4X4, D150RMA 4X2, D150RMA 4X4, D150RMG 4X2, D150RMG 4X4, D175RMS 4X2, D175RMS 4X4<\/li>\n<\/ul>\n<p><strong>Avant<\/strong><\/p>\n<ul>\n<li>423, 523<\/li>\n<\/ul>\n<p><strong>Beta-Marine <\/strong><\/p>\n<ul>\n<li>Beta 25<\/li>\n<\/ul>\n<p><strong>Bobcat<\/strong><\/p>\n<ul>\n<li>MT55<\/li>\n<\/ul>\n<p><strong>Giant<\/strong><\/p>\n<ul>\n<li>D202S, D254SW, D254SW Tele.<\/li>\n<\/ul>\n<p><strong>Hyundai<\/strong><\/p>\n<ul>\n<li>R17Z-9A. Kubota: RTV-900XT, RTV-X900. <\/li>\n<\/ul>\n<p><strong>Sch\u00e4ffer<\/strong><\/p>\n<ul>\n<li>2020er Jahre.<\/li>\n<\/ul>\n<p><strong>Vimek<\/strong><\/p>\n<ul>\n<li>608, 608.2.<\/li>\n<\/ul>\n<p><strong>Wacker Neuson<\/strong><\/p>\n<ul>\n<li>DT15.<\/li>\n<\/ul>\n<p><strong>Beta-Marine<\/strong><\/p>\n<ul>\n<li>Beta 25<\/li>\n<\/ul>\n<p><strong>Toro<\/strong><\/p>\n<ul>\n<li>TX525<\/li>\n<\/ul>\n<p><strong>OEM-Nummer<\/strong><\/p>\n<ul>\n<li>1G962-03040<\/li>\n<li>1G962-03045 1G962-03046<\/li>\n<\/ul>\n","protected":false},"excerpt":{"rendered":"<p>Variante 1. Kompletter Zylinderkopf mit Ventilen und Federn \u2013 direkt montagefertig Dieser neue Zylinderkopf ist aus hochwertigem Material gefertigt und wird komplett geliefert, inklusive montierter Ventile und Federn. Dank der vollst\u00e4ndigen Montage m\u00fcssen Sie keine Teile \u00fcbertragen oder einstellen. \u2705 Vollst\u00e4ndig montiert \u2705 Inklusive Ventilen und Federn \u2705 Keine zus\u00e4tzlichen Einstellarbeiten erforderlich \u2705 Direkt montagebereit&hellip;<\/p>\n","protected":false},"featured_media":153139,"comment_status":"open","ping_status":"open","template":"","meta":[],"product_cat":[404],"product_tag":[2661,3895],"class_list":{"0":"post-17546","1":"product","2":"type-product","3":"status-publish","4":"has-post-thumbnail","6":"product_cat-zylinderkopfe","7":"product_tag-d902-de","8":"product_tag-snelparts-de","9":"pa_merk-ausa-de","10":"pa_merk-avant-de","11":"pa_merk-beta-de","12":"pa_merk-bobcat-de","13":"pa_merk-hyundai-de","14":"pa_merk-kubota-de","15":"pa_merk-schaffer-de","16":"pa_merk-toro-de","17":"pa_merk-wacker-neuson-de","18":"pa_motor-d902-de","20":"first","21":"instock","22":"sale","23":"taxable","24":"shipping-taxable","25":"purchasable","26":"product-type-variable","27":"col-xs-6 col-sm-4","28":"col-md-3 col-lg-3","29":"un-4-cols"},"_links":{"self":[{"href":"https:\/\/shop4trac.com\/de\/wp-json\/wp\/v2\/product\/17546","targetHints":{"allow":["GET"]}}],"collection":[{"href":"https:\/\/shop4trac.com\/de\/wp-json\/wp\/v2\/product"}],"about":[{"href":"https:\/\/shop4trac.com\/de\/wp-json\/wp\/v2\/types\/product"}],"replies":[{"embeddable":true,"href":"https:\/\/shop4trac.com\/de\/wp-json\/wp\/v2\/comments?post=17546"}],"wp:featuredmedia":[{"embeddable":true,"href":"https:\/\/shop4trac.com\/de\/wp-json\/wp\/v2\/media\/153139"}],"wp:attachment":[{"href":"https:\/\/shop4trac.com\/de\/wp-json\/wp\/v2\/media?parent=17546"}],"wp:term":[{"taxonomy":"product_cat","embeddable":true,"href":"https:\/\/shop4trac.com\/de\/wp-json\/wp\/v2\/product_cat?post=17546"},{"taxonomy":"product_tag","embeddable":true,"href":"https:\/\/shop4trac.com\/de\/wp-json\/wp\/v2\/product_tag?post=17546"}],"curies":[{"name":"wp","href":"https:\/\/api.w.org\/{rel}","templated":true}]}}