{"id":17539,"date":"2020-02-29T16:47:48","date_gmt":"2020-02-29T15:47:48","guid":{"rendered":"https:\/\/shop4trac.com\/product\/zylinderkopf-kubota-v2203-motor\/"},"modified":"2026-03-11T09:55:51","modified_gmt":"2026-03-11T08:55:51","slug":"zylinderkopf-cubota-v2203-motor","status":"publish","type":"product","link":"https:\/\/shop4trac.com\/de\/motorteile\/zylinderkopf-komplett\/zylinderkopf-cubota-v2203-motor\/","title":{"rendered":"Zylinderkopf komplett Kubota V2003 | V2203 | V2203E | V2203B | V2403-Motor | Modell 2"},"content":{"rendered":"<p><span style=\"text-decoration: underline;\">Suchen Sie nach dem alten Zylinderkopfmodell V2203 Modell1!<\/span>  Dieses ist im eingebauten Zustand unten und oben zu erkennen!<\/p>\n<h3><b>Variante 1. Kompletter Zylinderkopf mit Ventilen und Federn \u2013 direkt montagefertig <\/b><\/h3>\n<p class=\"p3\">Dieser neue Zylinderkopf ist aus hochwertigem Material gefertigt und wird komplett geliefert, inklusive montierter Ventile und Federn. Dank der vollst\u00e4ndigen Montage m\u00fcssen Sie keine Teile \u00fcbertragen oder einstellen. <\/p>\n<p class=\"p3\">\u2705 Vollst\u00e4ndig montiert<\/p>\n<p class=\"p3\">\u2705 Inklusive Ventilen und Federn<\/p>\n<p class=\"p3\">\u2705 Keine zus\u00e4tzlichen Einstellarbeiten erforderlich<\/p>\n<p class=\"p3\">\u2705 Direkt montagebereit<\/p>\n<p class=\"p3\">Eine gebrauchsfertige L\u00f6sung, die Zeit in der Werkstatt spart und das Risiko von Montagefehlern minimiert.<\/p>\n<p class=\"p3\">Dieser Zylinderkopf ist mit gro\u00dfer Sorgfalt mit den untenstehenden kompatiblen Modellen verbunden.<\/p>\n<hr>\n<h3><b>Variante <\/b><b>2. Roher Zylinderkopf \u2013 mit vormontierten Ventilsitzen<\/b><\/h3>\n<p class=\"p3\">Dieser Zylinderkopf ist aus hochwertigem Material gefertigt und wird als ein kaler Zylinderkopf mit bereits montierten Ventilsitzen geliefert. Der Kopf ist somit f\u00fcr den weiteren Aufbau mit Ihren bestehenden oder neuen Komponenten vorbereitet. <\/p>\n<p class=\"p3\">\u2705 Neuer Zylinderkopf von Top-Qualit\u00e4t<\/p>\n<p class=\"p3\">\u2705 Ventilsitze bereits montiert<\/p>\n<p class=\"p3\">\u2705 Bereit f\u00fcr die weitere Montage<\/p>\n<p class=\"p3\">\u2705 Geeignet f\u00fcr Revision oder Ma\u00dfanfertigung<\/p>\n<p class=\"p3\">Ideal f\u00fcr diejenigen, die die Kontrolle \u00fcber die Endmontage behalten oder spezifische Teile wiederverwenden m\u00f6chten.<\/p>\n<p><span style=\"text-decoration: underline;\">Suchen Sie nach dem alten Zylinderkopfmodell V2203 Modell1!<\/span>  Dieses ist im eingebauten Zustand unten und oben zu erkennen!<\/p>\n<p class=\"p3\">Der Zylinderkopf ist f\u00fcr folgende Modelle geeignet:<\/p>\n<p><strong>Kubota Motor<\/strong><\/p>\n<ul>\n<li>V2003<\/li>\n<li>V2203T, V2203E, V2203B, V2203-M, V2203<\/li>\n<li>V2403-M, V2403, V2403E, V2403 CR, V2403MA<\/li>\n<\/ul>\n<p>Beispielhafte Modelle<\/p>\n<p><strong>Bobcat<\/strong><\/p>\n<ul>\n<li>B300, BL370<\/li>\n<li>331, 334, 337, 341, 5600, 753, 763, 773, 7753<\/li>\n<li>S150, S160, S175, S185<\/li>\n<\/ul>\n<p><strong>Kubota<\/strong>:<\/p>\n<ul>\n<li>L4240 GST, L4240 HST, L4240<\/li>\n<li>L4310 GST, L4310 HST, L4310<\/li>\n<li>L4400<\/li>\n<li>L4630 GST, L4630<\/li>\n<li>L4060GST, L4060HST, L4060, L4701HST, L4701, L4740GST, L4740HST, L4760GST, L4760HST, L5030GST, L5030HST, L5030, L5040GST, L5040, L5060GST, L5240HST, L5240HST, L5460HST, L5740HST, L5740HST, L6060HST<\/li>\n<li>MX4800HST, MX4800, MX5200HST, MX5200, MX5800HST<\/li>\n<li>KX121-3a, KX121-3S<\/li>\n<li>KX161-3a<\/li>\n<li>KX161-3S<\/li>\n<li>U45-3a, U45-3S<\/li>\n<li>U50-3a<\/li>\n<li>KC250H-4 (2013 und sp\u00e4ter)<\/li>\n<li>R510, R510B (1994-1997)<\/li>\n<li>R520<\/li>\n<li>Alpha B, R520 Alpha, R520, R520B, R520S<\/li>\n<\/ul>\n<p><strong>Jungheinrich<\/strong><\/p>\n<ul>\n<li>DFG316, DFG320, DFG425, DFG430, DFG435<\/li>\n<\/ul>\n<p><strong>TYM<\/strong><\/p>\n<ul>\n<li>T430 2WD, T430 4WD<\/li>\n<li>T431 2WD, T431 4WD<\/li>\n<li>T450 2WD, T450 4WD<\/li>\n<li>T451 2WD, T451 4WD<\/li>\n<\/ul>\n<p><strong>Ausa<\/strong><\/p>\n<ul>\n<li>D 300 AM, D 300 AMG, D250AHG, Ausa D250AHGA, Ausa D350AHG, Ausa D400AHG<\/li>\n<\/ul>\n<p><strong>Bobcat<\/strong><\/p>\n<ul>\n<li>430<\/li>\n<\/ul>\n<p><strong>Dynapac<\/strong>:<\/p>\n<ul>\n<li>CC1300 (10000334x0A000001 \u2013 0A012585)<\/li>\n<li>CC1300C (10000335x0A000001 -&gt;), CC1300C (10000335x0A012552 -&gt;) IIIB\/T4i<\/li>\n<\/ul>\n<p><strong>Doosan<\/strong><\/p>\n<ul>\n<li>Doosan (Daewoo) D15G (GX), Doosan (Daewoo) D18G (GX)<\/li>\n<\/ul>\n<p><strong>Eurocomach<\/strong>:<\/p>\n<ul>\n<li>E245K (2018 und sp\u00e4ter)<\/li>\n<li>Eurocomach ES500ZT<\/li>\n<\/ul>\n<p><strong>Eurotrac <\/strong><\/p>\n<ul>\n<li>W13 K50<\/li>\n<\/ul>\n<p><strong>Gigantisch<\/strong>:<\/p>\n<ul>\n<li>V5001, V5001T<\/li>\n<li>V5002, V5002 X-tra<\/li>\n<li>V5003, V5003 Tele, V5003 X-tra<\/li>\n<li>Giant V5003T, Giant V5003T Tele, Giant V5003T X-tra, Giant V6001T, Giant V6001T X-tra, Giant V6004T, Giant V6004T Tele, Giant V6004T X-tra.<\/li>\n<\/ul>\n<p><strong>Hamm<\/strong>:<\/p>\n<ul>\n<li>HD 13 (H2010001 -&gt;), HD 13 VT (H2010001 -&gt;), HD 13 VV (H2010001 -&gt;)<\/li>\n<li>HD 14 (H2010001 -&gt;), HD 14 TT (H2080001 -&gt;), HD 14 VO (H2080001 -&gt;), HD 14 VT (H2010001 -&gt;), HD 14 VV (H2010001 -&gt;) (H2080001 -&gt;)<\/li>\n<\/ul>\n<p><strong>Hyundai<\/strong>:<\/p>\n<ul>\n<li>HSL800T<\/li>\n<li>HSL600T<\/li>\n<li>HSL600T<\/li>\n<li>15D-7E<\/li>\n<li>15D-9S<\/li>\n<li>18D-7E (ab 2008)<\/li>\n<li>18D-9S<\/li>\n<li>20D-9S<\/li>\n<li>20DA-7E (ab 2008)<\/li>\n<li>HDF 15-5 (2006-2009)<\/li>\n<li>HDF 18-5 (2006-2009)<\/li>\n<\/ul>\n<p><strong>Hitachi<\/strong><\/p>\n<ul>\n<li>ZW40, ZW50<\/li>\n<\/ul>\n<p><strong>JCB<\/strong>:<\/p>\n<ul>\n<li>3T-FT<\/li>\n<li>3T-ST<\/li>\n<\/ul>\n<p><strong>Sch\u00e4ffer<\/strong>:<\/p>\n<ul>\n<li>3033S (ab 2005)<\/li>\n<li>3050 (ab 2005)<\/li>\n<li>3150 (ab 2005)<\/li>\n<li>4048<\/li>\n<li>4050Z<\/li>\n<li>442S (ab 2003)<\/li>\n<li>450T<\/li>\n<li>5050Z (bis 2008)<\/li>\n<\/ul>\n<p><strong>Volvo<\/strong> :<\/p>\n<ul>\n<li>DD24 (ab 2005, S\/N 176704 -&gt;)<\/li>\n<li>DD28HF (ab 2005, S\/N 176704 -&gt;)<\/li>\n<li>DD30 (ab 2005, S\/N 176704 -&gt;)<\/li>\n<li>DD34HF (ab 2005, S\/N 176704 -&gt;)<\/li>\n<\/ul>\n<p><strong>Wacker Neuson:<\/strong><\/p>\n<ul>\n<li>DHK 6002 H<\/li>\n<li>DHK 7002 H<\/li>\n<\/ul>\n<p><strong>OEM zur Referenz<\/strong><\/p>\n<ul>\n<li>1J854-03040, 19077-03048, 1G91603040 1J85403040<\/li>\n<li>1G851-0304-3<\/li>\n<\/ul>\n","protected":false},"excerpt":{"rendered":"<p>Suchen Sie nach dem alten Zylinderkopfmodell V2203 Modell1! Dieses ist im eingebauten Zustand unten und oben zu erkennen! Variante 1. Kompletter Zylinderkopf mit Ventilen und Federn \u2013 direkt montagefertig Dieser neue Zylinderkopf ist aus hochwertigem Material gefertigt und wird komplett geliefert, inklusive montierter Ventile und Federn. Dank der vollst\u00e4ndigen Montage m\u00fcssen Sie keine Teile \u00fcbertragen&hellip;<\/p>\n","protected":false},"featured_media":142733,"comment_status":"open","ping_status":"closed","template":"","meta":[],"product_cat":[25468,404],"product_tag":[3895,2861],"class_list":{"0":"post-17539","1":"product","2":"type-product","3":"status-publish","4":"has-post-thumbnail","6":"product_cat-zylinderkopf-komplett","7":"product_cat-zylinderkopfe","8":"product_tag-snelparts-de","9":"product_tag-v2203-de","10":"pa_merk-bobcat-de","11":"pa_merk-komatsu-de","12":"pa_merk-kubota-de","13":"pa_merk-schaffer-de","14":"pa_motor-v2203-de","15":"pa_motor-v2403-de","17":"first","18":"instock","19":"sale","20":"taxable","21":"shipping-taxable","22":"purchasable","23":"product-type-variable","24":"col-xs-6 col-sm-4","25":"col-md-3 col-lg-3","26":"un-4-cols"},"_links":{"self":[{"href":"https:\/\/shop4trac.com\/de\/wp-json\/wp\/v2\/product\/17539","targetHints":{"allow":["GET"]}}],"collection":[{"href":"https:\/\/shop4trac.com\/de\/wp-json\/wp\/v2\/product"}],"about":[{"href":"https:\/\/shop4trac.com\/de\/wp-json\/wp\/v2\/types\/product"}],"replies":[{"embeddable":true,"href":"https:\/\/shop4trac.com\/de\/wp-json\/wp\/v2\/comments?post=17539"}],"wp:featuredmedia":[{"embeddable":true,"href":"https:\/\/shop4trac.com\/de\/wp-json\/wp\/v2\/media\/142733"}],"wp:attachment":[{"href":"https:\/\/shop4trac.com\/de\/wp-json\/wp\/v2\/media?parent=17539"}],"wp:term":[{"taxonomy":"product_cat","embeddable":true,"href":"https:\/\/shop4trac.com\/de\/wp-json\/wp\/v2\/product_cat?post=17539"},{"taxonomy":"product_tag","embeddable":true,"href":"https:\/\/shop4trac.com\/de\/wp-json\/wp\/v2\/product_tag?post=17539"}],"curies":[{"name":"wp","href":"https:\/\/api.w.org\/{rel}","templated":true}]}}