{"id":16966,"date":"2020-02-29T16:45:52","date_gmt":"2020-02-29T15:45:52","guid":{"rendered":"https:\/\/shop4trac.com\/product\/kupplungsscheibe-hinomoto-c142-c174-e14-16\/"},"modified":"2026-04-01T17:41:07","modified_gmt":"2026-04-01T16:41:07","slug":"kupplungsscheibe-hinomoto-c142-c174-e14-16","status":"publish","type":"product","link":"https:\/\/shop4trac.com\/de\/kupplung-getriebe\/kupplungsscheibe\/kupplungsscheibe-hinomoto-c142-c174-e14-16\/","title":{"rendered":"Kupplungsscheibe Hinomoto C142-C174 | E14-16 | MF1010 | Gutbrod 4000 \u2013 4250"},"content":{"rendered":"<p class=\"p1\"><b>Kupplungsscheibe \u2013 Geeignet f\u00fcr <strong>Hinomoto<\/strong> Traktoren<\/b><b><\/b><\/p>\n<p class=\"p2\">Diese Kupplungsscheibe ist von h\u00f6chster Qualit\u00e4t und speziell f\u00fcr diverse <strong>Hinomoto<\/strong>-Traktoren konzipiert. Dank der pr\u00e4zisen Verzahnung und des robusten Reibbelags gew\u00e4hrleistet diese Scheibe eine stabile, kraftvolle und langlebige Funktion der Kupplung. <\/p>\n<p class=\"p2\">Sorgf\u00e4ltig auf Basis der Originalspezifikationen zusammengestellt f\u00fcr eine perfekte Passform und zuverl\u00e4ssige Leistung.<\/p>\n<p class=\"p2\">\u2705 Hochwertiger Reibbelag<\/p>\n<p class=\"p2\">\u2705 Pr\u00e4ziser 10-Zahn-Anschluss<\/p>\n<p class=\"p2\">\u2705 Bereit zur sofortigen Montage<\/p>\n<p class=\"p1\"><b>Technische Spezifikationen:<\/b><b><\/b><\/p>\n<ul>\n<li class=\"p1\">Durchmesser: 180 mm (7,25 Zoll)<\/li>\n<li class=\"p1\">Nabenloch: 19,05 mm (3\/4 Zoll)<\/li>\n<li class=\"p1\">Anzahl der Splines: 10<\/li>\n<li class=\"p1\">Ma\u00dfkombination: 7,25\u2033 x 3\/4\u2033 x 10<\/li>\n<\/ul>\n<p class=\"p1\"><b>Geeignet f\u00fcr folgende Marken und Modelle:<\/b><b><\/b><\/p>\n<p><strong>Hinomoto<\/strong><\/p>\n<ul>\n<li>C142, C144, C172, C174<\/li>\n<li>\n<div>\n<p>E14, E15, E16<\/p>\n<\/div>\n<\/li>\n<\/ul>\n<p><strong>Massey Ferguson<\/strong><\/p>\n<ul>\n<li>1010<\/li>\n<\/ul>\n<p><strong>Allis Chalmers <\/strong><\/p>\n<ul>\n<li>5015, 5215<\/li>\n<\/ul>\n<p><strong>Deutz-Allis<\/strong><\/p>\n<ul>\n<li>5215<\/li>\n<\/ul>\n<p><strong>Vereinfachung<\/strong><\/p>\n<ul>\n<li>9518<\/li>\n<\/ul>\n<p><strong>Gutbrod<\/strong><\/p>\n<ul>\n<li>4000, 4200, 4250<\/li>\n<\/ul>\n<p><strong>OEM zur Referenz<\/strong><\/p>\n<ul>\n<li>  6192-6120-00-1, 2402-3200-00, 3002-3201-00<\/li>\n<li>6072-6120-00-1, 3282561M1<\/li>\n<li>72100763<\/li>\n<\/ul>\n","protected":false},"excerpt":{"rendered":"<p>Kupplungsscheibe \u2013 Geeignet f\u00fcr Hinomoto Traktoren Diese Kupplungsscheibe ist von h\u00f6chster Qualit\u00e4t und speziell f\u00fcr diverse Hinomoto-Traktoren konzipiert. Dank der pr\u00e4zisen Verzahnung und des robusten Reibbelags gew\u00e4hrleistet diese Scheibe eine stabile, kraftvolle und langlebige Funktion der Kupplung. Sorgf\u00e4ltig auf Basis der Originalspezifikationen zusammengestellt f\u00fcr eine perfekte Passform und zuverl\u00e4ssige Leistung. \u2705 Hochwertiger Reibbelag \u2705 Pr\u00e4ziser&hellip;<\/p>\n","protected":false},"featured_media":42697,"comment_status":"open","ping_status":"open","template":"","meta":[],"product_cat":[394],"product_tag":[3895],"class_list":{"0":"post-16966","1":"product","2":"type-product","3":"status-publish","4":"has-post-thumbnail","6":"product_cat-kupplungsscheibe","7":"product_tag-snelparts-de","8":"pa_merk-allis-chalmers-de","9":"pa_merk-deutz-de","10":"pa_merk-gutbrod-de","11":"pa_merk-hinomoto-de","13":"first","14":"instock","15":"sale","16":"taxable","17":"shipping-taxable","18":"purchasable","19":"product-type-simple","20":"col-xs-6 col-sm-4","21":"col-md-3 col-lg-3","22":"un-4-cols"},"_links":{"self":[{"href":"https:\/\/shop4trac.com\/de\/wp-json\/wp\/v2\/product\/16966","targetHints":{"allow":["GET"]}}],"collection":[{"href":"https:\/\/shop4trac.com\/de\/wp-json\/wp\/v2\/product"}],"about":[{"href":"https:\/\/shop4trac.com\/de\/wp-json\/wp\/v2\/types\/product"}],"replies":[{"embeddable":true,"href":"https:\/\/shop4trac.com\/de\/wp-json\/wp\/v2\/comments?post=16966"}],"wp:featuredmedia":[{"embeddable":true,"href":"https:\/\/shop4trac.com\/de\/wp-json\/wp\/v2\/media\/42697"}],"wp:attachment":[{"href":"https:\/\/shop4trac.com\/de\/wp-json\/wp\/v2\/media?parent=16966"}],"wp:term":[{"taxonomy":"product_cat","embeddable":true,"href":"https:\/\/shop4trac.com\/de\/wp-json\/wp\/v2\/product_cat?post=16966"},{"taxonomy":"product_tag","embeddable":true,"href":"https:\/\/shop4trac.com\/de\/wp-json\/wp\/v2\/product_tag?post=16966"}],"curies":[{"name":"wp","href":"https:\/\/api.w.org\/{rel}","templated":true}]}}