{"id":16728,"date":"2020-02-29T16:47:09","date_gmt":"2020-02-29T15:47:09","guid":{"rendered":"https:\/\/shop4trac.com\/product\/gluhkerze-gluhspule-iseki-tu-te-tl-type-3\/"},"modified":"2025-08-01T18:38:31","modified_gmt":"2025-08-01T16:38:31","slug":"gluhkerze-gluhspule-iseki-tu-te-tl-type-3","status":"publish","type":"product","link":"https:\/\/shop4trac.com\/de\/motorteile\/gluhkerze\/gluhkerze-gluhspule-iseki-tu-te-tl-type-3\/","title":{"rendered":"Gl\u00fchkerze | Gl\u00fchwendel Iseki TU TE TL Typ 3"},"content":{"rendered":"<p>Gl\u00fchkerze \/ Gl\u00fchkerze geeignet f\u00fcr:<\/p>\n<p>Iseki TL1900, TL2100, TL2300, TL2700<\/p>\n<p>Iseki TE3210F und TE3210T<\/p>\n<p>Iseki TU1700, TU1900, TU2100<\/p>\n<p>L\u00e4nge: 69 mm<\/p>\n<p>Bitte beachten Sie, dass es 3 Typen gibt. Schauen Sie im Sortiment nach den anderen beiden Typen!<\/p>\n<p><strong>OEM als Referenz<\/strong><\/p>\n<ul>\n<li>6281-410-001-00, 6281-410-002-00, 6281-410-0012-0<\/li>\n<\/ul>\n","protected":false},"excerpt":{"rendered":"<p>Gl\u00fchkerze \/ Gl\u00fchkerze geeignet f\u00fcr: Iseki TL1900, TL2100, TL2300, TL2700 Iseki TE3210F und TE3210T Iseki TU1700, TU1900, TU2100 L\u00e4nge: 69 mm Bitte beachten Sie, dass es 3 Typen gibt. Schauen Sie im Sortiment nach den anderen beiden Typen! OEM als Referenz 6281-410-001-00, 6281-410-002-00, 6281-410-0012-0<\/p>\n","protected":false},"featured_media":56461,"comment_status":"open","ping_status":"open","template":"","meta":[],"product_cat":[407],"product_tag":[3895],"class_list":{"0":"post-16728","1":"product","2":"type-product","3":"status-publish","4":"has-post-thumbnail","6":"product_cat-gluhkerze","7":"product_tag-snelparts-de","8":"pa_merk-iseki-de","10":"first","11":"instock","12":"taxable","13":"shipping-taxable","14":"purchasable","15":"product-type-simple","16":"col-xs-6 col-sm-4","17":"col-md-3 col-lg-3","18":"un-4-cols"},"_links":{"self":[{"href":"https:\/\/shop4trac.com\/de\/wp-json\/wp\/v2\/product\/16728","targetHints":{"allow":["GET"]}}],"collection":[{"href":"https:\/\/shop4trac.com\/de\/wp-json\/wp\/v2\/product"}],"about":[{"href":"https:\/\/shop4trac.com\/de\/wp-json\/wp\/v2\/types\/product"}],"replies":[{"embeddable":true,"href":"https:\/\/shop4trac.com\/de\/wp-json\/wp\/v2\/comments?post=16728"}],"wp:featuredmedia":[{"embeddable":true,"href":"https:\/\/shop4trac.com\/de\/wp-json\/wp\/v2\/media\/56461"}],"wp:attachment":[{"href":"https:\/\/shop4trac.com\/de\/wp-json\/wp\/v2\/media?parent=16728"}],"wp:term":[{"taxonomy":"product_cat","embeddable":true,"href":"https:\/\/shop4trac.com\/de\/wp-json\/wp\/v2\/product_cat?post=16728"},{"taxonomy":"product_tag","embeddable":true,"href":"https:\/\/shop4trac.com\/de\/wp-json\/wp\/v2\/product_tag?post=16728"}],"curies":[{"name":"wp","href":"https:\/\/api.w.org\/{rel}","templated":true}]}}