{"id":16718,"date":"2020-02-29T16:47:10","date_gmt":"2020-02-29T15:47:10","guid":{"rendered":"https:\/\/shop4trac.com\/product\/gloeibougie-gloeispiraal-iseki-tx-mitsubishi-d-mt-satoh\/"},"modified":"2026-04-02T11:36:06","modified_gmt":"2026-04-02T10:36:06","slug":"gluhkerze-iseki-tx-mitsubishi-d-mt-satoh","status":"publish","type":"product","link":"https:\/\/shop4trac.com\/de\/motorteile\/gluhkerze\/gluhkerze-iseki-tx-mitsubishi-d-mt-satoh\/","title":{"rendered":"Gl\u00fchkerze | Gl\u00fchwendel Iseki TX | Mitsubishi D | MT | Satoh | K3A \u2013 K3F | K4A \u2013 K4F | S3L \u2013 S4L2"},"content":{"rendered":"<p>Gl\u00fchkerze in <strong>Premiumqualit\u00e4t<\/strong> passend f\u00fcr:<\/p>\n<p><strong>Technische Daten<\/strong><\/p>\n<ul>\n<li>Anschluss: M4<\/li>\n<li>Gewindema\u00dfe: M10 x 1.25<\/li>\n<li>Schl\u00fcsselweite: 12,0 mm<\/li>\n<li>Gesamtl\u00e4nge: 86 mm<\/li>\n<\/ul>\n<p>Modelle <span style=\"text-decoration: underline\">direkt<\/span> darunter f\u00fcr Traktoren. Des Weiteren finden Sie <span style=\"text-decoration: underline\">unten auf<\/span> der Seite alle weiteren kompatiblen Modelle. <\/p>\n<p><strong>Iseki<\/strong><\/p>\n<ul>\n<li>TX145, TX155, TX1000, TX1210, TX1300 \u2013 <span style=\"text-decoration: underline\">M10-Version beachten<\/span>, TX1500, TX1500F<\/li>\n<li>TX1410, TX1410F, TX1500, TX1510, TX1510F, TX2140, TX2160<\/li>\n<li>TU1400, TU1500, TU1600, TU1401, TU1501, TU1601<\/li>\n<li>TU120, TU130, TU140, TU150, TU160, TU170<\/li>\n<li>TU145, TU155, TU157, TU160, TU165<\/li>\n<li>TU170, TU175, TU177<\/li>\n<\/ul>\n<p><strong>Bolens:<\/strong><\/p>\n<ul>\n<li>G152, G154, G174, H152, H154, H174<\/li>\n<li>TX1502, TX1504, TX1704, TX1704H<\/li>\n<\/ul>\n<p><strong>Mitsubishi<\/strong>:<\/p>\n<ul>\n<li>D1300, D1450, D1500, D1550, D1600, D1650, D1800, D1850, D2000, D2050, D2350<\/li>\n<li>MT1301, MT1401, MT1601, MT1801, MT2001, MT2201, MT2501, MTE1800, MTE2000<\/li>\n<li>MT160, MT160D, MT180, MT180D, MT180H, MT180HD, VST180D, MT200, MT210, MT210D, MT250, MT250D, MT300, MT300D<\/li>\n<li>MT1401, MT1401D, MT1601, MT1601D, MT1801, MT1801D, MT2001, MT2001D, MT2201, MT2201D, MT2501, MT2501D, MT2801, MT3201, MT4201, MT4501<\/li>\n<li>MTE1800, MTE1800D, MTE2000, MTE2000D, S670, S670D<\/li>\n<li>D3250, D3250FD, ST3220, ST3240, D3000, D3000FD, D3850, D3850FD, ST3820, ST3840<\/li>\n<\/ul>\n<p><strong>Noda<\/strong>:<\/p>\n<ul>\n<li>NR1301, 1501<\/li>\n<\/ul>\n<div class=\"short-description value\">\n<p><strong>Case:<br \/>\n<\/strong><\/p>\n<ul>\n<li>CX50<\/li>\n<\/ul>\n<p><strong>Case IH:<br \/>\n<\/strong><\/p>\n<ul>\n<li>234, 235, 244, 245, 254, 255, 265, 275, 1120, 1130, 1140<\/li>\n<\/ul>\n<\/div>\n<div class=\"long-description\">\n<div class=\"long-description-height\">\n<p><strong>Caterpillar:<br \/>\n<\/strong><\/p>\n<ul>\n<li>E302.5C, E303SR,E303.5, E304.5, E305.5, E308, H22A, N120<\/li>\n<\/ul>\n<p><strong>Cub cadet:<br \/>\n<\/strong><\/p>\n<ul>\n<li>7000, 7179, 7192, 7193, 7194, 7195, 7200, 7205, 7232, 7233, 7234, 7235, 7260, 7530<\/li>\n<\/ul>\n<p><strong>Farmtrac:<br \/>\n<\/strong><\/p>\n<ul>\n<li>300, 360<\/li>\n<\/ul>\n<p><strong>Kobelco:<\/strong><\/p>\n<ul>\n<li>SK045<\/li>\n<\/ul>\n<p><strong>Landtrac:<br \/>\n<\/strong><\/p>\n<ul>\n<li>300, 360<\/li>\n<\/ul>\n<p><strong>Mahindra:<br \/>\n<\/strong><\/p>\n<ul>\n<li>2015<\/li>\n<\/ul>\n<p><strong>White fieldboss<\/strong><\/p>\n<ul>\n<li>FB16<\/li>\n<\/ul>\n<\/div>\n<\/div>\n<p><strong>Satoh<\/strong>:<\/p>\n<ul>\n<li>ST1300, ST1420, ST1440, ST1510, ST1520, ST1540, ST1620, ST1640, ST1820, ST1840<\/li>\n<li>ST2020, ST2040<\/li>\n<li>S370, S373D, S470, S630, S-470-D<\/li>\n<\/ul>\n<p><strong>Motor<\/strong><\/p>\n<ul>\n<li>KE70, KE75<\/li>\n<li>K3A, K3B, K3C, K3D, K3E, K3F, K3G<\/li>\n<li>K4A, K4B, K4C, K4D, K4E, K4F, K4G<\/li>\n<li>S3L, S4L, S3L2, S4L2<\/li>\n<li>S3S, S3Q, S3Q2, S4S, S4Q, S4Q2<\/li>\n<\/ul>\n<p><strong>OEM-Referenznummern<\/strong><\/p>\n<ul>\n<li>MM401621, MM40162102, 56066657300<\/li>\n<li>MM409510, MM409-510<\/li>\n<li>32A66-03100, 32A66-03101, 32A66-03102<\/li>\n<li>15204-65511, 15204-6551-1<\/li>\n<li>6281-410-0100-0, 5650-040-9510-0, 5650-040-1621-0<\/li>\n<li>30666-57300, 30666-50301, 30666-57302, 30666-57303<\/li>\n<li>129331-77800<\/li>\n<li>1273118C1, 1992825C1<\/li>\n<\/ul>\n<p>Hinweis f\u00fcr die 13-PS-Versionen: Dies ist der Typ mit M10-Ausf\u00fchrung. F\u00fcr die M12-Version siehe unser Sortiment! <\/p>\n<p><strong>Andere Maschinen<\/strong><\/p>\n<p><strong>A.M.I.:<\/strong><\/p>\n<ul>\n<li>Generatorsatz: GS 0009 M 32S, GS 0013 M 32S, GS 0025 M 32S<\/li>\n<\/ul>\n<p><strong>Atlas:<\/strong><\/p>\n<ul>\n<li>AM29R, AM29R, AM35R, AM35R<\/li>\n<\/ul>\n<p><strong>Bobcat:<\/strong><\/p>\n<ul>\n<li>Bagger X125<\/li>\n<\/ul>\n<p><strong>Broadcrown:<\/strong><\/p>\n<ul>\n<li>BCM 12-50SP E2, BCM 15-60, BCM 15-60SP iT4, BCM 15-60SP, BCM 16-50 E2<\/li>\n<\/ul>\n<p><strong>Caterpillar:<\/strong><\/p>\n<ul>\n<li>Mini-Hydraulikbagger: 302.5C, 303CR, 303SR<\/li>\n<li>ZL 2B, ZLS 2B<\/li>\n<\/ul>\n<p><strong>Craftsman Marine (Mitsubishi):<\/strong><\/p>\n<ul>\n<li>CM4.42<\/li>\n<\/ul>\n<p><strong>Deutz-fahr:<\/strong><\/p>\n<ul>\n<li>Agrokid 25A, Agrokid 25 A\/HST<\/li>\n<li>Agrokid 35 a, Agrokid 45 a<\/li>\n<\/ul>\n<p><strong>Ferrari:<\/strong><\/p>\n<ul>\n<li>Traktor mit K3E-Motor<\/li>\n<li>Traktor<\/li>\n<\/ul>\n<p><strong>Frigoblock:<\/strong><\/p>\n<ul>\n<li>DS 12L, DS 17<\/li>\n<\/ul>\n<p><strong>Geko:<\/strong><\/p>\n<ul>\n<li>DH\/S 15, DH\/S 15 MF<\/li>\n<\/ul>\n<p><strong>Hanix:<\/strong><\/p>\n<ul>\n<li>Bagger, Mitsubishi K4D<\/li>\n<li>N06, N120, N150-2<\/li>\n<li>S&amp;B15SR, S&amp;B25, \u200b\u200bN11, N220, N250, S&amp;B25III, N230-2<\/li>\n<\/ul>\n<p><strong>Hitachi Baumaschinen:<\/strong><\/p>\n<ul>\n<li>Bagger UE20, Bagger UE005<\/li>\n<\/ul>\n<p><strong>Hyundai Heavy Industries (Bagger):<\/strong><\/p>\n<ul>\n<li>Minibagger: R25Z-9A, R27Z-9<\/li>\n<li>Bagger: Robex 28-7, Robex 35-7, Robex 36N-7, Robex 55-7<\/li>\n<\/ul>\n<p><strong>Ingersoll Rand:<\/strong><\/p>\n<ul>\n<li>Generator: G11, G12<\/li>\n<\/ul>\n<p><strong>JF marine power BV:<\/strong><\/p>\n<ul>\n<li>JF15-1500<\/li>\n<\/ul>\n<p><strong>K&amp;G:<\/strong><\/p>\n<ul>\n<li>G20<\/li>\n<\/ul>\n<p><strong>Kumiai:<\/strong><\/p>\n<ul>\n<li>ST1620, ST1640, ST1820, ST1840<\/li>\n<\/ul>\n<p><strong>LG Traktoren:<\/strong><\/p>\n<ul>\n<li>LT280D, LT360D, LT360HST<\/li>\n<\/ul>\n<p><strong>Lamborghini:<\/strong><\/p>\n<ul>\n<li>Runner 250, Runner 250 Jet<\/li>\n<li>Runner 350, Runner 450<\/li>\n<\/ul>\n<p><strong>Mam (Mitsubishi Agricultural Machinery CO., LTD):<\/strong><\/p>\n<ul>\n<li>Schaufel 03-06-10, Mitsubishi K4D<\/li>\n<li>Traktor: GS160, GS180, GS200, GS210, GS230, GS250, M\u00e4hdrescher VS38, VY43 Traktoren GO26, GO26H, GO28, GO28H, GO30, GO30H, GO32, GO32H, GO34, GO34H, GX34, GX37, MT251K, MT331K<\/li>\n<\/ul>\n<p><strong>Mastervolt:<\/strong><\/p>\n<ul>\n<li>Whisper 12000 Ultra, Whisper 12000-1500\/50Hz, Whisper 15000 Ultra<\/li>\n<\/ul>\n<p><strong>Massey Ferguson:<\/strong><\/p>\n<ul>\n<li>MF 2405, MF 2410, MF 2415<\/li>\n<\/ul>\n<p><strong>Moffett:<\/strong><\/p>\n<ul>\n<li>Gabelstapler, Mounty<\/li>\n<\/ul>\n<p><strong>Nagano:<\/strong><\/p>\n<ul>\n<li>Arbeitsb\u00fchne: NA120A, NA90ZA<\/li>\n<li>Minibagger: NS35R-3, NB30, CX26-3, NS25-3, NUL120-3, NA90A, NUZ090D<\/li>\n<\/ul>\n<p><strong>Nilfisk-Alto:<\/strong><\/p>\n<ul>\n<li>Hochdruckreiniger: Contractor Silent, Kehr-\/Scheuersaugmaschine ATS 46, Kehr-\/Scheuersaugmaschine ATS 53<\/li>\n<\/ul>\n<p><strong>Optimess:<\/strong><\/p>\n<ul>\n<li>BHKW: tiger 8\/16 PPN<\/li>\n<\/ul>\n<p><strong>Pel Job:<\/strong><\/p>\n<ul>\n<li>EB14, EB12, EB11<\/li>\n<li>EB28.4, EB22, EB22.4, EB16, LS286<\/li>\n<\/ul>\n<p><strong>Pronar:<\/strong><\/p>\n<ul>\n<li>Traktor 320, Traktor 320 AM<\/li>\n<\/ul>\n<p><strong>Samofa:<\/strong><\/p>\n<ul>\n<li>K3B Motor<\/li>\n<li>Standard Industrie<\/li>\n<\/ul>\n<p><strong>Sabb:<\/strong><\/p>\n<ul>\n<li>Marine Anwendung, Marine Anwendung K4E<\/li>\n<li>Marine K4E<\/li>\n<\/ul>\n<p><strong>Same:<\/strong><\/p>\n<ul>\n<li>Solaris 25<\/li>\n<li>Solaris 35<\/li>\n<li>Traktor<\/li>\n<\/ul>\n<p><strong>Schaeff Terex:<\/strong><\/p>\n<ul>\n<li>Bagger HR02, HR4, HR3, HR4A, Kompaktlader SKL808, SKS611<\/li>\n<li>Bagger HR14, HR16, HR16A, HR3.7, HR4, HR3, HR4A, Kompaktlader SKL808<\/li>\n<\/ul>\n<p><strong>Seimitsu:<\/strong><\/p>\n<ul>\n<li>Generatorsatz KDG-10T, Schwei\u00dfgenerator PDW270<\/li>\n<\/ul>\n<p><strong>Sol\u00e9 Diesel:<\/strong><\/p>\n<ul>\n<li>Marine G-15M-15, Marine G-15T-15, Marine G-25M-3, Marine G-25T-3, Marine Mini 44, Marine Mini 55<\/li>\n<\/ul>\n<p><strong>Teksan Generator:<\/strong><\/p>\n<ul>\n<li>Generator TJ9MS, TJ11MS, TJ20MS, Generator TJ16MS, Generator TJ27MS<\/li>\n<\/ul>\n<p><strong>Technogen:<\/strong><\/p>\n<ul>\n<li>Generator MI12 \/ 4SX, Generator MI12T \/<\/li>\n<li>4SX, Generator MI17 \/ 4SX, Generator MI17T<\/li>\n<\/ul>\n<p><strong>Terex:<\/strong><\/p>\n<ul>\n<li>Bagger TC29, Bagger TC35, Bagger TC37<\/li>\n<\/ul>\n<p><strong>Terex-Schaeff:<\/strong><\/p>\n<ul>\n<li>Bagger HR14, Bagger HR16, Bagger HR16A, Bagger HR3.7, Bagger TC29, Bagger TC35, Bagger TC37, Bagger HR16A, Bagger TC37, Bagger HR16A, Bagger TC35, Bagger HR16A, Bagger TC37, Bagger HR3.7, Bagger TC37<\/li>\n<\/ul>\n<p><strong>Toro:<\/strong><\/p>\n<ul>\n<li>Fairway-M\u00e4her Reelmaster 220-D, Rasenm\u00e4her GM 220D, Rasenm\u00e4her Groundsmaster 220-D, Nutzfahrzeug Workman 3300-D, Nutzfahrzeug Workman 4300-D<\/li>\n<\/ul>\n<p><strong>Trition:<\/strong><\/p>\n<ul>\n<li>Generatorsatz 15\/15<\/li>\n<\/ul>\n<p><strong>Vetus:<\/strong><\/p>\n<ul>\n<li>M3.10, M4.14, Navy M4.15, Navy M4.17<\/li>\n<\/ul>\n<p><strong>Volvo:<\/strong><\/p>\n<ul>\n<li>Bagger EC35<\/li>\n<\/ul>\n<p><strong>Weidemann:<\/strong><\/p>\n<ul>\n<li>Radlader 1070D\/M, Radlader 1050D\/M, 1705D\/M, 1802BLD\/M, 917D\/M, 919D\/M, 1055D\/M, 1504D\/M<\/li>\n<\/ul>\n<p><strong>Whisper Power:<\/strong><\/p>\n<ul>\n<li>Superleiser Dieselgenerator SQ12 1500 U\/min 230V\/50Hz<\/li>\n<\/ul>\n<p><strong>Zeppelin:<\/strong><\/p>\n<ul>\n<li>Bagger ZR25, Bagger ZR35<\/li>\n<\/ul>\n","protected":false},"excerpt":{"rendered":"<p>Gl\u00fchkerze in Premiumqualit\u00e4t passend f\u00fcr: Technische Daten Anschluss: M4 Gewindema\u00dfe: M10 x 1.25 Schl\u00fcsselweite: 12,0 mm Gesamtl\u00e4nge: 86 mm Modelle direkt darunter f\u00fcr Traktoren. Des Weiteren finden Sie unten auf der Seite alle weiteren kompatiblen Modelle. Iseki TX145, TX155, TX1000, TX1210, TX1300 \u2013 M10-Version beachten, TX1500, TX1500F TX1410, TX1410F, TX1500, TX1510, TX1510F, TX2140, TX2160 TU1400,&hellip;<\/p>\n","protected":false},"featured_media":106059,"comment_status":"open","ping_status":"closed","template":"","meta":[],"product_cat":[407],"product_tag":[3895],"class_list":{"0":"post-16718","1":"product","2":"type-product","3":"status-publish","4":"has-post-thumbnail","6":"product_cat-gluhkerze","7":"product_tag-snelparts-de","8":"pa_merk-atlas-de","9":"pa_merk-bobcat-de","10":"pa_merk-deutz-de","11":"pa_merk-farmtrac-de","12":"pa_merk-hitachi-de","13":"pa_merk-hyundai-de","14":"pa_merk-iseki-de","15":"pa_merk-kumiai-de","16":"pa_merk-massey-ferguson-de","17":"pa_merk-mitsubishi-de","18":"pa_merk-peljob-de","19":"pa_merk-satoh-de","20":"pa_merk-sole-diesel-de","21":"pa_merk-takeushi-de","22":"pa_merk-terex-de","23":"pa_merk-toro-de","24":"pa_merk-vetus-de","25":"pa_motor-k3a-de","26":"pa_motor-k3b-de","27":"pa_motor-k3c-de","28":"pa_motor-k3d-de","29":"pa_motor-k3e-de","30":"pa_motor-k3f-de","31":"pa_motor-k4a-de","32":"pa_motor-k4b-de","33":"pa_motor-k4c-de","34":"pa_motor-k4d-de","35":"pa_motor-k4e-de","36":"pa_motor-k4f-de","37":"pa_motor-ke70-de","38":"pa_motor-ke75-de","39":"pa_motor-s3l-de","40":"pa_motor-s4l-de","42":"first","43":"instock","44":"sale","45":"taxable","46":"shipping-taxable","47":"purchasable","48":"product-type-simple","49":"col-xs-6 col-sm-4","50":"col-md-3 col-lg-3","51":"un-4-cols"},"_links":{"self":[{"href":"https:\/\/shop4trac.com\/de\/wp-json\/wp\/v2\/product\/16718","targetHints":{"allow":["GET"]}}],"collection":[{"href":"https:\/\/shop4trac.com\/de\/wp-json\/wp\/v2\/product"}],"about":[{"href":"https:\/\/shop4trac.com\/de\/wp-json\/wp\/v2\/types\/product"}],"replies":[{"embeddable":true,"href":"https:\/\/shop4trac.com\/de\/wp-json\/wp\/v2\/comments?post=16718"}],"wp:featuredmedia":[{"embeddable":true,"href":"https:\/\/shop4trac.com\/de\/wp-json\/wp\/v2\/media\/106059"}],"wp:attachment":[{"href":"https:\/\/shop4trac.com\/de\/wp-json\/wp\/v2\/media?parent=16718"}],"wp:term":[{"taxonomy":"product_cat","embeddable":true,"href":"https:\/\/shop4trac.com\/de\/wp-json\/wp\/v2\/product_cat?post=16718"},{"taxonomy":"product_tag","embeddable":true,"href":"https:\/\/shop4trac.com\/de\/wp-json\/wp\/v2\/product_tag?post=16718"}],"curies":[{"name":"wp","href":"https:\/\/api.w.org\/{rel}","templated":true}]}}