{"id":16706,"date":"2020-02-29T16:47:11","date_gmt":"2020-02-29T15:47:11","guid":{"rendered":"https:\/\/shop4trac.com\/product\/gluhkerze-gluhspule-shibaura-sd1500-sd2200\/"},"modified":"2025-08-17T18:23:13","modified_gmt":"2025-08-17T16:23:13","slug":"gluhkerze-gluhspule-shibaura-sd1500-sd2200","status":"publish","type":"product","link":"https:\/\/shop4trac.com\/de\/motorteile\/gluhkerze\/gluhkerze-gluhspule-shibaura-sd1500-sd2200\/","title":{"rendered":"Gl\u00fchkerze | Gl\u00fchwendel Shibaura SD1500-SD2200"},"content":{"rendered":"<p>Gl\u00fchkerze \/ Gl\u00fchkerze geeignet f\u00fcr:<\/p>\n<p><strong>Gewinde<\/strong> : M14<\/p>\n<p><strong>Shibaura<\/strong><\/p>\n<ul>\n<li>SD1500, SD1540, SD1800, SD1840, SD2000D, SD2040, SD2200, SD2200D<\/li>\n<li>S700, S900, S1000, S1500<\/li>\n<\/ul>\n<p><strong>Ford<\/strong><\/p>\n<ul>\n<li>1000, 1500, 1600, 1700<\/li>\n<\/ul>\n<p><strong>Motor<\/strong><\/p>\n<ul>\n<li>LE752, LE802B, LET852, LET862C, LE892<\/li>\n<\/ul>\n<p>OEM als Referenz<\/p>\n<ul>\n<li>18536-6010<\/li>\n<\/ul>\n","protected":false},"excerpt":{"rendered":"<p>Gl\u00fchkerze \/ Gl\u00fchkerze geeignet f\u00fcr: Gewinde : M14 Shibaura SD1500, SD1540, SD1800, SD1840, SD2000D, SD2040, SD2200, SD2200D S700, S900, S1000, S1500 Ford 1000, 1500, 1600, 1700 Motor LE752, LE802B, LET852, LET862C, LE892 OEM als Referenz 18536-6010<\/p>\n","protected":false},"featured_media":90968,"comment_status":"open","ping_status":"closed","template":"","meta":[],"product_cat":[407],"product_tag":[3895],"class_list":{"0":"post-16706","1":"product","2":"type-product","3":"status-publish","4":"has-post-thumbnail","6":"product_cat-gluhkerze","7":"product_tag-snelparts-de","8":"pa_merk-shibaura-de","10":"first","11":"instock","12":"taxable","13":"shipping-taxable","14":"purchasable","15":"product-type-simple","16":"col-xs-6 col-sm-4","17":"col-md-3 col-lg-3","18":"un-4-cols"},"_links":{"self":[{"href":"https:\/\/shop4trac.com\/de\/wp-json\/wp\/v2\/product\/16706","targetHints":{"allow":["GET"]}}],"collection":[{"href":"https:\/\/shop4trac.com\/de\/wp-json\/wp\/v2\/product"}],"about":[{"href":"https:\/\/shop4trac.com\/de\/wp-json\/wp\/v2\/types\/product"}],"replies":[{"embeddable":true,"href":"https:\/\/shop4trac.com\/de\/wp-json\/wp\/v2\/comments?post=16706"}],"wp:featuredmedia":[{"embeddable":true,"href":"https:\/\/shop4trac.com\/de\/wp-json\/wp\/v2\/media\/90968"}],"wp:attachment":[{"href":"https:\/\/shop4trac.com\/de\/wp-json\/wp\/v2\/media?parent=16706"}],"wp:term":[{"taxonomy":"product_cat","embeddable":true,"href":"https:\/\/shop4trac.com\/de\/wp-json\/wp\/v2\/product_cat?post=16706"},{"taxonomy":"product_tag","embeddable":true,"href":"https:\/\/shop4trac.com\/de\/wp-json\/wp\/v2\/product_tag?post=16706"}],"curies":[{"name":"wp","href":"https:\/\/api.w.org\/{rel}","templated":true}]}}