{"id":16705,"date":"2020-02-29T16:47:11","date_gmt":"2020-02-29T15:47:11","guid":{"rendered":"https:\/\/shop4trac.com\/product\/gluhkerze-gluhspule-yanmar-motoren-ke2d-ke3a-ke4a-ke4d\/"},"modified":"2026-04-03T19:06:45","modified_gmt":"2026-04-03T18:06:45","slug":"gluhkerze-gluhkerze-yanmar-motoren-ke2d-ke3a-ke4a-ke4d","status":"publish","type":"product","link":"https:\/\/shop4trac.com\/de\/motorteile\/gluhkerze\/gluhkerze-gluhkerze-yanmar-motoren-ke2d-ke3a-ke4a-ke4d\/","title":{"rendered":"Gl\u00fchkerze | Gl\u00fchwendel Yanmar | John Deere | 2TNE68 \u2013 3TNE74 | 3TNE72 \u2013 3TNA72 \u2013 3TNA75 | 3TNV72"},"content":{"rendered":"<p>Gl\u00fchkerze \/ Gl\u00fchkerze in Premium-Qualit\u00e4t passend f\u00fcr:<\/p>\n<p><strong>Yanmar<\/strong><\/p>\n<ul>\n<li>F5, F6, F7, F5D, F6D, F7D<\/li>\n<li>F13, F13D, F14, F14D, F15, F15D, F16, F16D, F17, F17D, F18, F18D, F20, F20D, F22, F22D, F24, F24D<\/li>\n<li>F37D, F46D, FX16, FX16D, FX17, FX17D, FX18, FX18D, FX20, FX20D, FX22, FX22D, FX24, FX24D<\/li>\n<li>FX26, FX26D, FX28, FX28D, FX32, FX32D, FX42, FX42D, FF145D, FF155D, F145, F145D, F155, F155D<\/li>\n<li>F165, F165D, F175, F175D, F195, F195D, F180D, F200D, F220D, F215, F215D, F235, F235D, F255, F255D<\/li>\n<li>F265, F265D, FX215, FX215, FX235, FX235D, FX255, FX255D, FX265, FX265D, FX285, FX285D, FX305<\/li>\n<li>FX305D, FX335, FX335D, FX435, FX435, FX165, F5D, F6D, F7D, F21EX, F28EX, F32EX, F37EX, F42EX<\/li>\n<li>KE2D, KE3A, KE3D, KE4A, KE4D<\/li>\n<li>AF-15, AF-16, AF-17, AF-18<\/li>\n<\/ul>\n<p>John Deere<\/p>\n<ul>\n<li>1025R, 1026R, 2025R, 2305, 2320, 1435, 1025R, 1026R, 2025R, 2305, 2320<\/li>\n<li>655, 755, 855, 955<\/li>\n<\/ul>\n<p><strong>Motoren<\/strong><\/p>\n<ul>\n<li>2TN66E \/ L , 3TN63L , 3TN66L, 3TN68L , 3TN72L , 3TNA68L , 3TNA72E \/ J \/ L, 3TNE66E, 3TNE68L, 3TNE74<\/li>\n<li>2TN66E\/L, 2TNE68C-EBG, 3TN63L, 3TN66L. 3TN72L, 3TNA68L, 3TNE66E, 3TNE68L, 3TNE72-G2A<\/li>\n<li>3TNE72-SA, 3TNE74-SA, 3TNE74C-SA, 3TNE74-G1A &amp; G2A, 3TNE74C-G1A, KE40<\/li>\n<li>3TNA72-UA2, 3TNA75<\/li>\n<li>3TNV70, 3TNV70-XJUV<\/li>\n<li>3TN75, 3TNA75, 3TNT5U, 3TN66, 3TNE68, 3TNA68<\/li>\n<li>3T70B-NAC<\/li>\n<\/ul>\n<p><strong>OEM als Referenz<\/strong><\/p>\n<ul>\n<li>129155-77800, 129155-77801, 119717-77801, 119717-77800<\/li>\n<li>M87919<\/li>\n<\/ul>\n","protected":false},"excerpt":{"rendered":"<p>Gl\u00fchkerze \/ Gl\u00fchkerze in Premium-Qualit\u00e4t passend f\u00fcr: Yanmar F5, F6, F7, F5D, F6D, F7D F13, F13D, F14, F14D, F15, F15D, F16, F16D, F17, F17D, F18, F18D, F20, F20D, F22, F22D, F24, F24D F37D, F46D, FX16, FX16D, FX17, FX17D, FX18, FX18D, FX20, FX20D, FX22, FX22D, FX24, FX24D FX26, FX26D, FX28, FX28D, FX32, FX32D, FX42, FX42D, FF145D,&hellip;<\/p>\n","protected":false},"featured_media":56461,"comment_status":"open","ping_status":"closed","template":"","meta":[],"product_cat":[407],"product_tag":[3895],"class_list":{"0":"post-16705","1":"product","2":"type-product","3":"status-publish","4":"has-post-thumbnail","6":"product_cat-gluhkerze","7":"product_tag-snelparts-de","8":"pa_merk-john-deere-de","9":"pa_merk-yanmar-de","11":"first","12":"instock","13":"sale","14":"taxable","15":"shipping-taxable","16":"purchasable","17":"product-type-simple","18":"col-xs-6 col-sm-4","19":"col-md-3 col-lg-3","20":"un-4-cols"},"_links":{"self":[{"href":"https:\/\/shop4trac.com\/de\/wp-json\/wp\/v2\/product\/16705","targetHints":{"allow":["GET"]}}],"collection":[{"href":"https:\/\/shop4trac.com\/de\/wp-json\/wp\/v2\/product"}],"about":[{"href":"https:\/\/shop4trac.com\/de\/wp-json\/wp\/v2\/types\/product"}],"replies":[{"embeddable":true,"href":"https:\/\/shop4trac.com\/de\/wp-json\/wp\/v2\/comments?post=16705"}],"wp:featuredmedia":[{"embeddable":true,"href":"https:\/\/shop4trac.com\/de\/wp-json\/wp\/v2\/media\/56461"}],"wp:attachment":[{"href":"https:\/\/shop4trac.com\/de\/wp-json\/wp\/v2\/media?parent=16705"}],"wp:term":[{"taxonomy":"product_cat","embeddable":true,"href":"https:\/\/shop4trac.com\/de\/wp-json\/wp\/v2\/product_cat?post=16705"},{"taxonomy":"product_tag","embeddable":true,"href":"https:\/\/shop4trac.com\/de\/wp-json\/wp\/v2\/product_tag?post=16705"}],"curies":[{"name":"wp","href":"https:\/\/api.w.org\/{rel}","templated":true}]}}