{"id":166857,"date":"2025-09-24T15:01:17","date_gmt":"2025-09-24T13:01:17","guid":{"rendered":"https:\/\/shop4trac.com\/unkategorisiert\/kuehler-kubota-b1550d-b1550e-b1550hst-d\/"},"modified":"2025-10-20T19:20:36","modified_gmt":"2025-10-20T17:20:36","slug":"kuehler-kubota-b1550d-b1550e-b1550hst-d","status":"publish","type":"product","link":"https:\/\/shop4trac.com\/de\/kuehlung-kuehler\/kuhler\/kuehler-kubota-b1550d-b1550e-b1550hst-d\/","title":{"rendered":"K\u00fchler Kubota B1550D \u2013 B1550E \u2013 B1550HST-D"},"content":{"rendered":"<p class=\"p1\">Neuer K\u00fchler von <span style=\"text-decoration: underline;\"><strong>europ\u00e4ischer<\/strong><\/span> Qualit\u00e4t, passend f\u00fcr Kubota B1550 Modelle. Ausgef\u00fchrt mit 2 Reihen K\u00fchlr\u00f6hrchen und Standard-Lamellenpaket-Konstruktion f\u00fcr optimale K\u00fchlung. <\/p>\n<p class=\"p1\">? Eigenschaften:<\/p>\n<p class=\"p1\">\u2714\ufe0f Hochwertiger 2-reihiger K\u00fchler<\/p>\n<p class=\"p1\">\u2714\ufe0f Speziell nach Kubota-Vorschriften gefertigt<\/p>\n<p class=\"p1\">\u2714\ufe0f Geeignet f\u00fcr mehrere Kubota B1550 Varianten<\/p>\n<p class=\"p1\">\u2714\ufe0f OEM-Nummern als Referenz f\u00fcr die richtige Passform<\/p>\n<p class=\"p1\">? Technische Daten:<\/p>\n<p class=\"p1\">\u2013 Abmessungen: 323 mm x 348 mm x 31 mm<\/p>\n<p class=\"p1\">\u2013 2 Reihen K\u00fchlr\u00f6hrchen<\/p>\n<p class=\"p1\">\u2013 Standard-Lamellenpaket-Konstruktion<\/p>\n<hr>\n<p class=\"p4\"><b>Kubota<\/b><b><\/b><\/p>\n<ul>\n<li>\n<p class=\"p1\">B1550D (4WD)<\/p>\n<\/li>\n<li>\n<p class=\"p1\">B1550E (2WD)<\/p>\n<\/li>\n<li>\n<p class=\"p1\">B1550HST-D (Hydrostatic Transmission, 4WD)<\/p>\n<\/li>\n<\/ul>\n<p class=\"p4\"><b>OEM zur Referenz<\/b><b><\/b><\/p>\n<ul>\n<li>\n<p class=\"p1\">66424-58703<\/p>\n<\/li>\n<li>\n<p class=\"p1\">66424-58700<\/p>\n<\/li>\n<\/ul>\n","protected":false},"excerpt":{"rendered":"<p>Neuer K\u00fchler von europ\u00e4ischer Qualit\u00e4t, passend f\u00fcr Kubota B1550 Modelle. Ausgef\u00fchrt mit 2 Reihen K\u00fchlr\u00f6hrchen und Standard-Lamellenpaket-Konstruktion f\u00fcr optimale K\u00fchlung. ? Eigenschaften: \u2714\ufe0f Hochwertiger 2-reihiger K\u00fchler \u2714\ufe0f Speziell nach Kubota-Vorschriften gefertigt \u2714\ufe0f Geeignet f\u00fcr mehrere Kubota B1550 Varianten \u2714\ufe0f OEM-Nummern als Referenz f\u00fcr die richtige Passform ? Technische Daten: \u2013 Abmessungen: 323 mm x 348&hellip;<\/p>\n","protected":false},"featured_media":175122,"comment_status":"closed","ping_status":"closed","template":"","meta":[],"product_cat":[387],"product_tag":[],"class_list":{"0":"post-166857","1":"product","2":"type-product","3":"status-publish","4":"has-post-thumbnail","6":"product_cat-kuhler","7":"pa_merk-kubota-de","9":"first","10":"instock","11":"sale","12":"taxable","13":"shipping-taxable","14":"purchasable","15":"product-type-simple","16":"col-xs-6 col-sm-4","17":"col-md-3 col-lg-3","18":"un-4-cols"},"_links":{"self":[{"href":"https:\/\/shop4trac.com\/de\/wp-json\/wp\/v2\/product\/166857","targetHints":{"allow":["GET"]}}],"collection":[{"href":"https:\/\/shop4trac.com\/de\/wp-json\/wp\/v2\/product"}],"about":[{"href":"https:\/\/shop4trac.com\/de\/wp-json\/wp\/v2\/types\/product"}],"replies":[{"embeddable":true,"href":"https:\/\/shop4trac.com\/de\/wp-json\/wp\/v2\/comments?post=166857"}],"wp:featuredmedia":[{"embeddable":true,"href":"https:\/\/shop4trac.com\/de\/wp-json\/wp\/v2\/media\/175122"}],"wp:attachment":[{"href":"https:\/\/shop4trac.com\/de\/wp-json\/wp\/v2\/media?parent=166857"}],"wp:term":[{"taxonomy":"product_cat","embeddable":true,"href":"https:\/\/shop4trac.com\/de\/wp-json\/wp\/v2\/product_cat?post=166857"},{"taxonomy":"product_tag","embeddable":true,"href":"https:\/\/shop4trac.com\/de\/wp-json\/wp\/v2\/product_tag?post=166857"}],"curies":[{"name":"wp","href":"https:\/\/api.w.org\/{rel}","templated":true}]}}