{"id":165648,"date":"2025-09-16T13:39:46","date_gmt":"2025-09-16T11:39:46","guid":{"rendered":"https:\/\/shop4trac.com\/unkategorisiert\/leak-stop-getriebeadditiv-250ml\/"},"modified":"2026-02-20T22:44:12","modified_gmt":"2026-02-20T21:44:12","slug":"leak-stop-getriebeadditiv-250ml","status":"publish","type":"product","link":"https:\/\/shop4trac.com\/de\/oel\/additiv\/leak-stop-getriebeadditiv-250ml\/","title":{"rendered":"Leck-Stop | Getriebe Additiv 250ml"},"content":{"rendered":"<p class=\"p1\">Leck-Stop ist ein spezielles Additiv, das entwickelt wurde, um \u00d6lverluste in mechanischen Getrieben, Differentialen und Antriebswellen zu reduzieren oder vollst\u00e4ndig zu stoppen. Es regeneriert und revitalisiert Gummidichtungen, wodurch diese wieder elastisch und funktionsf\u00e4hig werden. Dies verhindert weitere \u00d6lverluste und verl\u00e4ngert die Lebensdauer der Getriebekomponenten.  <\/p>\n<p class=\"p1\">Dank der fortschrittlichen Formel wirkt dieses Produkt ohne Demontage des Getriebes und hilft, kostspielige Reparaturen zu vermeiden.<\/p>\n<h3><b>Vorteile:<\/b><\/h3>\n<ul>\n<li>\n<p class=\"p1\">Reduziert und stoppt \u00d6llecks in Getrieben und Differentialen.<\/p>\n<\/li>\n<li>\n<p class=\"p1\">Stellt die Elastizit\u00e4t von Gummidichtungen wieder her.<\/p>\n<\/li>\n<li>\n<p class=\"p1\">Erh\u00f6ht die Zuverl\u00e4ssigkeit und Lebensdauer des Getriebes.<\/p>\n<\/li>\n<li>\n<p class=\"p1\">Geeignet f\u00fcr Schaltgetriebe und Antriebswellen.<\/p>\n<\/li>\n<li>\n<p class=\"p1\">Verhindert Sch\u00e4den durch niedrigen \u00d6lstand.<\/p>\n<\/li>\n<\/ul>\n<h3><b>Spezifikationen:<\/b><\/h3>\n<ul>\n<li>\n<p class=\"p1\">Inhalt: 250 ml<\/p>\n<\/li>\n<li>\n<p class=\"p1\">Dosierung: ausreichend f\u00fcr bis zu 3 Liter Getriebe\u00f6l<\/p>\n<\/li>\n<li>\n<p class=\"p1\">Geeignet f\u00fcr: Schaltgetriebe, Differentiale und Antriebswellen (nicht f\u00fcr Automatikgetriebe oder Motoren)<\/p>\n<\/li>\n<\/ul>\n<h3><b>Anwendung:<\/b><\/h3>\n<p class=\"p1\">Geben Sie den Inhalt einer Flasche (250 ml) zum Getriebe\u00f6l hinzu.<\/p>\n<p class=\"p1\">F\u00fcr Getriebe mit einem Fassungsverm\u00f6gen von mehr als 3 Litern wird eine zweite Flasche empfohlen.<\/p>\n<h3><b>Geeignet f\u00fcr Marken wie:<\/b><\/h3>\n<p class=\"p1\">Kubota, Yanmar, Iseki, Mitsubishi, Shibaura, Hinomoto und andere Minitraktoren und leichte Nutzfahrzeuge.<\/p>\n","protected":false},"excerpt":{"rendered":"<p>Leck-Stop ist ein spezielles Additiv, das entwickelt wurde, um \u00d6lverluste in mechanischen Getrieben, Differentialen und Antriebswellen zu reduzieren oder vollst\u00e4ndig zu stoppen. Es regeneriert und revitalisiert Gummidichtungen, wodurch diese wieder elastisch und funktionsf\u00e4hig werden. Dies verhindert weitere \u00d6lverluste und verl\u00e4ngert die Lebensdauer der Getriebekomponenten. Dank der fortschrittlichen Formel wirkt dieses Produkt ohne Demontage des Getriebes&hellip;<\/p>\n","protected":false},"featured_media":165636,"comment_status":"closed","ping_status":"closed","template":"","meta":[],"product_cat":[29524],"product_tag":[],"class_list":{"0":"post-165648","1":"product","2":"type-product","3":"status-publish","4":"has-post-thumbnail","6":"product_cat-additiv","7":"pa_merk-agco-de","8":"pa_merk-agria-de","9":"pa_merk-airman-de","10":"pa_merk-aixam-de","11":"pa_merk-allis-chalmers-de","12":"pa_merk-ami-de","13":"pa_merk-antonio-carraro-de","14":"pa_merk-atlas-de","15":"pa_merk-ausa-de","16":"pa_merk-avant-de","17":"pa_merk-bcs-de","18":"pa_merk-bertolini-de","19":"pa_merk-beta-de","20":"pa_merk-bobcat-de","21":"pa_merk-bolens-de","22":"pa_merk-branson-de","23":"pa_merk-captain-tractor-de","24":"pa_merk-carraro-de","25":"pa_merk-casalini-de","26":"pa_merk-case-de","27":"pa_merk-case-ih-de","28":"pa_merk-caterpillar-de","29":"pa_merk-challenger-de","30":"pa_merk-craftsman-marine-de","31":"pa_merk-cub-cadet-de","32":"pa_merk-cup-cadet-de","33":"pa_merk-daewoo-de","34":"pa_merk-denyo-de","35":"pa_merk-deutz-de","36":"pa_merk-deutz-allis-de","37":"pa_merk-doosan-de","38":"pa_merk-eurocomach-de","39":"pa_merk-eurotrac-de","40":"pa_merk-farmtrac-de","41":"pa_merk-ferrari-agri-de","42":"pa_merk-ford-de","43":"pa_merk-gehl-de","44":"pa_merk-genie-de","45":"pa_merk-gianni-ferrari-de","46":"pa_merk-giant-de","47":"pa_merk-goldoni-de","48":"pa_merk-gutbrod-de","49":"pa_merk-hako-de","50":"pa_merk-hanix-de","51":"pa_merk-hfl-de","52":"pa_merk-hinomoto-de","53":"pa_merk-hitachi-de","54":"pa_merk-holder-de","55":"pa_merk-hyundai-de","56":"pa_merk-ingersoll-rand-de","57":"pa_merk-iseki-de","58":"pa_merk-iseki-de-2","59":"pa_merk-j-f-marine-power-de","60":"pa_merk-jcb-de","61":"pa_merk-john-deere-de","62":"pa_merk-jungheinrich-de","63":"pa_merk-kawasaki-de","64":"pa_merk-kioti-de","65":"pa_merk-knikmops-de","66":"pa_merk-kobelco-de","67":"pa_merk-komatsu-de","68":"pa_merk-kubota-de","69":"pa_merk-kumiai-de","70":"pa_merk-lamborghini-de","71":"pa_merk-landini-de","72":"pa_merk-landtrac-de","73":"pa_merk-lokari-de","74":"pa_merk-magnum-de","75":"pa_merk-mahindra-de","76":"pa_merk-manitou-de","77":"pa_merk-massey-ferguson-de","78":"pa_merk-mastervolt-de","79":"pa_merk-mitsubishi-de","80":"pa_merk-mustang-de","81":"pa_merk-nagano-de","82":"pa_merk-nanni-de","83":"pa_merk-new-holland-de","84":"pa_merk-noda-de","85":"pa_merk-ok-de","86":"pa_merk-pasquali-de","87":"pa_merk-peljob-de","88":"pa_merk-perkins-de","89":"pa_merk-ransomes-de","90":"pa_merk-samofa-de","91":"pa_merk-satoh-de","92":"pa_merk-schaeff-de","93":"pa_merk-schaffer-de","94":"pa_merk-sdmo-de","95":"pa_merk-shibaura-de","96":"pa_merk-simplicity-de","97":"pa_merk-sole-diesel-de","98":"pa_merk-solis-de","99":"pa_merk-sumitomo-de","100":"pa_merk-suzue-de","101":"pa_merk-takeuchi-de","102":"pa_merk-takeushi-de","103":"pa_merk-tcm-de","104":"pa_merk-technogen-de","105":"pa_merk-teksan-de","106":"pa_merk-terex-de","107":"pa_merk-thermoking-de","108":"pa_merk-toro-de","109":"pa_merk-triton-de","110":"pa_merk-trixon-de","111":"pa_merk-tym-de","112":"pa_merk-vetus-de","113":"pa_merk-volvo-de","114":"pa_merk-wacker-neuson-de","115":"pa_merk-weidemann-de","116":"pa_merk-westerbeke-de","117":"pa_merk-whisper-power-de","118":"pa_merk-white-de","119":"pa_merk-white-field-boss-de","120":"pa_merk-white-oliver-de","121":"pa_merk-yanmar-de","122":"pa_merk-zen-noh-de","123":"pa_merk-zeppelin-de","125":"first","126":"instock","127":"taxable","128":"shipping-taxable","129":"purchasable","130":"product-type-simple","131":"col-xs-6 col-sm-4","132":"col-md-3 col-lg-3","133":"un-4-cols"},"_links":{"self":[{"href":"https:\/\/shop4trac.com\/de\/wp-json\/wp\/v2\/product\/165648","targetHints":{"allow":["GET"]}}],"collection":[{"href":"https:\/\/shop4trac.com\/de\/wp-json\/wp\/v2\/product"}],"about":[{"href":"https:\/\/shop4trac.com\/de\/wp-json\/wp\/v2\/types\/product"}],"replies":[{"embeddable":true,"href":"https:\/\/shop4trac.com\/de\/wp-json\/wp\/v2\/comments?post=165648"}],"wp:featuredmedia":[{"embeddable":true,"href":"https:\/\/shop4trac.com\/de\/wp-json\/wp\/v2\/media\/165636"}],"wp:attachment":[{"href":"https:\/\/shop4trac.com\/de\/wp-json\/wp\/v2\/media?parent=165648"}],"wp:term":[{"taxonomy":"product_cat","embeddable":true,"href":"https:\/\/shop4trac.com\/de\/wp-json\/wp\/v2\/product_cat?post=165648"},{"taxonomy":"product_tag","embeddable":true,"href":"https:\/\/shop4trac.com\/de\/wp-json\/wp\/v2\/product_tag?post=165648"}],"curies":[{"name":"wp","href":"https:\/\/api.w.org\/{rel}","templated":true}]}}