{"id":165634,"date":"2025-09-16T13:32:45","date_gmt":"2025-09-16T11:32:45","guid":{"rendered":"https:\/\/shop4trac.com\/unkategorisiert\/atf-multivehicle-automatikgetriebeoel-1l\/"},"modified":"2025-09-16T13:34:45","modified_gmt":"2025-09-16T11:34:45","slug":"atf-multivehicle-automatikgetriebeoel-1l","status":"publish","type":"product","link":"https:\/\/shop4trac.com\/de\/oel\/additiv\/atf-multivehicle-automatikgetriebeoel-1l\/","title":{"rendered":"ATF Multivehicle | Automatikgetriebe\u00f6l 1L"},"content":{"rendered":"<p class=\"p1\">Dieses universelle Automatikgetriebe\u00f6l wurde speziell f\u00fcr den Einsatz in einer Vielzahl von Automatikgetrieben entwickelt. Mit einer ausgewogenen Mischung aus synthetischen Grund\u00f6len und hochwertigen Additiven garantiert es einen reibungslosen Betrieb, optimalen Schutz und eine l\u00e4ngere Lebensdauer des Getriebes \u2013 selbst unter schweren Bedingungen. <\/p>\n<p class=\"p1\">Die Fl\u00fcssigkeit erf\u00fcllt die Spezifikationen f\u00fchrender Hersteller wie Toyota, Volvo, Saab, Ford, GM, Mercedes-Benz, Volkswagen, Honda, Hyundai\/Kia, Nissan, Mitsubishi und Mazda.<\/p>\n<h3><b>Vorteile<\/b><\/h3>\n<ul>\n<li>\n<p class=\"p1\">Geeignet f\u00fcr eine Vielzahl von Automatikgetrieben.<\/p>\n<\/li>\n<li>\n<p class=\"p1\">Sorgt f\u00fcr sanfte Schaltvorg\u00e4nge und leisen Betrieb.<\/p>\n<\/li>\n<li>\n<p class=\"p1\">Reduziert Verschlei\u00df und verl\u00e4ngert die Lebensdauer des Getriebes.<\/p>\n<\/li>\n<li>\n<p class=\"p1\">Hohe thermische Stabilit\u00e4t und exzellenter Oxidationsschutz.<\/p>\n<\/li>\n<li>\n<p class=\"p1\">Zuverl\u00e4ssig, auch unter schweren Betriebsbedingungen.<\/p>\n<\/li>\n<\/ul>\n<h3><b>Anwendung \/ Gebrauch<\/b><\/h3>\n<ul>\n<li>\n<p class=\"p1\">\u00dcberpr\u00fcfen Sie immer die Bedienungsanleitung Ihres Fahrzeugs, um zu sehen, welche Spezifikation erforderlich ist.<\/p>\n<\/li>\n<li>\n<p class=\"p1\">Verwenden Sie die Fl\u00fcssigkeit beim Nachf\u00fcllen oder vollst\u00e4ndigen Wechsel des Getriebe\u00f6ls.<\/p>\n<\/li>\n<li>\n<p class=\"p1\"><span class=\"s1\"><b>Nachf\u00fcllen:<\/b><\/span> F\u00fcllen Sie \u00fcber die Einf\u00fcll\u00f6ffnung bis zum vom Hersteller angegebenen Niveau auf.<\/p>\n<\/li>\n<li>\n<p class=\"p1\"><span class=\"s1\"><b>Vollst\u00e4ndiger Wechsel:<\/b><\/span> Lassen Sie die alte Fl\u00fcssigkeit vollst\u00e4ndig ab und ersetzen Sie sie durch die empfohlene Menge an neuer Fl\u00fcssigkeit.<\/p>\n<\/li>\n<li>\n<p class=\"p1\">Stellen Sie sicher, dass der \u00d6lstand nach Gebrauch exakt auf dem vorgeschriebenen Niveau steht.<\/p>\n<\/li>\n<\/ul>\n<h3><b>Spezifikationen<\/b><\/h3>\n<ul>\n<li>\n<p class=\"p1\"><span class=\"s1\"><b>Inhalt:<\/b><\/span> 1 Liter<\/p>\n<\/li>\n<li>\n<p class=\"p1\"><b>Entspricht u.a.:<\/b><b><\/b><\/p>\n<ul>\n<li>\n<p class=\"p1\">JASO M315, Typ 1A<\/p>\n<\/li>\n<li>\n<p class=\"p1\">Aisin Warner JWS 3309<\/p>\n<\/li>\n<li>\n<p class=\"p1\">Jatco ATF 3100 PL085<\/p>\n<\/li>\n<li>\n<p class=\"p1\">Ford Mercon V\/SP\/LV<\/p>\n<\/li>\n<li>\n<p class=\"p1\">GM Dexron II\/III<\/p>\n<\/li>\n<li>\n<p class=\"p1\">MB 236.1\/2\/3\/5\/6\/7\/9\/10\/11<\/p>\n<\/li>\n<li>\n<p class=\"p1\">MAN 339 F\/V1\/V2\/Z1\/Z2<\/p>\n<\/li>\n<li>\n<p class=\"p1\">VW G 052 025-A2 \/ G 052 990-A1\/-A2 \/ G 055 025-A1\/-A2<\/p>\n<\/li>\n<li>\n<p class=\"p1\">Honda ATF-Z1 (nicht f\u00fcr CVT) \/ ATF DW-1<\/p>\n<\/li>\n<li>\n<p class=\"p1\">Hyundai\/Kia SP-II\/SP-III<\/p>\n<\/li>\n<li>\n<p class=\"p1\">Nissan\/Infiniti Matic D\/J\/K<\/p>\n<\/li>\n<li>\n<p class=\"p1\">Mitsubishi Diamond SP-II\/SP-III<\/p>\n<\/li>\n<li>\n<p class=\"p1\">Mazda ATF-M III\/ATF-MV<\/p>\n<\/li>\n<li>\n<p class=\"p1\">Toyota ATF Typ T\/T-II\/T-III\/T-IV<\/p>\n<\/li>\n<\/ul>\n<\/li>\n<\/ul>\n","protected":false},"excerpt":{"rendered":"<p>Dieses universelle Automatikgetriebe\u00f6l wurde speziell f\u00fcr den Einsatz in einer Vielzahl von Automatikgetrieben entwickelt. Mit einer ausgewogenen Mischung aus synthetischen Grund\u00f6len und hochwertigen Additiven garantiert es einen reibungslosen Betrieb, optimalen Schutz und eine l\u00e4ngere Lebensdauer des Getriebes \u2013 selbst unter schweren Bedingungen. Die Fl\u00fcssigkeit erf\u00fcllt die Spezifikationen f\u00fchrender Hersteller wie Toyota, Volvo, Saab, Ford, GM,&hellip;<\/p>\n","protected":false},"featured_media":165622,"comment_status":"","ping_status":"open","template":"","meta":[],"product_cat":[29524],"product_tag":[],"class_list":{"0":"post-165634","1":"product","2":"type-product","3":"status-publish","4":"has-post-thumbnail","6":"product_cat-additiv","7":"pa_merk-agco-de","8":"pa_merk-agria-de","9":"pa_merk-airman-de","10":"pa_merk-aixam-de","11":"pa_merk-allis-chalmers-de","12":"pa_merk-ami-de","13":"pa_merk-antonio-carraro-de","14":"pa_merk-atlas-de","15":"pa_merk-ausa-de","16":"pa_merk-avant-de","17":"pa_merk-bcs-de","18":"pa_merk-bertolini-de","19":"pa_merk-beta-de","20":"pa_merk-bobcat-de","21":"pa_merk-bolens-de","22":"pa_merk-branson-de","23":"pa_merk-captain-tractor-de","24":"pa_merk-carraro-de","25":"pa_merk-casalini-de","26":"pa_merk-case-de","27":"pa_merk-case-ih-de","28":"pa_merk-caterpillar-de","29":"pa_merk-challenger-de","30":"pa_merk-craftsman-marine-de","31":"pa_merk-cub-cadet-de","32":"pa_merk-cup-cadet-de","33":"pa_merk-daewoo-de","34":"pa_merk-denyo-de","35":"pa_merk-deutz-de","36":"pa_merk-deutz-allis-de","37":"pa_merk-doosan-de","38":"pa_merk-eurocomach-de","39":"pa_merk-eurotrac-de","40":"pa_merk-farmtrac-de","41":"pa_merk-ferrari-agri-de","42":"pa_merk-ford-de","43":"pa_merk-gehl-de","44":"pa_merk-genie-de","45":"pa_merk-gianni-ferrari-de","46":"pa_merk-giant-de","47":"pa_merk-goldoni-de","48":"pa_merk-gutbrod-de","49":"pa_merk-hako-de","50":"pa_merk-hanix-de","51":"pa_merk-hfl-de","52":"pa_merk-hinomoto-de","53":"pa_merk-hitachi-de","54":"pa_merk-holder-de","55":"pa_merk-hyundai-de","56":"pa_merk-ingersoll-rand-de","57":"pa_merk-iseki-de","58":"pa_merk-iseki-de-2","59":"pa_merk-j-f-marine-power-de","60":"pa_merk-jcb-de","61":"pa_merk-john-deere-de","62":"pa_merk-jungheinrich-de","63":"pa_merk-kawasaki-de","64":"pa_merk-kioti-de","65":"pa_merk-knikmops-de","66":"pa_merk-kobelco-de","67":"pa_merk-komatsu-de","68":"pa_merk-kubota-de","69":"pa_merk-kumiai-de","70":"pa_merk-lamborghini-de","71":"pa_merk-landini-de","72":"pa_merk-landtrac-de","73":"pa_merk-lokari-de","74":"pa_merk-magnum-de","75":"pa_merk-mahindra-de","76":"pa_merk-manitou-de","77":"pa_merk-massey-ferguson-de","78":"pa_merk-mastervolt-de","79":"pa_merk-mitsubishi-de","80":"pa_merk-mustang-de","81":"pa_merk-nagano-de","82":"pa_merk-nanni-de","83":"pa_merk-new-holland-de","84":"pa_merk-noda-de","85":"pa_merk-ok-de","86":"pa_merk-pasquali-de","87":"pa_merk-peljob-de","88":"pa_merk-perkins-de","89":"pa_merk-ransomes-de","90":"pa_merk-samofa-de","91":"pa_merk-satoh-de","92":"pa_merk-schaeff-de","93":"pa_merk-schaffer-de","94":"pa_merk-sdmo-de","95":"pa_merk-shibaura-de","96":"pa_merk-simplicity-de","97":"pa_merk-sole-diesel-de","98":"pa_merk-solis-de","99":"pa_merk-sumitomo-de","100":"pa_merk-suzue-de","101":"pa_merk-takeuchi-de","102":"pa_merk-takeushi-de","103":"pa_merk-tcm-de","104":"pa_merk-technogen-de","105":"pa_merk-teksan-de","106":"pa_merk-terex-de","107":"pa_merk-thermoking-de","108":"pa_merk-toro-de","109":"pa_merk-triton-de","110":"pa_merk-trixon-de","111":"pa_merk-tym-de","112":"pa_merk-vetus-de","113":"pa_merk-volvo-de","114":"pa_merk-wacker-neuson-de","115":"pa_merk-weidemann-de","116":"pa_merk-westerbeke-de","117":"pa_merk-whisper-power-de","118":"pa_merk-white-de","119":"pa_merk-white-field-boss-de","120":"pa_merk-white-oliver-de","121":"pa_merk-yanmar-de","122":"pa_merk-zen-noh-de","123":"pa_merk-zeppelin-de","125":"first","126":"instock","127":"taxable","128":"shipping-taxable","129":"purchasable","130":"product-type-simple","131":"col-xs-6 col-sm-4","132":"col-md-3 col-lg-3","133":"un-4-cols"},"_links":{"self":[{"href":"https:\/\/shop4trac.com\/de\/wp-json\/wp\/v2\/product\/165634","targetHints":{"allow":["GET"]}}],"collection":[{"href":"https:\/\/shop4trac.com\/de\/wp-json\/wp\/v2\/product"}],"about":[{"href":"https:\/\/shop4trac.com\/de\/wp-json\/wp\/v2\/types\/product"}],"replies":[{"embeddable":true,"href":"https:\/\/shop4trac.com\/de\/wp-json\/wp\/v2\/comments?post=165634"}],"wp:featuredmedia":[{"embeddable":true,"href":"https:\/\/shop4trac.com\/de\/wp-json\/wp\/v2\/media\/165622"}],"wp:attachment":[{"href":"https:\/\/shop4trac.com\/de\/wp-json\/wp\/v2\/media?parent=165634"}],"wp:term":[{"taxonomy":"product_cat","embeddable":true,"href":"https:\/\/shop4trac.com\/de\/wp-json\/wp\/v2\/product_cat?post=165634"},{"taxonomy":"product_tag","embeddable":true,"href":"https:\/\/shop4trac.com\/de\/wp-json\/wp\/v2\/product_tag?post=165634"}],"curies":[{"name":"wp","href":"https:\/\/api.w.org\/{rel}","templated":true}]}}