{"id":165619,"date":"2025-09-16T13:06:38","date_gmt":"2025-09-16T11:06:38","guid":{"rendered":"https:\/\/shop4trac.com\/unkategorisiert\/motor-flush-motoroel-systemreiniger\/"},"modified":"2025-09-16T13:08:07","modified_gmt":"2025-09-16T11:08:07","slug":"motor-flush-motoroel-systemreiniger","status":"publish","type":"product","link":"https:\/\/shop4trac.com\/de\/oel\/additiv\/motor-flush-motoroel-systemreiniger\/","title":{"rendered":"Motor Flush | Motor\u00f6l Systemreiniger"},"content":{"rendered":"<p class=\"p1\">Motor Flush ist ein leistungsstarker Motor\u00f6l-Additivreiniger, speziell entwickelt f\u00fcr die sichere und effektive Reinigung des kompletten \u00d6lkreislaufs Ihres Motors. Er entfernt Ablagerungen, Schmutz, Schlamm und Verschlei\u00dfprodukte von Motorteilen, einschlie\u00dflich der am schwierigsten zug\u00e4nglichen Bereiche der \u00d6lpumpe und \u00d6lkan\u00e4le. <\/p>\n<p class=\"p1\">Dank der einzigartigen Zusammensetzung mit Detergent- und Dispergieradditiven reinigt dieses Produkt sowohl \u00f6ll\u00f6sliche als auch nicht-\u00f6ll\u00f6sliche Verunreinigungen. W\u00e4hrend des Sp\u00fclvorgangs bietet Motor Flush eine zuverl\u00e4ssige Schmierung und verhindert \u00fcberm\u00e4\u00dfigen Verschlei\u00df von Motorteilen. Das Ergebnis ist ein sauberer Motor, verbesserte Schmierung und eine l\u00e4ngere Lebensdauer kritischer Komponenten.  <\/p>\n<h3><b>Vorteile<\/b><\/h3>\n<ul>\n<li>\n<p class=\"p1\">Entfernt Schlamm, Kohlenstoffablagerungen und andere Verunreinigungen.<\/p>\n<\/li>\n<li>\n<p class=\"p1\">Reinigung von \u00d6lpumpen und Filtersieben.<\/p>\n<\/li>\n<li>\n<p class=\"p1\">Gew\u00e4hrleistet sichere Schmierung w\u00e4hrend des Sp\u00fclvorgangs.<\/p>\n<\/li>\n<li>\n<p class=\"p1\">Reduziert Rauch und sch\u00e4dliche Ablagerungen im Motor.<\/p>\n<\/li>\n<li>\n<p class=\"p1\">Verl\u00e4ngert die Lebensdauer des Motors durch besseren \u00d6lfluss.<\/p>\n<\/li>\n<\/ul>\n<h3><b>Spezifikationen<\/b><\/h3>\n<ul>\n<li>\n<p class=\"p1\"><span class=\"s1\"><b>Inhalt:<\/b><\/span> 300 ml<\/p>\n<\/li>\n<\/ul>\n<h3><b>Anwendung<\/b><\/h3>\n<ol start=\"1\">\n<li>\n<p class=\"p1\">F\u00fcgen Sie den Inhalt einer Flasche (300 ml) dem Motor\u00f6l vor dem \u00d6lwechsel hinzu.<\/p>\n<\/li>\n<li>\n<p class=\"p1\">Lassen Sie den Motor 10\u201315 Minuten im Leerlauf laufen.<\/p>\n<\/li>\n<li>\n<p class=\"p1\">Lassen Sie das gebrauchte \u00d6l vollst\u00e4ndig ab und ersetzen Sie den \u00d6lfilter.<\/p>\n<\/li>\n<li>\n<p class=\"p1\">F\u00fcllen Sie den Motor mit neuem \u00d6l gem\u00e4\u00df den Herstellervorgaben.<\/p>\n<\/li>\n<\/ol>\n<p class=\"p1\">Geeignet f\u00fcr alle Motortypen und Motor\u00f6le (mineralisch, teilsynthetisch und synthetisch).<\/p>\n","protected":false},"excerpt":{"rendered":"<p>Motor Flush ist ein leistungsstarker Motor\u00f6l-Additivreiniger, speziell entwickelt f\u00fcr die sichere und effektive Reinigung des kompletten \u00d6lkreislaufs Ihres Motors. Er entfernt Ablagerungen, Schmutz, Schlamm und Verschlei\u00dfprodukte von Motorteilen, einschlie\u00dflich der am schwierigsten zug\u00e4nglichen Bereiche der \u00d6lpumpe und \u00d6lkan\u00e4le. Dank der einzigartigen Zusammensetzung mit Detergent- und Dispergieradditiven reinigt dieses Produkt sowohl \u00f6ll\u00f6sliche als auch nicht-\u00f6ll\u00f6sliche Verunreinigungen.&hellip;<\/p>\n","protected":false},"featured_media":165608,"comment_status":"","ping_status":"closed","template":"","meta":[],"product_cat":[29524],"product_tag":[],"class_list":{"0":"post-165619","1":"product","2":"type-product","3":"status-publish","4":"has-post-thumbnail","6":"product_cat-additiv","7":"pa_merk-agco-de","8":"pa_merk-agria-de","9":"pa_merk-airman-de","10":"pa_merk-aixam-de","11":"pa_merk-allis-chalmers-de","12":"pa_merk-ami-de","13":"pa_merk-antonio-carraro-de","14":"pa_merk-atlas-de","15":"pa_merk-ausa-de","16":"pa_merk-avant-de","17":"pa_merk-bcs-de","18":"pa_merk-bertolini-de","19":"pa_merk-beta-de","20":"pa_merk-bobcat-de","21":"pa_merk-bolens-de","22":"pa_merk-branson-de","23":"pa_merk-captain-tractor-de","24":"pa_merk-carraro-de","25":"pa_merk-casalini-de","26":"pa_merk-case-de","27":"pa_merk-case-ih-de","28":"pa_merk-caterpillar-de","29":"pa_merk-challenger-de","30":"pa_merk-craftsman-marine-de","31":"pa_merk-cub-cadet-de","32":"pa_merk-cup-cadet-de","33":"pa_merk-daewoo-de","34":"pa_merk-denyo-de","35":"pa_merk-deutz-de","36":"pa_merk-deutz-allis-de","37":"pa_merk-doosan-de","38":"pa_merk-eurocomach-de","39":"pa_merk-eurotrac-de","40":"pa_merk-farmtrac-de","41":"pa_merk-ferrari-agri-de","42":"pa_merk-ford-de","43":"pa_merk-gehl-de","44":"pa_merk-genie-de","45":"pa_merk-gianni-ferrari-de","46":"pa_merk-giant-de","47":"pa_merk-goldoni-de","48":"pa_merk-gutbrod-de","49":"pa_merk-hako-de","50":"pa_merk-hanix-de","51":"pa_merk-hfl-de","52":"pa_merk-hinomoto-de","53":"pa_merk-hitachi-de","54":"pa_merk-holder-de","55":"pa_merk-hyundai-de","56":"pa_merk-ingersoll-rand-de","57":"pa_merk-iseki-de","58":"pa_merk-iseki-de-2","59":"pa_merk-j-f-marine-power-de","60":"pa_merk-jcb-de","61":"pa_merk-john-deere-de","62":"pa_merk-jungheinrich-de","63":"pa_merk-kawasaki-de","64":"pa_merk-kioti-de","65":"pa_merk-knikmops-de","66":"pa_merk-kobelco-de","67":"pa_merk-komatsu-de","68":"pa_merk-kubota-de","69":"pa_merk-kumiai-de","70":"pa_merk-lamborghini-de","71":"pa_merk-landini-de","72":"pa_merk-landtrac-de","73":"pa_merk-lokari-de","74":"pa_merk-magnum-de","75":"pa_merk-mahindra-de","76":"pa_merk-manitou-de","77":"pa_merk-massey-ferguson-de","78":"pa_merk-mastervolt-de","79":"pa_merk-mitsubishi-de","80":"pa_merk-mustang-de","81":"pa_merk-nagano-de","82":"pa_merk-nanni-de","83":"pa_merk-new-holland-de","84":"pa_merk-noda-de","85":"pa_merk-ok-de","86":"pa_merk-pasquali-de","87":"pa_merk-peljob-de","88":"pa_merk-perkins-de","89":"pa_merk-ransomes-de","90":"pa_merk-samofa-de","91":"pa_merk-satoh-de","92":"pa_merk-schaeff-de","93":"pa_merk-schaffer-de","94":"pa_merk-sdmo-de","95":"pa_merk-shibaura-de","96":"pa_merk-simplicity-de","97":"pa_merk-sole-diesel-de","98":"pa_merk-solis-de","99":"pa_merk-sumitomo-de","100":"pa_merk-suzue-de","101":"pa_merk-takeuchi-de","102":"pa_merk-takeushi-de","103":"pa_merk-tcm-de","104":"pa_merk-technogen-de","105":"pa_merk-teksan-de","106":"pa_merk-terex-de","107":"pa_merk-thermoking-de","108":"pa_merk-toro-de","109":"pa_merk-triton-de","110":"pa_merk-trixon-de","111":"pa_merk-tym-de","112":"pa_merk-vetus-de","113":"pa_merk-volvo-de","114":"pa_merk-wacker-neuson-de","115":"pa_merk-weidemann-de","116":"pa_merk-westerbeke-de","117":"pa_merk-whisper-power-de","118":"pa_merk-white-de","119":"pa_merk-white-field-boss-de","120":"pa_merk-white-oliver-de","121":"pa_merk-yanmar-de","122":"pa_merk-zen-noh-de","123":"pa_merk-zeppelin-de","125":"first","126":"instock","127":"taxable","128":"shipping-taxable","129":"purchasable","130":"product-type-simple","131":"col-xs-6 col-sm-4","132":"col-md-3 col-lg-3","133":"un-4-cols"},"_links":{"self":[{"href":"https:\/\/shop4trac.com\/de\/wp-json\/wp\/v2\/product\/165619","targetHints":{"allow":["GET"]}}],"collection":[{"href":"https:\/\/shop4trac.com\/de\/wp-json\/wp\/v2\/product"}],"about":[{"href":"https:\/\/shop4trac.com\/de\/wp-json\/wp\/v2\/types\/product"}],"replies":[{"embeddable":true,"href":"https:\/\/shop4trac.com\/de\/wp-json\/wp\/v2\/comments?post=165619"}],"wp:featuredmedia":[{"embeddable":true,"href":"https:\/\/shop4trac.com\/de\/wp-json\/wp\/v2\/media\/165608"}],"wp:attachment":[{"href":"https:\/\/shop4trac.com\/de\/wp-json\/wp\/v2\/media?parent=165619"}],"wp:term":[{"taxonomy":"product_cat","embeddable":true,"href":"https:\/\/shop4trac.com\/de\/wp-json\/wp\/v2\/product_cat?post=165619"},{"taxonomy":"product_tag","embeddable":true,"href":"https:\/\/shop4trac.com\/de\/wp-json\/wp\/v2\/product_tag?post=165619"}],"curies":[{"name":"wp","href":"https:\/\/api.w.org\/{rel}","templated":true}]}}