{"id":163800,"date":"2025-08-22T16:04:38","date_gmt":"2025-08-22T14:04:38","guid":{"rendered":"https:\/\/shop4trac.com\/unkategorisiert\/zylinderkopf-komplett-kubota-d1105-d1305-a-19-a-195-gb20-bobcat\/"},"modified":"2026-04-03T10:53:34","modified_gmt":"2026-04-03T09:53:34","slug":"zylinderkopf-komplett-kubota-d1105-d1305-a-19-a-195-gb20-bobcat","status":"publish","type":"product","link":"https:\/\/shop4trac.com\/de\/motorteile\/zylinderkopf-komplett\/zylinderkopf-komplett-kubota-d1105-d1305-a-19-a-195-gb20-bobcat\/","title":{"rendered":"Zylinderkopf komplett Kubota | D1105 | D1305 A-19 A-195 | GB20 | Bobcat | Version 1 | E2B \u2013 E3B Motoren"},"content":{"rendered":"<h4><b>Neuer Zylinderkopf f\u00fcr die \u00e4lteren Kubota D1005, D1105, D1305 Modelle<\/b><\/h4>\n<p class=\"p1\">\u2705 Bei diesem Zylinderkopf handelt es sich um ein <span class=\"s2\"><b>neu hergestelltes Bauteil<\/b><\/span>, gefertigt aus hochwertigem Material.<\/p>\n<ul>\n<li class=\"p3\"><em>Dieser Zylinderkopf ist geeignet f\u00fcr die <span class=\"s2\"><b>\u00e4lteren Modelle, genannt Version 1<\/b><\/span><\/em><\/li>\n<li class=\"p3\">Vergleichen Sie die Montagel\u00f6cher des Ventildeckels.<\/li>\n<\/ul>\n<h4><b>Variante 1. Kompletter Zylinderkopf mit Ventilen und Federn \u2013 sofort einbaufertig <\/b><\/h4>\n<p class=\"p3\">Dieser neue Zylinderkopf ist aus hochwertigem Material gefertigt und wird komplett geliefert, inklusive montierter Ventile und Federn. Dank der vollst\u00e4ndigen Montage m\u00fcssen Sie keine Teile \u00fcbertragen oder einstellen. <\/p>\n<p class=\"p3\">\u2705 Vollst\u00e4ndig montiert<\/p>\n<p class=\"p3\">\u2705 Inklusive Ventilen und Federn<\/p>\n<p class=\"p3\">\u2705 Keine zus\u00e4tzlichen Einstellarbeiten erforderlich<\/p>\n<p class=\"p3\">\u2705 Direkt montagebereit<\/p>\n<p class=\"p3\">Eine gebrauchsfertige L\u00f6sung, die Zeit in der Werkstatt spart und das Risiko von Montagefehlern minimiert.<\/p>\n<p class=\"p3\">Dieser Zylinderkopf ist mit gro\u00dfer Sorgfalt mit den untenstehenden kompatiblen Modellen verbunden.<\/p>\n<hr>\n<h4><b>Variante <\/b><b>2. Leerer Zylinderkopf \u2013 mit vormontierten Ventilsitzen<\/b><\/h4>\n<p class=\"p3\">Dieser Zylinderkopf ist aus hochwertigem Material gefertigt und wird als ein kaler Zylinderkopf mit bereits montierten Ventilsitzen geliefert. Der Kopf ist somit f\u00fcr den weiteren Aufbau mit Ihren bestehenden oder neuen Komponenten vorbereitet. <\/p>\n<p class=\"p3\">\u2705 Neuer Zylinderkopf von Top-Qualit\u00e4t<\/p>\n<p class=\"p3\">\u2705 Ventilsitze bereits montiert<\/p>\n<p class=\"p3\">\u2705 Bereit f\u00fcr die weitere Montage<\/p>\n<p class=\"p3\">\u2705 Geeignet f\u00fcr Revision oder Ma\u00dfanfertigung<\/p>\n<p class=\"p3\">Ideal f\u00fcr diejenigen, die die Kontrolle \u00fcber die Endmontage behalten oder spezifische Teile wiederverwenden m\u00f6chten.<\/p>\n<p>&nbsp;<\/p>\n<p><span style=\"text-decoration: underline;\"><strong>Dieses Modell ist f\u00fcr die \u00e4lteren Kubota-Motoren. Wir haben auch den neueren Zylinderkopf Version 2 verf\u00fcgbar. Siehe unten auf der Seite!  <\/strong><\/span><\/p>\n<p>&nbsp;<\/p>\n<p><strong>Der Zylinderkopf ist f\u00fcr folgende Modelle geeignet:<\/strong><\/p>\n<p><strong>Kubota Motor<\/strong><\/p>\n<ul>\n<li>D1105, D1105-E2B, D1105-E3B, D1105-E4B<\/li>\n<li>D1105T, D1105-Turbolader<\/li>\n<li>D1305<\/li>\n<li>D1305, D1305-E4-D26-Q, D1305, D1305, D1305-E3-D22, D1305-E4-D26-R<\/li>\n<\/ul>\n<p><strong>Kubota  <\/strong><\/p>\n<ul>\n<li>A-19, A-195<\/li>\n<li>GB20<\/li>\n<li>B2400, B2410, B26 , B2630, B2620, B7610<\/li>\n<li>B2650, B2650 HSDC, B2650 HST, B3150 HST, B2920 HSD, B2650 HSD<\/li>\n<li>F3080<\/li>\n<li>KB225, KB23X<\/li>\n<li>J116-AUS, J116-STD, J119-SA, J119-STD, J320-AUS, J320-STD, J324-STD<\/li>\n<li>\n \t<\/li>\n<li>B7610HSD, B2400HST-D, B2400HST-E, B2410HSD, B2410HSDB, B2410HSE<\/li>\n<li>F2400, F2560, F2880, F2680, FZ2400<\/li>\n<li>U25S<\/li>\n<li>KX41-2S, KX41-2, KX61-2, KX61-2S, KX41H, RTV1100, RTV1100CW9<\/li>\n<li>U-27-4H<\/li>\n<li>U20-3a<\/li>\n<li>RTV1140CPX, RTV1100RW9, ZD28<\/li>\n<li>D1105 \u2013 F2400, F2560E, F2680E, F2690E, F2880, F2880E, ZD1211, ZD28<\/li>\n<li>KX61-2, KX61-2S<\/li>\n<\/ul>\n<p><strong>Kubota Maschinen<\/strong><\/p>\n<div class=\"flex-1 overflow-hidden\">\n<div class=\"react-scroll-to-bottom--css-ounqd-79elbk h-full dark:bg-gray-800\">\n<div class=\"react-scroll-to-bottom--css-ounqd-1n7m0yu\">\n<div class=\"flex flex-col items-center text-sm dark:bg-gray-800\">\n<div class=\"group w-full text-gray-800 dark:text-gray-100 border-b border-black\/10 dark:border-gray-900\/50 bg-gray-50 dark:bg-[#444654] sm:AIPRM__conversation__response\">\n<div class=\"text-base gap-4 md:gap-6 md:max-w-2xl lg:max-w-xl xl:max-w-3xl p-4 md:py-6 flex lg:px-0 m-auto\">\n<div class=\"relative flex w-[calc(100%-50px)] flex-col gap-1 md:gap-3 lg:w-[calc(100%-115px)]\">\n<div class=\"flex flex-grow flex-col gap-3\">\n<div class=\"min-h-[20px] flex flex-col items-start gap-4 whitespace-pre-wrap\">\n<div class=\"markdown prose w-full break-words dark:prose-invert light AIPRM__conversation__response\">\n<ul>\n<li>RT140, RT140D, RT150, RT150-2, RT150D, RT160-2, RT210, RT210-2, RT210D, RT220-2.<\/li>\n<\/ul>\n<\/div>\n<\/div>\n<\/div>\n<\/div>\n<\/div>\n<\/div>\n<\/div>\n<\/div>\n<\/div>\n<\/div>\n<p><strong>Hyundai<\/strong><\/p>\n<ul>\n<li>R25Z-9AK, R30Z-9AK<\/li>\n<\/ul>\n<p><strong>Hitachi<\/strong><\/p>\n<ul>\n<li>EX15-2<\/li>\n<\/ul>\n<p><strong>Bobcat<\/strong><\/p>\n<ul>\n<li>553<\/li>\n<li>E26<\/li>\n<\/ul>\n<p><strong>Giant<\/strong><\/p>\n<ul>\n<li>G1500, G1500 X-tra<\/li>\n<li>G2200, G2200 X-tra<\/li>\n<li>D242S, D261, D261S, D262S, D262SW, D263S, D263SW, D263SW X-tra<\/li>\n<li>D265, D331ST, D331SWT, D331T (S040), D331T (S068), D332ST, D332SWT<\/li>\n<li>D332SWT X-tra, D335T (S040), D335T (S068)<\/li>\n<\/ul>\n<p><strong>Steiner<\/strong><\/p>\n<ul>\n<li>230, 525 Traktor<\/li>\n<\/ul>\n<p><strong>Andere Maschinen:<\/strong><\/p>\n<p><strong>Ausa<\/strong><\/p>\n<ul>\n<li>Ausa D100, D120, D150, D85<\/li>\n<\/ul>\n<p><strong>Avant<\/strong><\/p>\n<ul>\n<li>R28, 528, 630<\/li>\n<\/ul>\n<p><strong>Eurotrac<\/strong><\/p>\n<ul>\n<li>W11 K26, W11, K33<\/li>\n<\/ul>\n<p><strong>Manitou<\/strong><\/p>\n<ul>\n<li>TMT 20.17<\/li>\n<\/ul>\n<p><strong>Sch\u00e4ffer<\/strong><\/p>\n<ul>\n<li>2030, 2030 SLT<\/li>\n<\/ul>\n<p><b>OEM zur Referenz<\/b><\/p>\n<ul>\n<li class=\"p1\">16030-03044, 16022-03040<\/li>\n<\/ul>\n","protected":false},"excerpt":{"rendered":"<p>Neuer Zylinderkopf f\u00fcr die \u00e4lteren Kubota D1005, D1105, D1305 Modelle \u2705 Bei diesem Zylinderkopf handelt es sich um ein neu hergestelltes Bauteil, gefertigt aus hochwertigem Material. Dieser Zylinderkopf ist geeignet f\u00fcr die \u00e4lteren Modelle, genannt Version 1 Vergleichen Sie die Montagel\u00f6cher des Ventildeckels. Variante 1. Kompletter Zylinderkopf mit Ventilen und Federn \u2013 sofort einbaufertig Dieser&hellip;<\/p>\n","protected":false},"featured_media":140886,"comment_status":"closed","ping_status":"closed","template":"","meta":[],"product_cat":[25468,404],"product_tag":[],"class_list":{"0":"post-163800","1":"product","2":"type-product","3":"status-publish","4":"has-post-thumbnail","6":"product_cat-zylinderkopf-komplett","7":"product_cat-zylinderkopfe","8":"pa_merk-ausa-de","9":"pa_merk-avant-de","10":"pa_merk-bobcat-de","11":"pa_merk-eurotrac-de","12":"pa_merk-giant-de","13":"pa_merk-hitachi-de","14":"pa_merk-hyundai-de","15":"pa_merk-kubota-de","16":"pa_merk-manitou-de","17":"pa_motor-d1105-de","18":"pa_motor-d1305-de","20":"first","21":"instock","22":"sale","23":"taxable","24":"shipping-taxable","25":"purchasable","26":"product-type-variable","27":"col-xs-6 col-sm-4","28":"col-md-3 col-lg-3","29":"un-4-cols"},"_links":{"self":[{"href":"https:\/\/shop4trac.com\/de\/wp-json\/wp\/v2\/product\/163800","targetHints":{"allow":["GET"]}}],"collection":[{"href":"https:\/\/shop4trac.com\/de\/wp-json\/wp\/v2\/product"}],"about":[{"href":"https:\/\/shop4trac.com\/de\/wp-json\/wp\/v2\/types\/product"}],"replies":[{"embeddable":true,"href":"https:\/\/shop4trac.com\/de\/wp-json\/wp\/v2\/comments?post=163800"}],"wp:featuredmedia":[{"embeddable":true,"href":"https:\/\/shop4trac.com\/de\/wp-json\/wp\/v2\/media\/140886"}],"wp:attachment":[{"href":"https:\/\/shop4trac.com\/de\/wp-json\/wp\/v2\/media?parent=163800"}],"wp:term":[{"taxonomy":"product_cat","embeddable":true,"href":"https:\/\/shop4trac.com\/de\/wp-json\/wp\/v2\/product_cat?post=163800"},{"taxonomy":"product_tag","embeddable":true,"href":"https:\/\/shop4trac.com\/de\/wp-json\/wp\/v2\/product_tag?post=163800"}],"curies":[{"name":"wp","href":"https:\/\/api.w.org\/{rel}","templated":true}]}}