{"id":161967,"date":"2025-07-31T19:53:29","date_gmt":"2025-07-31T17:53:29","guid":{"rendered":"https:\/\/shop4trac.com\/unkategorisiert\/lager-39x62x16-kubota-b1550-b9200-bx1500-bx2680-f2000-f3990-ter-ref-08181-06206\/"},"modified":"2025-08-01T17:12:29","modified_gmt":"2025-08-01T15:12:29","slug":"lager-39x62x16-kubota-b1550-b9200-bx1500-bx2680-f2000-f3990-ter-ref-08181-06206","status":"publish","type":"product","link":"https:\/\/shop4trac.com\/de\/kupplung-getriebe\/pilotlager-fuhrungslager\/lager-39x62x16-kubota-b1550-b9200-bx1500-bx2680-f2000-f3990-ter-ref-08181-06206\/","title":{"rendered":"Lager 39x62x16 Kubota B1550 \u2013 B9200 | BX1500 \u2013 BX2680 | F2000 \u2013 F3990 | ter Ref: 08181-06206"},"content":{"rendered":"<p class=\"p1\"><span class=\"s1\">\u2705 <\/span><b>Radlager f\u00fcr Kubota Traktoren<\/b><b><\/b><\/p>\n<p class=\"p2\">Langlebig und pr\u00e4zise \u2013 ersetzen Sie Ihr Radlager durch Qualit\u00e4t.<\/p>\n<p class=\"p2\">Dieses hochwertige Radlager ist speziell f\u00fcr den Einsatz an Kubota Traktoren konzipiert. Mit einer pr\u00e4zisen Passform von 30x62x16 mm ist dieses Lager ideal als Ersatz bei Verschlei\u00df oder bei gr\u00f6\u00dferen Wartungsarbeiten. Hergestellt f\u00fcr eine lange Lebensdauer und zuverl\u00e4ssige Leistung, selbst unter schweren Arbeitsbedingungen.  <\/p>\n<p class=\"p1\"><span class=\"s1\">? <\/span><b>Warum dieses Radlager w\u00e4hlen?<\/b><b><\/b><\/p>\n<p class=\"p2\">\u2714\ufe0f Zuverl\u00e4ssige Qualit\u00e4t \u2013 f\u00fcr den intensiven Einsatz gefertigt<\/p>\n<p class=\"p2\">\u2714\ufe0f Genaue Abmessungen: 30 mm (innen), 62 mm (au\u00dfen), 16 mm (Breite)<\/p>\n<p class=\"p2\">\u2714\ufe0f Kompatibel mit verschiedenen Kubota Modellen (siehe unten)<\/p>\n<p class=\"p2\">\u2714\ufe0f Einfach zu montieren<\/p>\n<p class=\"p1\"><span class=\"s1\">? <\/span><b>Technische Daten:<\/b><b><\/b><\/p>\n<ul>\n<li>Innendurchmesser: 30 mm<\/li>\n<li>Au\u00dfendurchmesser: 62 mm<\/li>\n<li>Breite: 16 mm<\/li>\n<\/ul>\n<p class=\"p1\"><span class=\"s1\">? <\/span><b>Kubota<\/b><b><\/b><\/p>\n<ul>\n<li class=\"p2\">B1200, B1400, B1500, B1600, B1702, B1750, B1902<\/li>\n<li>B1-14, B1-15, B1-16, B1-17<\/li>\n<\/ul>\n<p>Liste mit weiteren Modellen:<\/p>\n<ul>\n<li>A3000-3-120-B, A3000-3-120-Y, A3000-3-120-Y-2, AD70, AT60, AT70S-AMERICA, AT70S-E-AMERICA<\/li>\n<li>B1550D, B1550HST-D, B1700D, B1700HSD, B1750D, B1750HST-D, B20, B2100D, B2100HSD, B2150D, B2150HSD, B2301HSD, B2301HSD-1, B2320DT, B2320DTN-1, B2320DTWO, B2320HSD, B2320HSDN, B2400D, B2400HSD, B2401DT, B2401DTN<\/li>\n<li>B2401DTWO, B2410HSD, B2410HSDB, B26, B2601HSD, B2601HSD-1, B2620HSD, B2630HSD, B2650HSD, B2650HSDC, B2710HSD, B2910HSD, B2920HSD, B3000HSDC, B3000HSDCC, B3030HSD<\/li>\n<li>B3030HSDC, B3030HSDCC, B3200HSD, B3200HSDWO, B3300SUHSD, B3350HSD, B3350HSDC, B3350SUHSD<\/li>\n<li>B4200D, B5100D-P, B5100E-P, B5200D, B6000, B6000DT, B6100D-P, B6100HST-D, B6200D, B6200HSTD, B7100D-P, B7100HST-D, B7200D, B7200HSTD, B7300HSD, B7400HSD, B7410D, B7500D, B7500DTN, B7500HSD, B7510D, B7510DN, B7510HSD, B7510HSDTR<\/li>\n<li>B7610HSD, B7800HSD, B8200DP, B8200HST-DP, B9200DC-DP, B9200HSD-TOW, B9200HST-DP<\/li>\n<li>BX1500D, BX1800D, BX1830D, BX1850D, BX1860, BX1870, BX1870-1, BX1880, BX1880-1, BX1880-1(S.NO.;&gt;=H0001), BX2200D, BX2230D, BX22D, BX2350D, BX2360, BX2370, BX2370-1<\/li>\n<li>BX2380, BX2380-1, BX23D, BX23S, BX23S-1, BX24D, BX25, BX25DLB, BX25DLB-1, BX2660D, BX2670, BX2670-1, BX2680, BX2680-1, BX2680-1(S.NO.;&gt;=H0001)<\/li>\n<li>F2000, F2100, F2260, F2400, F2560, F2690, F2690-U, F2880-F, F3060, F3080, F3680, F3710, F3710-U, F3990<\/li>\n<\/ul>\n<p class=\"p1\"><b>OEM als Referenz:<\/b><b><\/b><\/p>\n<ul>\n<li>08181-06206, PL501-12230, T2050-23450<\/li>\n<\/ul>\n","protected":false},"excerpt":{"rendered":"<p>\u2705 Radlager f\u00fcr Kubota Traktoren Langlebig und pr\u00e4zise \u2013 ersetzen Sie Ihr Radlager durch Qualit\u00e4t. Dieses hochwertige Radlager ist speziell f\u00fcr den Einsatz an Kubota Traktoren konzipiert. Mit einer pr\u00e4zisen Passform von 30x62x16 mm ist dieses Lager ideal als Ersatz bei Verschlei\u00df oder bei gr\u00f6\u00dferen Wartungsarbeiten. Hergestellt f\u00fcr eine lange Lebensdauer und zuverl\u00e4ssige Leistung, selbst&hellip;<\/p>\n","protected":false},"featured_media":161874,"comment_status":"open","ping_status":"closed","template":"","meta":[],"product_cat":[27726,399],"product_tag":[],"class_list":{"0":"post-161967","1":"product","2":"type-product","3":"status-publish","4":"has-post-thumbnail","6":"product_cat-pilotlager-fuhrungslager","7":"product_cat-lager","8":"pa_merk-kubota-de","9":"pa_merk-zen-noh-de","11":"first","12":"instock","13":"sale","14":"taxable","15":"shipping-taxable","16":"purchasable","17":"product-type-simple","18":"col-xs-6 col-sm-4","19":"col-md-3 col-lg-3","20":"un-4-cols"},"_links":{"self":[{"href":"https:\/\/shop4trac.com\/de\/wp-json\/wp\/v2\/product\/161967","targetHints":{"allow":["GET"]}}],"collection":[{"href":"https:\/\/shop4trac.com\/de\/wp-json\/wp\/v2\/product"}],"about":[{"href":"https:\/\/shop4trac.com\/de\/wp-json\/wp\/v2\/types\/product"}],"replies":[{"embeddable":true,"href":"https:\/\/shop4trac.com\/de\/wp-json\/wp\/v2\/comments?post=161967"}],"wp:featuredmedia":[{"embeddable":true,"href":"https:\/\/shop4trac.com\/de\/wp-json\/wp\/v2\/media\/161874"}],"wp:attachment":[{"href":"https:\/\/shop4trac.com\/de\/wp-json\/wp\/v2\/media?parent=161967"}],"wp:term":[{"taxonomy":"product_cat","embeddable":true,"href":"https:\/\/shop4trac.com\/de\/wp-json\/wp\/v2\/product_cat?post=161967"},{"taxonomy":"product_tag","embeddable":true,"href":"https:\/\/shop4trac.com\/de\/wp-json\/wp\/v2\/product_tag?post=161967"}],"curies":[{"name":"wp","href":"https:\/\/api.w.org\/{rel}","templated":true}]}}