{"id":161928,"date":"2025-07-31T16:15:48","date_gmt":"2025-07-31T14:15:48","guid":{"rendered":"https:\/\/shop4trac.com\/unkategorisiert\/dichtungssatz-basic-kubota-d1703-d1803-giant-schaeffer\/"},"modified":"2025-10-27T12:28:31","modified_gmt":"2025-10-27T10:28:31","slug":"dichtungssatz-basic-kubota-d1703-d1803-giant-schaeffer","status":"publish","type":"product","link":"https:\/\/shop4trac.com\/de\/motorteile\/dichtungen\/dichtungssatz-basic-kubota-d1703-d1803-giant-schaeffer\/","title":{"rendered":"Dichtungssatz Basic Kubota D1703 | D1803 | Giant | Sch\u00e4ffer"},"content":{"rendered":"<p class=\"p1\"><span class=\"s1\">\u2705 <\/span><b>Dichtungssatz Basic | Geeignet f\u00fcr Kubota D1703 &amp; D1803 Motoren<\/b><b><\/b><\/p>\n<p class=\"p2\">Wesentliche Abdichtung \u2013 f\u00fcr eine zuverl\u00e4ssige Motorleistung.<\/p>\n<p class=\"p2\">Dieser hochwertige Dichtungssatz f\u00fcr den oberen Bereich ist f\u00fcr Kubota D1703 und D1803 Motoren konzipiert. Perfekt f\u00fcr die \u00dcberholung oder die gro\u00dfe Wartung, mit Dichtungen, die eine gute Passform garantieren. Geeignet f\u00fcr diverse Maschinen von u.a. Kubota, Bobcat, JCB, Bomag, und mehr.  <\/p>\n<p class=\"p1\"><span class=\"s1\">? <\/span><b>Inhalt des Sets:<\/b><b><\/b><\/p>\n<p class=\"p2\">\u2714\ufe0f Einlasskr\u00fcmmerdichtung<\/p>\n<p class=\"p2\">\u2714\ufe0f Auspuffkr\u00fcmmerdichtung<\/p>\n<p class=\"p2\">\u2714\ufe0f Ventildeckeldichtung<\/p>\n<p class=\"p2\">\u2714\ufe0f Kurbelwannendichtung<\/p>\n<p class=\"p1\"><b>Geeignet f\u00fcr folgende Motoren:<\/b><b><\/b><\/p>\n<p class=\"p1\"><b>Kubota Motor<\/b><b><\/b><\/p>\n<p class=\"p2\">\u2022 D1703, D1803<\/p>\n<p class=\"p1\"><b>Kubota<\/b><b><\/b><\/p>\n<p class=\"p2\">\u2022 L2501HST, L2501, L3240GST, L3240HST, L3240, L3300GST, L3300, L3400HST, L3400, L3410GST, L3410HST, L3410, L3430, L35<\/p>\n<p class=\"p2\">\u2022 KX037-4, KX91-3S2, U35-3S2, U35-4, U36-4<\/p>\n<p class=\"p2\">\u2022 L1361, L3301HST, L3301, L3540, L3540GST, L3540HST, L3560GST, L3560HST, L3560, L3800, L3830, L3901HST, L3901<\/p>\n<p class=\"p2\">\u2022 KX040-4, KX042-4, KX101-3a3, KX101-3a4HI, KX101-3a4, U35-3a3, RT270-2, RT280-2<\/p>\n<p class=\"p1\"><b>Bobcat<\/b><b><\/b><\/p>\n<p class=\"p2\">\u2022 325C, 325D, 325 (G-series), 328 (G-series), E34, E32, E35<\/p>\n<p class=\"p1\"><b>Bomag<\/b><b><\/b><\/p>\n<p class=\"p2\">\u2022 BW100AC-4, BW100AC-5, BW120AC-4, BW120AC-5, BW125AC-4<\/p>\n<p class=\"p2\">\u2022 BW100AD-4, BW100AD-5, BW100SL-5, BW120AD-4, BW120AD-5, BW120SL-5, BW125AD-4<\/p>\n<p class=\"p1\"><b>Eurocomach<\/b><b><\/b><\/p>\n<p class=\"p2\">\u2022 ES400ZT, ES40ZT<\/p>\n<p class=\"p1\"><b>Dynapac<\/b><b><\/b><\/p>\n<p class=\"p2\">\u2022 CC1100, CC1100Plus, CC1100C, CC1200, CC1200Plus, CC1200C<\/p>\n<p class=\"p1\"><b>Giant<\/b><b><\/b><\/p>\n<p class=\"p2\">\u2022 G2700HD, G2700X-TRAH<\/p>\n<p class=\"p1\"><b>Hitachi<\/b><b><\/b><\/p>\n<p class=\"p2\">\u2022 ZW30<\/p>\n<p class=\"p1\"><b>JCB<\/b><b><\/b><\/p>\n<p class=\"p2\">\u2022 2T-FT, 2T-HS, 2T-ST, 3T-1FT, 3T-1ST<\/p>\n<p class=\"p1\"><b>Jungheinrich<\/b><b><\/b><\/p>\n<p class=\"p2\">\u2022 DFG316s, DFG318s, DFG320s, DFG425s, DFG430s, DFG435s, DFGS30s, DFGS35s<\/p>\n<p class=\"p2\">\u2022 TFG316s, TFG318s, TFG320s, TFG425s, TFG430s, TFG435s, TFGS30s, TFGS35s<\/p>\n<p class=\"p1\"><b>Sakai<\/b><b><\/b><\/p>\n<p class=\"p2\">\u2022 SW300-1, SW320-1, SW330-1, SW354, TW354, TW504<\/p>\n<p class=\"p1\"><b>Sch\u00e4ffer<\/b><b><\/b><\/p>\n<p class=\"p2\">\u2022 2033S, 2034, 2434, 3036, 336, 336S<\/p>\n<p class=\"p1\"><b>Wacker Neuson<\/b><b><\/b><\/p>\n<p class=\"p2\">\u2022 3003, 3503, 3703<\/p>\n<p class=\"p1\"><b>OEM zur Referenz:<\/b><b><\/b><\/p>\n<p class=\"p1\"><span class=\"s1\">\u2022 <\/span><b>16750-1182-0<\/b><b><\/b><\/p>\n<p class=\"p1\"><span class=\"s1\">\u2022 <\/span><b>1A021-1235-0<\/b><\/p>\n","protected":false},"excerpt":{"rendered":"<p>\u2705 Dichtungssatz Basic | Geeignet f\u00fcr Kubota D1703 &amp; D1803 Motoren Wesentliche Abdichtung \u2013 f\u00fcr eine zuverl\u00e4ssige Motorleistung. Dieser hochwertige Dichtungssatz f\u00fcr den oberen Bereich ist f\u00fcr Kubota D1703 und D1803 Motoren konzipiert. Perfekt f\u00fcr die \u00dcberholung oder die gro\u00dfe Wartung, mit Dichtungen, die eine gute Passform garantieren. Geeignet f\u00fcr diverse Maschinen von u.a. Kubota,&hellip;<\/p>\n","protected":false},"featured_media":162027,"comment_status":"open","ping_status":"closed","template":"","meta":[],"product_cat":[8103],"product_tag":[],"class_list":{"0":"post-161928","1":"product","2":"type-product","3":"status-publish","4":"has-post-thumbnail","6":"product_cat-dichtungen","8":"first","9":"instock","10":"sale","11":"taxable","12":"shipping-taxable","13":"purchasable","14":"product-type-simple","15":"col-xs-6 col-sm-4","16":"col-md-3 col-lg-3","17":"un-4-cols"},"_links":{"self":[{"href":"https:\/\/shop4trac.com\/de\/wp-json\/wp\/v2\/product\/161928","targetHints":{"allow":["GET"]}}],"collection":[{"href":"https:\/\/shop4trac.com\/de\/wp-json\/wp\/v2\/product"}],"about":[{"href":"https:\/\/shop4trac.com\/de\/wp-json\/wp\/v2\/types\/product"}],"replies":[{"embeddable":true,"href":"https:\/\/shop4trac.com\/de\/wp-json\/wp\/v2\/comments?post=161928"}],"wp:featuredmedia":[{"embeddable":true,"href":"https:\/\/shop4trac.com\/de\/wp-json\/wp\/v2\/media\/162027"}],"wp:attachment":[{"href":"https:\/\/shop4trac.com\/de\/wp-json\/wp\/v2\/media?parent=161928"}],"wp:term":[{"taxonomy":"product_cat","embeddable":true,"href":"https:\/\/shop4trac.com\/de\/wp-json\/wp\/v2\/product_cat?post=161928"},{"taxonomy":"product_tag","embeddable":true,"href":"https:\/\/shop4trac.com\/de\/wp-json\/wp\/v2\/product_tag?post=161928"}],"curies":[{"name":"wp","href":"https:\/\/api.w.org\/{rel}","templated":true}]}}