{"id":158484,"date":"2025-06-24T15:23:47","date_gmt":"2025-06-24T13:23:47","guid":{"rendered":"https:\/\/shop4trac.com\/unkategorisiert\/auslassventil-mitsubishi-k3c-k3d\/"},"modified":"2025-08-01T17:12:59","modified_gmt":"2025-08-01T15:12:59","slug":"auslassventil-mitsubishi-k3c-k3d","status":"publish","type":"product","link":"https:\/\/shop4trac.com\/de\/motorteile\/ventil\/auslassventil-mitsubishi-k3c-k3d\/","title":{"rendered":"Auslassventil Mitsubishi K3C | K3D"},"content":{"rendered":"<p>Auslassventil geeignet f\u00fcr:<\/p>\n<p><strong>Mitsubishi<\/strong><\/p>\n<ul>\n<li>K3D, K3C<\/li>\n<\/ul>\n<p><strong>Abmessungen:<\/strong> 25 mm \u00d7 6,6 mm \u00d7 114,6 mm<\/p>\n<p><strong>OEM zur Referenz:<\/strong><\/p>\n","protected":false},"excerpt":{"rendered":"<p>Auslassventil geeignet f\u00fcr: Mitsubishi K3D, K3C Abmessungen: 25 mm \u00d7 6,6 mm \u00d7 114,6 mm OEM zur Referenz:<\/p>\n","protected":false},"featured_media":46883,"comment_status":"open","ping_status":"open","template":"","meta":[],"product_cat":[3647],"product_tag":[],"class_list":{"0":"post-158484","1":"product","2":"type-product","3":"status-publish","4":"has-post-thumbnail","6":"product_cat-ventil","8":"first","9":"instock","10":"taxable","11":"shipping-taxable","12":"purchasable","13":"product-type-simple","14":"col-xs-6 col-sm-4","15":"col-md-3 col-lg-3","16":"un-4-cols"},"_links":{"self":[{"href":"https:\/\/shop4trac.com\/de\/wp-json\/wp\/v2\/product\/158484","targetHints":{"allow":["GET"]}}],"collection":[{"href":"https:\/\/shop4trac.com\/de\/wp-json\/wp\/v2\/product"}],"about":[{"href":"https:\/\/shop4trac.com\/de\/wp-json\/wp\/v2\/types\/product"}],"replies":[{"embeddable":true,"href":"https:\/\/shop4trac.com\/de\/wp-json\/wp\/v2\/comments?post=158484"}],"wp:featuredmedia":[{"embeddable":true,"href":"https:\/\/shop4trac.com\/de\/wp-json\/wp\/v2\/media\/46883"}],"wp:attachment":[{"href":"https:\/\/shop4trac.com\/de\/wp-json\/wp\/v2\/media?parent=158484"}],"wp:term":[{"taxonomy":"product_cat","embeddable":true,"href":"https:\/\/shop4trac.com\/de\/wp-json\/wp\/v2\/product_cat?post=158484"},{"taxonomy":"product_tag","embeddable":true,"href":"https:\/\/shop4trac.com\/de\/wp-json\/wp\/v2\/product_tag?post=158484"}],"curies":[{"name":"wp","href":"https:\/\/api.w.org\/{rel}","templated":true}]}}