{"id":154136,"date":"2025-05-16T15:39:38","date_gmt":"2025-05-16T13:39:38","guid":{"rendered":"https:\/\/shop4trac.com\/unkategorisiert\/kuehler-hinomoto-e1802-e2302-e1804-e2304-e222\/"},"modified":"2026-03-31T11:36:12","modified_gmt":"2026-03-31T10:36:12","slug":"kuehler-hinomoto-e1802-e2302-e1804-e2304-e222","status":"publish","type":"product","link":"https:\/\/shop4trac.com\/de\/kuehlung-kuehler\/kuhler\/kuehler-hinomoto-e1802-e2302-e1804-e2304-e222\/","title":{"rendered":"K\u00fchler Hinomoto E1802 \u2013 E2302 | E1804 \u2013 E2304 | E222"},"content":{"rendered":"<p>Kupferheizk\u00f6rper passend f\u00fcr folgende Modelle:<\/p>\n<p><strong>Spezifikationen<\/strong><\/p>\n<ul>\n<li>Gesamth\u00f6he mit Kappe: 480mm<\/li>\n<li>Gesamtbreite: 355mm<\/li>\n<li>Dicke: 80mm, mit Anschluss 125mm<\/li>\n<li>Vergleichen Sie auch die Ma\u00dfe auf den Fotos mit Ihrem alten Modell<\/li>\n<\/ul>\n<p><strong>Gutes Angebot<\/strong><\/p>\n<ul>\n<li>4300, 4350<\/li>\n<\/ul>\n<p><strong>Hinomoto<\/strong><\/p>\n<ul>\n<li>E222<\/li>\n<li>E1802, E2002, E2302<\/li>\n<li>E1804, E2004, E2304<\/li>\n<\/ul>\n","protected":false},"excerpt":{"rendered":"<p>Kupferheizk\u00f6rper passend f\u00fcr folgende Modelle: Spezifikationen Gesamth\u00f6he mit Kappe: 480mm Gesamtbreite: 355mm Dicke: 80mm, mit Anschluss 125mm Vergleichen Sie auch die Ma\u00dfe auf den Fotos mit Ihrem alten Modell Gutes Angebot 4300, 4350 Hinomoto E222 E1802, E2002, E2302 E1804, E2004, E2304<\/p>\n","protected":false},"featured_media":154172,"comment_status":"open","ping_status":"open","template":"","meta":[],"product_cat":[387],"product_tag":[],"class_list":{"0":"post-154136","1":"product","2":"type-product","3":"status-publish","4":"has-post-thumbnail","6":"product_cat-kuhler","7":"pa_merk-gutbrod-de","8":"pa_merk-hinomoto-de","10":"first","11":"instock","12":"sale","13":"taxable","14":"shipping-taxable","15":"purchasable","16":"product-type-simple","17":"col-xs-6 col-sm-4","18":"col-md-3 col-lg-3","19":"un-4-cols"},"_links":{"self":[{"href":"https:\/\/shop4trac.com\/de\/wp-json\/wp\/v2\/product\/154136","targetHints":{"allow":["GET"]}}],"collection":[{"href":"https:\/\/shop4trac.com\/de\/wp-json\/wp\/v2\/product"}],"about":[{"href":"https:\/\/shop4trac.com\/de\/wp-json\/wp\/v2\/types\/product"}],"replies":[{"embeddable":true,"href":"https:\/\/shop4trac.com\/de\/wp-json\/wp\/v2\/comments?post=154136"}],"wp:featuredmedia":[{"embeddable":true,"href":"https:\/\/shop4trac.com\/de\/wp-json\/wp\/v2\/media\/154172"}],"wp:attachment":[{"href":"https:\/\/shop4trac.com\/de\/wp-json\/wp\/v2\/media?parent=154136"}],"wp:term":[{"taxonomy":"product_cat","embeddable":true,"href":"https:\/\/shop4trac.com\/de\/wp-json\/wp\/v2\/product_cat?post=154136"},{"taxonomy":"product_tag","embeddable":true,"href":"https:\/\/shop4trac.com\/de\/wp-json\/wp\/v2\/product_tag?post=154136"}],"curies":[{"name":"wp","href":"https:\/\/api.w.org\/{rel}","templated":true}]}}