{"id":15279,"date":"2020-02-29T16:46:46","date_gmt":"2020-02-29T15:46:46","guid":{"rendered":"https:\/\/shop4trac.com\/product\/kopfdichtung-kubota-v1200\/"},"modified":"2025-11-06T16:57:07","modified_gmt":"2025-11-06T14:57:07","slug":"kopfdichtung-kubota-v1200","status":"publish","type":"product","link":"https:\/\/shop4trac.com\/de\/motorteile\/kopfdichtungen\/kopfdichtung-kubota-v1200\/","title":{"rendered":"Kopfdichtung Kubota V1200 V1200-5B | V1200-A | 4D75"},"content":{"rendered":"<p>Diese Kopfdichtung ist von hoher Qualit\u00e4t und die kompatiblen Modelle wurden mit gr\u00f6\u00dfter Sorgfalt ausgew\u00e4hlt!<\/p>\n<p><strong>Kubota<\/strong><\/p>\n<ul>\n<li>B2150HST, B2150, B9200HST<\/li>\n<li>RX245, RX275, RX2750<\/li>\n<\/ul>\n<p><strong>J.L.G<\/strong><\/p>\n<ul>\n<li>40HA<\/li>\n<\/ul>\n<p><strong>Kubota-Motor<\/strong><\/p>\n<ul>\n<li>V1200-5B, V1200-A<\/li>\n<\/ul>\n<p><strong>OEM als Referenz<\/strong><\/p>\n<ul>\n<li>15741-03312<\/li>\n<\/ul>\n<p><strong>Durchmesser<\/strong><\/p>\n<ul>\n<li>75mm<\/li>\n<\/ul>\n","protected":false},"excerpt":{"rendered":"<p>Diese Kopfdichtung ist von hoher Qualit\u00e4t und die kompatiblen Modelle wurden mit gr\u00f6\u00dfter Sorgfalt ausgew\u00e4hlt! Kubota B2150HST, B2150, B9200HST RX245, RX275, RX2750 J.L.G 40HA Kubota-Motor V1200-5B, V1200-A OEM als Referenz 15741-03312 Durchmesser 75mm<\/p>\n","protected":false},"featured_media":88334,"comment_status":"open","ping_status":"open","template":"","meta":[],"product_cat":[411],"product_tag":[3895],"class_list":{"0":"post-15279","1":"product","2":"type-product","3":"status-publish","4":"has-post-thumbnail","6":"product_cat-kopfdichtungen","7":"product_tag-snelparts-de","8":"pa_merk-kubota-de","9":"pa_motor-v1200-de","11":"first","12":"instock","13":"sale","14":"taxable","15":"shipping-taxable","16":"purchasable","17":"product-type-simple","18":"col-xs-6 col-sm-4","19":"col-md-3 col-lg-3","20":"un-4-cols"},"_links":{"self":[{"href":"https:\/\/shop4trac.com\/de\/wp-json\/wp\/v2\/product\/15279","targetHints":{"allow":["GET"]}}],"collection":[{"href":"https:\/\/shop4trac.com\/de\/wp-json\/wp\/v2\/product"}],"about":[{"href":"https:\/\/shop4trac.com\/de\/wp-json\/wp\/v2\/types\/product"}],"replies":[{"embeddable":true,"href":"https:\/\/shop4trac.com\/de\/wp-json\/wp\/v2\/comments?post=15279"}],"wp:featuredmedia":[{"embeddable":true,"href":"https:\/\/shop4trac.com\/de\/wp-json\/wp\/v2\/media\/88334"}],"wp:attachment":[{"href":"https:\/\/shop4trac.com\/de\/wp-json\/wp\/v2\/media?parent=15279"}],"wp:term":[{"taxonomy":"product_cat","embeddable":true,"href":"https:\/\/shop4trac.com\/de\/wp-json\/wp\/v2\/product_cat?post=15279"},{"taxonomy":"product_tag","embeddable":true,"href":"https:\/\/shop4trac.com\/de\/wp-json\/wp\/v2\/product_tag?post=15279"}],"curies":[{"name":"wp","href":"https:\/\/api.w.org\/{rel}","templated":true}]}}