{"id":15199,"date":"2020-02-29T16:47:00","date_gmt":"2020-02-29T15:47:00","guid":{"rendered":"https:\/\/shop4trac.com\/product\/dichtungssatz-kubota-b1502-d850-motor\/"},"modified":"2025-08-01T18:40:09","modified_gmt":"2025-08-01T16:40:09","slug":"dichtungssatz-kubota-b1502-d850-motor","status":"publish","type":"product","link":"https:\/\/shop4trac.com\/de\/motorteile\/dichtungssatz\/dichtungssatz-kubota-b1502-d850-motor\/","title":{"rendered":"Dichtungssatz Kubota D850 | D850BH | D850-5B| D850-Motor"},"content":{"rendered":"<h4><b>? Dichtungssatz Kubota D850 \u2013 Inklusive Zylinderkopfdichtung<\/b><\/h4>\n<p class=\"p3\">Dieser hochwertige <span class=\"s2\"><b>Dichtungssatz f\u00fcr den Kubota D850 Motor<\/b><\/span> wurde sorgf\u00e4ltig zusammengestellt und entspricht exakt den Originalspezifikationen. Er ist ideal f\u00fcr Motor\u00fcberholungen, Leckagereparaturen oder regul\u00e4re Wartungsarbeiten. Mit diesem kompletten Satz haben Sie alle erforderlichen Dichtungen zur Hand.  <\/p>\n<p class=\"p4\"><span class=\"s3\">\u2705 <\/span><b>Inhalt des Satzes:<\/b><b><\/b><\/p>\n<ul>\n<li class=\"p1\">Zylinderkopfdichtung(satz)<\/li>\n<li class=\"p1\">Kurbelwellendichtungen (vorne und hinten)<\/li>\n<li class=\"p1\">Ventilschaftdichtungen<\/li>\n<li class=\"p1\">Einlass- und Auslassdichtungen<\/li>\n<li>\n<p class=\"p1\">Diverse Dichtungen und Dichtringe (wie abgebildet)<\/p>\n<\/li>\n<\/ul>\n<ol>\n<li class=\"p3\">\u2714 Hergestellt aus langlebigen Materialien<\/li>\n<li class=\"p3\">\u2714 Perfekte Passform f\u00fcr den Kubota D850<\/li>\n<li class=\"p3\">\u2714 Ideal sowohl f\u00fcr professionelle als auch f\u00fcr Do-it-yourself-Reparaturen<\/li>\n<\/ol>\n<p class=\"p3\">Die kompatiblen Modelle wurden mit gr\u00f6\u00dfter Sorgfalt ausgew\u00e4hlt, um sicherzustellen, dass dieser Satz passt. Bei Zweifeln z\u00f6gern Sie bitte nicht, uns f\u00fcr eine Beratung zu kontaktieren.  <\/p>\n<p><strong>Kubota  <\/strong><\/p>\n<ul>\n<li>B1400, B1402, B1500, B1502, B1550, B6200, B40, B1-14, B1-15<\/li>\n<li>B6200D, B6200E, B6200HST-D, B6200HST-E, B1550D, B1550E, B1550HST-D, B1550HST-E, B1400, B1500, B1402E, B1402DT, B1502E, B1502DT<\/li>\n<li>KH35 (Bagger)<\/li>\n<\/ul>\n<p><strong>Kubota Motor<\/strong><\/p>\n<ul>\n<li>D850, D850BH, D850-5B<\/li>\n<\/ul>\n<p><strong>Zen-noh<\/strong><\/p>\n<ul>\n<li>ZB1400, ZB1402, ZB1500, ZB1502, ZB40<\/li>\n<li>ZB1-14, ZB1-15<\/li>\n<\/ul>\n<p><strong>OEM zur Referenz:<\/strong><\/p>\n<ul>\n<li>15583-03310, 15549-03310, 15549-03313, 15582-03310<\/li>\n<\/ul>\n<p><strong>Bohrung<\/strong> :<\/p>\n<ul>\n<li>72mm<\/li>\n<\/ul>\n","protected":false},"excerpt":{"rendered":"<p>? Dichtungssatz Kubota D850 \u2013 Inklusive Zylinderkopfdichtung Dieser hochwertige Dichtungssatz f\u00fcr den Kubota D850 Motor wurde sorgf\u00e4ltig zusammengestellt und entspricht exakt den Originalspezifikationen. Er ist ideal f\u00fcr Motor\u00fcberholungen, Leckagereparaturen oder regul\u00e4re Wartungsarbeiten. Mit diesem kompletten Satz haben Sie alle erforderlichen Dichtungen zur Hand. \u2705 Inhalt des Satzes: Zylinderkopfdichtung(satz) Kurbelwellendichtungen (vorne und hinten) Ventilschaftdichtungen Einlass- und&hellip;<\/p>\n","protected":false},"featured_media":158705,"comment_status":"open","ping_status":"closed","template":"","meta":[],"product_cat":[413,411],"product_tag":[2659,3895],"class_list":{"0":"post-15199","1":"product","2":"type-product","3":"status-publish","4":"has-post-thumbnail","6":"product_cat-dichtungssatz","7":"product_cat-kopfdichtungen","8":"product_tag-d850-de","9":"product_tag-snelparts-de","10":"pa_merk-kubota-de","11":"pa_merk-zen-noh-de","12":"pa_motor-d850-de","14":"first","15":"instock","16":"sale","17":"taxable","18":"shipping-taxable","19":"purchasable","20":"product-type-simple","21":"col-xs-6 col-sm-4","22":"col-md-3 col-lg-3","23":"un-4-cols"},"_links":{"self":[{"href":"https:\/\/shop4trac.com\/de\/wp-json\/wp\/v2\/product\/15199","targetHints":{"allow":["GET"]}}],"collection":[{"href":"https:\/\/shop4trac.com\/de\/wp-json\/wp\/v2\/product"}],"about":[{"href":"https:\/\/shop4trac.com\/de\/wp-json\/wp\/v2\/types\/product"}],"replies":[{"embeddable":true,"href":"https:\/\/shop4trac.com\/de\/wp-json\/wp\/v2\/comments?post=15199"}],"wp:featuredmedia":[{"embeddable":true,"href":"https:\/\/shop4trac.com\/de\/wp-json\/wp\/v2\/media\/158705"}],"wp:attachment":[{"href":"https:\/\/shop4trac.com\/de\/wp-json\/wp\/v2\/media?parent=15199"}],"wp:term":[{"taxonomy":"product_cat","embeddable":true,"href":"https:\/\/shop4trac.com\/de\/wp-json\/wp\/v2\/product_cat?post=15199"},{"taxonomy":"product_tag","embeddable":true,"href":"https:\/\/shop4trac.com\/de\/wp-json\/wp\/v2\/product_tag?post=15199"}],"curies":[{"name":"wp","href":"https:\/\/api.w.org\/{rel}","templated":true}]}}