{"id":15119,"date":"2020-02-29T16:47:02","date_gmt":"2020-02-29T15:47:02","guid":{"rendered":"https:\/\/shop4trac.com\/product\/dichtungssatz-mitsubishi-mt200-mt240-s3l-motor"},"modified":"2026-03-29T17:51:29","modified_gmt":"2026-03-29T16:51:29","slug":"dichtungssatz-mitsubishi-mt200-mt240-s3l-motor","status":"publish","type":"product","link":"https:\/\/shop4trac.com\/de\/motorteile\/dichtungssatz\/dichtungssatz-mitsubishi-mt200-mt240-s3l-motor\/","title":{"rendered":"Dichtungssatz Mitsubishi S3L | S3L2 | Mahindra | Caterpillar | Pel-job | Weidemann | Solis 26"},"content":{"rendered":"<p>Diese Kopfdichtung mit Dichtungssatz ist von <strong>hoher<\/strong> Qualit\u00e4t und die kompatiblen Modelle wurden mit gr\u00f6\u00dfter Sorgfalt ausgew\u00e4hlt!<\/p>\n<p>\u2705 Komplettes Paket mit Dichtungen f\u00fcr; <strong>Zylinderkopfdichtung(satz)<\/strong>, <strong>Kurbelwellendichtring vorne und hinten<\/strong>, <strong>Ventilschaftdichtungen<\/strong>, <strong>\u00d6lwannendichtung<\/strong>, <strong>Auspuffdichtungen<\/strong>, <strong>Ansaugdichtungen<\/strong>, <strong>Simmerringe<\/strong> und sonstige <strong>Dichtungen<\/strong> wie auf dem Foto dargestellt.<\/p>\n<p><strong>Bohrung<\/strong> : 78 mm<\/p>\n<p><strong>Modellreihe passend f\u00fcr Mitsubishi S3L \u2013 S3L2<\/strong><\/p>\n<p class=\"p1\"><b>AMI<\/b><b><\/b><\/p>\n<ul>\n<li class=\"p2\">GS 0009 M 32S<\/li>\n<\/ul>\n<p class=\"p1\"><b>Bredenoord<\/b><b><\/b><\/p>\n<ul>\n<li class=\"p2\">BRMI 10<\/li>\n<\/ul>\n<p class=\"p1\"><b>Breitkrone<\/b><b><\/b><\/p>\n<ul>\n<li class=\"p2\">BCM 11-50 E2, BCM 11-60, BCM 11-60SP, BCM 11-60SP T4, BCM 8-50SP E2<\/li>\n<\/ul>\n<p class=\"p1\"><b>Captain<\/b><b><\/b><\/p>\n<ul>\n<li class=\"p2\">263<\/li>\n<\/ul>\n<p class=\"p1\"><b>Raupe<\/b><b><\/b><\/p>\n<ul>\n<li class=\"p2\">302.5C, 303CR, 303SR<\/li>\n<\/ul>\n<p class=\"p1\"><b>Doosan<\/b><b><\/b><\/p>\n<ul>\n<li class=\"p2\">G10 (1Ph), G10 (3Ph)<\/li>\n<\/ul>\n<p class=\"p1\"><b>Eisemann<\/b><b><\/b><\/p>\n<ul>\n<li class=\"p2\">P 11000 DE, P 11001 DE, T 11000 DE<\/li>\n<\/ul>\n<p class=\"p1\"><b>Fogo<\/b><b><\/b><\/p>\n<ul>\n<li class=\"p2\">FM 10<\/li>\n<\/ul>\n<p class=\"p1\"><b>Geko<\/b><b><\/b><\/p>\n<ul>\n<li class=\"p2\">DH\/S 10, DH\/S 10 MF<\/li>\n<\/ul>\n<p class=\"p1\"><b>Giese<\/b><b><\/b><\/p>\n<ul>\n<li class=\"p2\">HB 5-10, HB 7.5-15<\/li>\n<\/ul>\n<p class=\"p1\"><b>Hanix<\/b><b><\/b><\/p>\n<ul>\n<li class=\"p2\">H22A, H24A, H26C, H36C, H36CR<\/li>\n<\/ul>\n<p class=\"p1\"><b>Hyundai Heavy Industries (Bagger)<\/b><b><\/b><\/p>\n<ul>\n<li class=\"p2\">R25Z-9A, R27Z-9, R28-7, R36N-7, Robex 28-7, Robex 35-7, Robex 36N-7, Robex 55-7<\/li>\n<\/ul>\n<p class=\"p1\"><b>Ingersoll Rand<\/b><b><\/b><\/p>\n<ul>\n<li class=\"p2\">G11, G12<\/li>\n<\/ul>\n<p class=\"p1\"><b>Mahindra<\/b><b><\/b><\/p>\n<ul>\n<li class=\"p2\">1526 HST, 1526 Shuttle, 1626 HST, 1626 Shuttle, 2815 G, 2815 HST, 2816 G, 3016 G 4WD, 3016 HST 4WD, 3215 G, 3215 HST, Max 24 HST 4WD, Max 26 XL HST 4WD, Max 26 XL Shuttle 4WD, Max 28 XL HST 4WD, Max 28 XL Shuttle 4WD<\/li>\n<\/ul>\n<p class=\"p1\"><b>Mutti<\/b><b><\/b><\/p>\n<ul>\n<li class=\"p2\">GS160, GS180, GS200, GS210, GS230, GS250<\/li>\n<\/ul>\n<p><strong>McCormick<\/strong><\/p>\n<ul>\n<li>Intl CTJ23<\/li>\n<\/ul>\n<p class=\"p1\"><b>Mitsubishi<\/b><b><\/b><\/p>\n<ul>\n<li class=\"p2\">MM25T, MM30CR, MM30CR2, MM30SR, MM30T, MT 200, MT231, MT240, MT251, MTZ23, GS232<\/li>\n<li>GS160<\/li>\n<\/ul>\n<p class=\"p1\"><b>Mitsubishi-Motor<\/b><b><\/b><\/p>\n<ul>\n<li class=\"p2\">MVS3L2J-ZB62CT, S3L, S3L2, S3L2-61ES, S3L2-61SD, S3L2-61SDH, S3L2-61TG, S3L2-61WH, S3L2-63ES, S3L2-63KL-NP2, S3L2-64ES, S3L2-SD, S3L2-W463KL, S3L2-Y131NSB<\/li>\n<\/ul>\n<p class=\"p1\"><b>Mitsubishi Transport Refridgeration<\/b><b><\/b><\/p>\n<ul>\n<li class=\"p2\">TU73D, TU73E, TU73EX<\/li>\n<\/ul>\n<p class=\"p1\"><b>Nagano<\/b><b><\/b><\/p>\n<ul>\n<li class=\"p2\">NA120A, NA90A, NA90ZA, NB30, NS25-3, NS35R-3, NUZ090D, NUL120-3, CX26-3<\/li>\n<\/ul>\n<p class=\"p1\"><b>Nilfisk-Alto<\/b><b><\/b><\/p>\n<ul>\n<li class=\"p2\">Contractor Silent<\/li>\n<\/ul>\n<p class=\"p1\"><b>Optimess<\/b><b><\/b><\/p>\n<ul>\n<li class=\"p2\">Tiger 8\/16 PPN<\/li>\n<\/ul>\n<p class=\"p1\"><b>Pel Job<\/b><b><\/b><\/p>\n<ul>\n<li class=\"p2\">EB250, EB25.4, EB30.4, EB306<\/li>\n<\/ul>\n<p class=\"p1\"><b>Schaeff Terex<\/b><b><\/b><\/p>\n<ul>\n<li class=\"p2\">TC25<\/li>\n<\/ul>\n<p class=\"p1\"><b>Solis<\/b><b><\/b><\/p>\n<ul>\n<li class=\"p2\">26<\/li>\n<\/ul>\n<p class=\"p1\"><b>Sol\u00e9 Diesel<\/b><b><\/b><\/p>\n<ul>\n<li class=\"p2\">G-10M-15, G-10T-15, Mini 33<\/li>\n<\/ul>\n<p class=\"p1\"><b>Technogen<\/b><b><\/b><\/p>\n<ul>\n<li class=\"p2\">MI12 \/ 4SX, MI12T \/ 4SX<\/li>\n<\/ul>\n<p class=\"p1\"><b>Teksan-Generator<\/b><b><\/b><\/p>\n<ul>\n<li class=\"p2\">TJ11MS, TJ20MS, TJ9MS<\/li>\n<\/ul>\n<p class=\"p1\"><b>Terex<\/b><b><\/b><\/p>\n<ul>\n<li class=\"p2\">TC25<\/li>\n<\/ul>\n<p class=\"p1\"><b>Terex Schaeff<\/b><b><\/b><\/p>\n<ul>\n<li class=\"p2\">TC25<\/li>\n<\/ul>\n<p class=\"p1\"><b>Toro<\/b><b><\/b><\/p>\n<ul>\n<li class=\"p2\">Reelmaster 5300-D<\/li>\n<\/ul>\n<p class=\"p1\"><b>TYM<\/b><b><\/b><\/p>\n<ul>\n<li class=\"p2\">T293<\/li>\n<\/ul>\n<p class=\"p1\"><b>Volvo<\/b><b><\/b><\/p>\n<ul>\n<li class=\"p2\">EC25, EC30<\/li>\n<\/ul>\n<p class=\"p1\"><b>Weidemann<\/b><b><\/b><\/p>\n<ul>\n<li class=\"p2\">1050 D\/M, 1050D\/M, 1055D\/M, 1504D\/M, 2015<\/li>\n<\/ul>\n","protected":false},"excerpt":{"rendered":"<p>Diese Kopfdichtung mit Dichtungssatz ist von hoher Qualit\u00e4t und die kompatiblen Modelle wurden mit gr\u00f6\u00dfter Sorgfalt ausgew\u00e4hlt! \u2705 Komplettes Paket mit Dichtungen f\u00fcr; Zylinderkopfdichtung(satz), Kurbelwellendichtring vorne und hinten, Ventilschaftdichtungen, \u00d6lwannendichtung, Auspuffdichtungen, Ansaugdichtungen, Simmerringe und sonstige Dichtungen wie auf dem Foto dargestellt. Bohrung : 78 mm Modellreihe passend f\u00fcr Mitsubishi S3L \u2013 S3L2 AMI GS 0009&hellip;<\/p>\n","protected":false},"featured_media":167733,"comment_status":"open","ping_status":"closed","template":"","meta":[],"product_cat":[413,411],"product_tag":[2585,3895],"class_list":{"0":"post-15119","1":"product","2":"type-product","3":"status-publish","4":"has-post-thumbnail","6":"product_cat-dichtungssatz","7":"product_cat-kopfdichtungen","8":"product_tag-s3l-de","9":"product_tag-snelparts-de","10":"pa_merk-captain-tractor-de","11":"pa_merk-caterpillar-de","12":"pa_merk-kumiai-de","13":"pa_merk-mahindra-de","14":"pa_merk-mitsubishi-de","15":"pa_merk-peljob-de","16":"pa_merk-sole-diesel-de","17":"pa_merk-solis-de","18":"pa_merk-tym-de","19":"pa_merk-weidemann-de","20":"pa_motor-s3l-de","22":"first","23":"instock","24":"sale","25":"taxable","26":"shipping-taxable","27":"purchasable","28":"product-type-simple","29":"col-xs-6 col-sm-4","30":"col-md-3 col-lg-3","31":"un-4-cols"},"_links":{"self":[{"href":"https:\/\/shop4trac.com\/de\/wp-json\/wp\/v2\/product\/15119","targetHints":{"allow":["GET"]}}],"collection":[{"href":"https:\/\/shop4trac.com\/de\/wp-json\/wp\/v2\/product"}],"about":[{"href":"https:\/\/shop4trac.com\/de\/wp-json\/wp\/v2\/types\/product"}],"replies":[{"embeddable":true,"href":"https:\/\/shop4trac.com\/de\/wp-json\/wp\/v2\/comments?post=15119"}],"wp:featuredmedia":[{"embeddable":true,"href":"https:\/\/shop4trac.com\/de\/wp-json\/wp\/v2\/media\/167733"}],"wp:attachment":[{"href":"https:\/\/shop4trac.com\/de\/wp-json\/wp\/v2\/media?parent=15119"}],"wp:term":[{"taxonomy":"product_cat","embeddable":true,"href":"https:\/\/shop4trac.com\/de\/wp-json\/wp\/v2\/product_cat?post=15119"},{"taxonomy":"product_tag","embeddable":true,"href":"https:\/\/shop4trac.com\/de\/wp-json\/wp\/v2\/product_tag?post=15119"}],"curies":[{"name":"wp","href":"https:\/\/api.w.org\/{rel}","templated":true}]}}