{"id":15099,"date":"2020-02-29T16:44:07","date_gmt":"2020-02-29T14:44:07","guid":{"rendered":"https:\/\/shop4trac.com\/product\/luftfilter-kubota-iseki-mitsubishi-yanmar-hinomoto"},"modified":"2026-04-05T23:41:04","modified_gmt":"2026-04-05T22:41:04","slug":"luftfilter-kubota-iseki-mitsubishi-yanmar-hinomoto","status":"publish","type":"product","link":"https:\/\/shop4trac.com\/de\/filter\/luftfilter-de-2\/luftfilter-kubota-iseki-mitsubishi-yanmar-hinomoto\/","title":{"rendered":"Luftfilter | Kubota | Iseki | Mitsubishi | Yanmar | Hinomoto | Shibaura"},"content":{"rendered":"<p>Dieser Luftfilter wurde sorgf\u00e4ltig f\u00fcr die folgenden Traktoren ausgew\u00e4hlt<\/p>\n<p><strong>Abmessungen<\/strong> :<\/p>\n<p><strong>Au\u00dfen<\/strong>durchmesser: 83 mm<\/p>\n<p><strong>L\u00e4nge<\/strong>: 185 mm \/ 7,25\u2033<\/p>\n<p><strong>Kubota<\/strong><\/p>\n<ul>\n<li>B5001, B6000, B6001, B7000, B7001, B1200, B1400, B1402, B1500, B1502, B1600<\/li>\n<li>B1702, B1902<\/li>\n<li>L1500, L1501, L1801, L1802, L2000, L2201<\/li>\n<li>L185, L245<\/li>\n<li>Bulltra B1-14, B1-15, B1-16, B1-17<\/li>\n<\/ul>\n<p><strong>ZEN-NOH<\/strong><\/p>\n<ul>\n<li>Zen-Noh ZB1200, ZB1400, ZB1402, ZB1500, ZB1600<\/li>\n<li>ZB6001, ZB7000, ZB7001<\/li>\n<\/ul>\n<p><strong>Iseki<\/strong><\/p>\n<ul>\n<li>TU1400, TU1400F TU1500, TU1500F TU1600, TU1600F TU1401, TU1501, TU1601<\/li>\n<li>TX145, TX155, TX144F, TX155F<\/li>\n<li>TX1210, TX1410, TX1410F TX1510, TX1510F (Beachten Sie die L\u00e4nge des Luftfilters)<\/li>\n<li>TX2140, TX2160<\/li>\n<\/ul>\n<p><strong>Bolens<\/strong><\/p>\n<ul>\n<li>H1704, G152, G154, G172, G174<\/li>\n<\/ul>\n<p><strong>White field Boss<\/strong><\/p>\n<ul>\n<li>FB16<\/li>\n<\/ul>\n<p><strong>Mitsubishi<\/strong><\/p>\n<ul>\n<li>MT14D, MT15D, MT16D, MT17D, MT18D, MT20D<\/li>\n<\/ul>\n<p><strong>Hinomoto<\/strong><\/p>\n<ul>\n<li>C142, C144, C172, C174<\/li>\n<li>E14, E16, E18,E1804, E 14, E 150 D, E 16, E 18, E 1802, E 21, E 250 D<\/li>\n<\/ul>\n<p><strong>Hinomoto<\/strong><\/p>\n<ul>\n<li>N179, N189<\/li>\n<\/ul>\n<p><strong>Yanmar<\/strong><\/p>\n<ul>\n<li>YM12, YM126, YM1301, YM135, YM135D, YM14, YM140, YM1401, YM1402, YM1401D, YM140D, YM142, YM146, YM147, YM147D, YM1510, YM1510D<\/li>\n<li>YM155, YM155D, YM1601, YM1602, YM1610, YM165, YM165D, YM1702, YM1720, YM180, YM1802, YM1802D, YM180D, YM1810, YM1810D, YM1820<\/li>\n<li>YM186, YM186D, YM187, YM187D, YM2002, YM226, YM226D, YM330, YM330D<\/li>\n<li>F13, F14, F14D, F15, F15D, F16, F17<\/li>\n<li>T14<\/li>\n<\/ul>\n<p><strong>Shibaura<\/strong><\/p>\n<ul>\n<li>SL1343, SL1543, SL1643, SP1540, SP1740<\/li>\n<li>P15 \u2013 P17<\/li>\n<li>Shibaura S318, S320<\/li>\n<\/ul>\n<p><strong>OEM-Referenznummern<\/strong><\/p>\n<ul>\n<li>124066-12510, 171022-12530, 1522211224, 12146512510, 86512886, 12406612510, 86512886<\/li>\n<li>240760, 246364, 246366, 2463649, 2463667, 2470606, 2470607, 20974077, 70246364<\/li>\n<li>5527655841, 12146512510, 12406612510, 115548H45, YM12146512510, YM1710221253, YM17102212530, YMR000605, Z7601117130<\/li>\n<li>17102212530, 1871493 ,1872002<\/li>\n<li>1252578C1, 6988081<\/li>\n<li>14271012840<\/li>\n<li>1520111081, 1522111221, 1522211221, 1522211222, 1522787481, 1527211222, 1550111080, 1550111081, 1550111220<\/li>\n<li>1585211220, 5185211081, 6760958210, 6780058300, 6816143610, 7000011221, 7000011221B<\/li>\n<li>SBA314531101 ,SBA314531123<\/li>\n<li>MM200571, MM510109<\/li>\n<\/ul>\n<p><span style=\"text-decoration: underline\">Andere Maschinen<\/span><\/p>\n<p>Hier sind die Modelle pro Marke zusammengefasst und mit Komma getrennt aufgef\u00fchrt:<\/p>\n<p><strong>BOBCAT<\/strong><\/p>\n<ul>\n<li>220, 220, 310, 310, 316, 316, 320, 320, 322, 343, 440, 443, 443 B, 453, 453, 542<\/li>\n<\/ul>\n<p><strong>CASE<\/strong><\/p>\n<ul>\n<li>1818, 1825, 23, CX 23<\/li>\n<\/ul>\n<p><strong>CUB CADET<\/strong><\/p>\n<ul>\n<li>1782W, 2182W<\/li>\n<\/ul>\n<p><strong>DOOSAN DAEWOO<\/strong><\/p>\n<ul>\n<li>L 5K, L 6-4MH, L 6A-4MH, L 6B-4MH, L 6C-4MH, L 8B-4MH, L 8C-4MH, SOLAR 007, SOLAR 010, SOLAR 015, SOLAR 030, SOLAR 030, SOLAR 030 PLUS, SOLAR 15<\/li>\n<\/ul>\n<p><strong>FERRARI AGRI<\/strong><\/p>\n<ul>\n<li>RAPTOR 30, RAPTOR 40, VIPAR 30, VIPAR 40<\/li>\n<\/ul>\n<p><strong>FORD AGRI<\/strong><\/p>\n<ul>\n<li>1220<\/li>\n<\/ul>\n<p><strong>GIANNI FERRARI<\/strong><\/p>\n<ul>\n<li>TURBOGRASS<\/li>\n<\/ul>\n<p><strong>HAKO<\/strong><\/p>\n<ul>\n<li>1400 D, 1401, 2700 DA<\/li>\n<\/ul>\n<p><strong>HOLDER<\/strong><\/p>\n<ul>\n<li>C20<\/li>\n<\/ul>\n<p><strong>JOHN DEERE<\/strong><\/p>\n<ul>\n<li>655, 755, 755, 915<\/li>\n<\/ul>\n<p><strong>KIOTI<\/strong><\/p>\n<ul>\n<li>LB 1714, LB 1914<\/li>\n<\/ul>\n<p><strong>KOBELCO<\/strong><\/p>\n<ul>\n<li>SK 007, SK 007-2, SK 014, SK 015, SK 015 SR, SK 07 SR<\/li>\n<\/ul>\n<p><strong>KOMATSU<\/strong><\/p>\n<ul>\n<li>FD 15 L-12, FD 15 N-12, FD 20 L-7, FD 20 L-8, FG 10-15, FG 14 D-15, FG 14 L-15, FG 15 D-15, FG 15 H -15, FG 15 L-15, FG 18 D-15, FG 18 L-15, PC 05-1, PC 05-7, PC 05-7, PC 07-2, PC 09-1<\/li>\n<\/ul>\n<p><strong>PEL JOB<\/strong><\/p>\n<ul>\n<li>EB 10, EB 12, EB 12.4, EB 14, EB 14, EB 14.4, EB 16, EB 16.4, ED 750, LS 271, SIRIUS 246, TB 1200, TB 14, TB 15, TB 650 S, TB 800<\/li>\n<\/ul>\n<p><strong>RANSOMES<\/strong><\/p>\n<ul>\n<li>GREEN TRIPLEX GT CHAMPION, GREEN TRIPLEX GT CLASSIC, GROOM MASTER, MOTOR 180 D, MOTOR TRIPLE MK4, SUPER AC<\/li>\n<li>SUPER RACKE D, SUPER RAKE D, SUPER RAKE D, T 17 D, T 23 D, T 23 D 4X4, T 26 D, TRI-PLEX 185 D, TURFTRAK 2-16D, TURFTRAK 4-21D<\/li>\n<\/ul>\n<p><strong>SHIBAURA<\/strong><\/p>\n<ul>\n<li>S318, S320\/HST, S325<\/li>\n<li>SE 1300, SE 1500, SE 1540<\/li>\n<li>SP 1400, SP 1800, SP 2100<\/li>\n<\/ul>\n<p><strong>TORO<\/strong><\/p>\n<ul>\n<li>66&#8243;RAKE-O-VAC, GROUNDMASTER 52, HTM, REELMASTER 216 D<\/li>\n<li>SAND PRO 14, SAND PRO 2000, SAND PRO 3000, SAND PRO 5000, TURF PRO 84, WORKMAN 3000<\/li>\n<li>WORKMAN 3200, WORKMAN 3300 D, WORKMAN 4200, WORKMAN 4300 D, WORKMASTER<\/li>\n<\/ul>\n<p><strong>WEIDEMANN<\/strong><\/p>\n<ul>\n<li>1002 D\/P, 110 DM, 3002 D\/M, 811, 911 D\/M, 915 D\/P<\/li>\n<\/ul>\n","protected":false},"excerpt":{"rendered":"<p>Dieser Luftfilter wurde sorgf\u00e4ltig f\u00fcr die folgenden Traktoren ausgew\u00e4hlt Abmessungen : Au\u00dfendurchmesser: 83 mm L\u00e4nge: 185 mm \/ 7,25\u2033 Kubota B5001, B6000, B6001, B7000, B7001, B1200, B1400, B1402, B1500, B1502, B1600 B1702, B1902 L1500, L1501, L1801, L1802, L2000, L2201 L185, L245 Bulltra B1-14, B1-15, B1-16, B1-17 ZEN-NOH Zen-Noh ZB1200, ZB1400, ZB1402, ZB1500, ZB1600 ZB6001, ZB7000,&hellip;<\/p>\n","protected":false},"featured_media":29695,"comment_status":"open","ping_status":"closed","template":"","meta":[],"product_cat":[681],"product_tag":[3895],"class_list":{"0":"post-15099","1":"product","2":"type-product","3":"status-publish","4":"has-post-thumbnail","6":"product_cat-luftfilter-de-2","7":"product_tag-snelparts-de","8":"pa_merk-bobcat-de","9":"pa_merk-bolens-de","10":"pa_merk-cub-cadet-de","11":"pa_merk-ford-de","12":"pa_merk-hinomoto-de","13":"pa_merk-iseki-de","14":"pa_merk-john-deere-de","15":"pa_merk-kioti-de","16":"pa_merk-kobelco-de","17":"pa_merk-kubota-de","18":"pa_merk-kumiai-de","19":"pa_merk-mitsubishi-de","20":"pa_merk-shibaura-de","21":"pa_merk-yanmar-de","22":"pa_merk-zen-noh-de","24":"first","25":"instock","26":"sale","27":"taxable","28":"shipping-taxable","29":"purchasable","30":"product-type-simple","31":"col-xs-6 col-sm-4","32":"col-md-3 col-lg-3","33":"un-4-cols"},"_links":{"self":[{"href":"https:\/\/shop4trac.com\/de\/wp-json\/wp\/v2\/product\/15099","targetHints":{"allow":["GET"]}}],"collection":[{"href":"https:\/\/shop4trac.com\/de\/wp-json\/wp\/v2\/product"}],"about":[{"href":"https:\/\/shop4trac.com\/de\/wp-json\/wp\/v2\/types\/product"}],"replies":[{"embeddable":true,"href":"https:\/\/shop4trac.com\/de\/wp-json\/wp\/v2\/comments?post=15099"}],"wp:featuredmedia":[{"embeddable":true,"href":"https:\/\/shop4trac.com\/de\/wp-json\/wp\/v2\/media\/29695"}],"wp:attachment":[{"href":"https:\/\/shop4trac.com\/de\/wp-json\/wp\/v2\/media?parent=15099"}],"wp:term":[{"taxonomy":"product_cat","embeddable":true,"href":"https:\/\/shop4trac.com\/de\/wp-json\/wp\/v2\/product_cat?post=15099"},{"taxonomy":"product_tag","embeddable":true,"href":"https:\/\/shop4trac.com\/de\/wp-json\/wp\/v2\/product_tag?post=15099"}],"curies":[{"name":"wp","href":"https:\/\/api.w.org\/{rel}","templated":true}]}}