{"id":15089,"date":"2020-02-29T16:44:07","date_gmt":"2020-02-29T15:44:07","guid":{"rendered":"https:\/\/shop4trac.com\/product\/luftfilter-iseki-mitsubishi"},"modified":"2026-04-06T09:23:48","modified_gmt":"2026-04-06T08:23:48","slug":"luftfilter-iseki-mitsubishi","status":"publish","type":"product","link":"https:\/\/shop4trac.com\/de\/filter\/luftfilter-de-2\/luftfilter-iseki-mitsubishi\/","title":{"rendered":"Luftfilter | Iseki | Mitsubishi TX1000 \u2013 TX1500 | Bolens G152 \u2013 G174"},"content":{"rendered":"<p>Luftfilter in Premiumqualit\u00e4t<\/p>\n<p><strong>Gr\u00f6\u00dfen<\/strong>:<\/p>\n<ul>\n<li>Au\u00dfendurchmesser: 94mm<\/li>\n<li>L\u00e4nge: 172mm<\/li>\n<\/ul>\n<p>Luftfilter passend f\u00fcr folgende Modelle<\/p>\n<p><strong>Iseki<\/strong><\/p>\n<ul>\n<li>TX-Serie\n<ul>\n<li>TX1000, TX1300, TX1500, TX1210, TX1410, TX1510<\/li>\n<\/ul>\n<\/li>\n<li>TX1210, TX1410 (abh\u00e4ngig von Seriennummer und Baujahr), TX1510 (abh\u00e4ngig von Seriennummer und Baujahr)<br \/>\n TX2140 (abh\u00e4ngig von Seriennummer und Baujahr), TX2160 (abh\u00e4ngig von Seriennummer und Baujahr)<\/li>\n<\/ul>\n<p><strong>Bolens<\/strong><\/p>\n<ul>\n<li>G152, G154, G172, G174 \u2013 Alte Variante<\/li>\n<\/ul>\n<p><strong>Mitsubishi<\/strong><\/p>\n<ul>\n<li>MT01-Serie unter 18 PS\n<ul>\n<li>MT1301, MT1401, MT1601<\/li>\n<\/ul>\n<\/li>\n<li>D-Serie unter 16 PS\n<ul>\n<li>D1300, D1500, D1450, D1550<\/li>\n<\/ul>\n<\/li>\n<\/ul>\n<p><strong>Satoh<\/strong><\/p>\n<ul>\n<li>ST-Serie unter 16 PS\n<ul>\n<li>ST1300, ST1510, ST1440, ST1540<\/li>\n<\/ul>\n<\/li>\n<\/ul>\n<p><strong>Noda<\/strong><\/p>\n<ul>\n<li>NR-Serie\n<ul>\n<li>NR1301, NR1501<\/li>\n<\/ul>\n<\/li>\n<\/ul>\n<p><strong>OEM als Referenz<\/strong><\/p>\n<ul>\n<li>1427-101-0140-0<\/li>\n<li>11350031210<\/li>\n<li>187-1493 \u2013 Bolens<\/li>\n<\/ul>\n","protected":false},"excerpt":{"rendered":"<p>Luftfilter in Premiumqualit\u00e4t Gr\u00f6\u00dfen: Au\u00dfendurchmesser: 94mm L\u00e4nge: 172mm Luftfilter passend f\u00fcr folgende Modelle Iseki TX-Serie TX1000, TX1300, TX1500, TX1210, TX1410, TX1510 TX1210, TX1410 (abh\u00e4ngig von Seriennummer und Baujahr), TX1510 (abh\u00e4ngig von Seriennummer und Baujahr) TX2140 (abh\u00e4ngig von Seriennummer und Baujahr), TX2160 (abh\u00e4ngig von Seriennummer und Baujahr) Bolens G152, G154, G172, G174 \u2013 Alte Variante Mitsubishi&hellip;<\/p>\n","protected":false},"featured_media":144709,"comment_status":"open","ping_status":"closed","template":"","meta":[],"product_cat":[681],"product_tag":[3895],"class_list":{"0":"post-15089","1":"product","2":"type-product","3":"status-publish","4":"has-post-thumbnail","6":"product_cat-luftfilter-de-2","7":"product_tag-snelparts-de","8":"pa_merk-iseki-de","9":"pa_merk-kumiai-de","10":"pa_merk-mitsubishi-de","12":"first","13":"instock","14":"sale","15":"taxable","16":"shipping-taxable","17":"purchasable","18":"product-type-simple","19":"col-xs-6 col-sm-4","20":"col-md-3 col-lg-3","21":"un-4-cols"},"_links":{"self":[{"href":"https:\/\/shop4trac.com\/de\/wp-json\/wp\/v2\/product\/15089","targetHints":{"allow":["GET"]}}],"collection":[{"href":"https:\/\/shop4trac.com\/de\/wp-json\/wp\/v2\/product"}],"about":[{"href":"https:\/\/shop4trac.com\/de\/wp-json\/wp\/v2\/types\/product"}],"replies":[{"embeddable":true,"href":"https:\/\/shop4trac.com\/de\/wp-json\/wp\/v2\/comments?post=15089"}],"wp:featuredmedia":[{"embeddable":true,"href":"https:\/\/shop4trac.com\/de\/wp-json\/wp\/v2\/media\/144709"}],"wp:attachment":[{"href":"https:\/\/shop4trac.com\/de\/wp-json\/wp\/v2\/media?parent=15089"}],"wp:term":[{"taxonomy":"product_cat","embeddable":true,"href":"https:\/\/shop4trac.com\/de\/wp-json\/wp\/v2\/product_cat?post=15089"},{"taxonomy":"product_tag","embeddable":true,"href":"https:\/\/shop4trac.com\/de\/wp-json\/wp\/v2\/product_tag?post=15089"}],"curies":[{"name":"wp","href":"https:\/\/api.w.org\/{rel}","templated":true}]}}