{"id":15074,"date":"2020-02-29T16:44:07","date_gmt":"2020-02-29T15:44:07","guid":{"rendered":"https:\/\/shop4trac.com\/product\/luftfilter-iseki-landhope-sial"},"modified":"2026-03-03T17:14:53","modified_gmt":"2026-03-03T16:14:53","slug":"luftfilter-iseki-landhope-sial","status":"publish","type":"product","link":"https:\/\/shop4trac.com\/de\/filter\/luftfilter-de-2\/luftfilter-iseki-landhope-sial\/","title":{"rendered":"Luftfilter | Iseki Landhope TU120 \u2013 TU177F | SIAL TF3-TF17 | SG13 \u2013 SG17 | TU318"},"content":{"rendered":"<p>Luftfilter <span style=\"text-decoration: underline\"><strong>in Premiumqualit\u00e4t<\/strong><\/span><\/p>\n<p><u>Gr\u00f6\u00dfen:<br \/>\n<\/u><\/p>\n<ul>\n<li>Au\u00dfendurchmesser: 83 mm<\/li>\n<li>Durchmesser Metallplatte: 125mm<\/li>\n<li>L\u00e4nge: 188 mm<br \/>\n<u><br \/>\n<\/u><\/li>\n<\/ul>\n<p>Passend f\u00fcr folgende Maschinen<\/p>\n<p><strong>Iseki<\/strong><\/p>\n<ul>\n<li>TU120, TU125, TU127, TU130, TU135, TU137, TU140, TU145, TU147, TU150, TU155<\/li>\n<li>TU157, TU160, TU165, TU167, TU170, TU175, TU177<\/li>\n<li>TU318 (E3100-Motor)<\/li>\n<li>TF3, TF5, TF15, TF17<\/li>\n<li>SG13, SG15, SG17<\/li>\n<li>SG13, SG153, SG15H, SG17, SG173\/HU, SIAL17, TU318<\/li>\n<\/ul>\n<p><strong>OEM als Referenz:<\/strong><\/p>\n<ul>\n<li>1544-104-202-00, 1593-104-502-00<\/li>\n<\/ul>\n<p class=\"p1\"><b>HITACHI<\/b><b><\/b><\/p>\n<ul>\n<li class=\"p2\">UE07<\/li>\n<\/ul>\n<p class=\"p1\"><b>HONDA<\/b><b><\/b><\/p>\n<ul>\n<li class=\"p2\">H5516D<\/li>\n<\/ul>\n<p class=\"p1\"><b>IHI<\/b><b><\/b><\/p>\n<ul>\n<li class=\"p2\">10Z, 12NX, 7GX3, IS12J, IS12JX, IS12JXCE, IS7GX, IS7J<\/li>\n<\/ul>\n<p class=\"p1\"><b>LUGGER<\/b><b><\/b><\/p>\n<ul>\n<li class=\"p2\">NL643, NL673, NL673L<\/li>\n<\/ul>\n<p class=\"p1\"><b>NORDLICHT<\/b><b><\/b><\/p>\n<ul>\n<li class=\"p2\">M673L3G, M673LD3G, NL673L<\/li>\n<\/ul>\n<p class=\"p1\"><b>SHIBAURA<\/b><b><\/b><\/p>\n<ul>\n<li class=\"p2\">GT14, GT141, GT16, GT161<\/li>\n<\/ul>\n","protected":false},"excerpt":{"rendered":"<p>Luftfilter in Premiumqualit\u00e4t Gr\u00f6\u00dfen: Au\u00dfendurchmesser: 83 mm Durchmesser Metallplatte: 125mm L\u00e4nge: 188 mm Passend f\u00fcr folgende Maschinen Iseki TU120, TU125, TU127, TU130, TU135, TU137, TU140, TU145, TU147, TU150, TU155 TU157, TU160, TU165, TU167, TU170, TU175, TU177 TU318 (E3100-Motor) TF3, TF5, TF15, TF17 SG13, SG15, SG17 SG13, SG153, SG15H, SG17, SG173\/HU, SIAL17, TU318 OEM als Referenz:&hellip;<\/p>\n","protected":false},"featured_media":144679,"comment_status":"open","ping_status":"closed","template":"","meta":[],"product_cat":[681],"product_tag":[3895],"class_list":{"0":"post-15074","1":"product","2":"type-product","3":"status-publish","4":"has-post-thumbnail","6":"product_cat-luftfilter-de-2","7":"product_tag-snelparts-de","8":"pa_merk-hitachi-de","9":"pa_merk-iseki-de","10":"pa_merk-shibaura-de","12":"first","13":"instock","14":"sale","15":"taxable","16":"shipping-taxable","17":"purchasable","18":"product-type-simple","19":"col-xs-6 col-sm-4","20":"col-md-3 col-lg-3","21":"un-4-cols"},"_links":{"self":[{"href":"https:\/\/shop4trac.com\/de\/wp-json\/wp\/v2\/product\/15074","targetHints":{"allow":["GET"]}}],"collection":[{"href":"https:\/\/shop4trac.com\/de\/wp-json\/wp\/v2\/product"}],"about":[{"href":"https:\/\/shop4trac.com\/de\/wp-json\/wp\/v2\/types\/product"}],"replies":[{"embeddable":true,"href":"https:\/\/shop4trac.com\/de\/wp-json\/wp\/v2\/comments?post=15074"}],"wp:featuredmedia":[{"embeddable":true,"href":"https:\/\/shop4trac.com\/de\/wp-json\/wp\/v2\/media\/144679"}],"wp:attachment":[{"href":"https:\/\/shop4trac.com\/de\/wp-json\/wp\/v2\/media?parent=15074"}],"wp:term":[{"taxonomy":"product_cat","embeddable":true,"href":"https:\/\/shop4trac.com\/de\/wp-json\/wp\/v2\/product_cat?post=15074"},{"taxonomy":"product_tag","embeddable":true,"href":"https:\/\/shop4trac.com\/de\/wp-json\/wp\/v2\/product_tag?post=15074"}],"curies":[{"name":"wp","href":"https:\/\/api.w.org\/{rel}","templated":true}]}}