{"id":15063,"date":"2020-02-29T16:44:07","date_gmt":"2020-02-29T15:44:07","guid":{"rendered":"https:\/\/shop4trac.com\/product\/luftfilter-yanmar"},"modified":"2025-08-01T19:12:17","modified_gmt":"2025-08-01T17:12:17","slug":"luftfilter-yanmar","status":"publish","type":"product","link":"https:\/\/shop4trac.com\/de\/filter\/luftfilter-de-2\/luftfilter-yanmar\/","title":{"rendered":"Luftfilter | Yanmar | YM1500 | YM1700 | YM2000"},"content":{"rendered":"<p>Geeignet f\u00fcr:<\/p>\n<p>Yanmar YM1500D, YM1700D, YM2000D<\/p>\n<p><strong>Abmessungen<\/strong><\/p>\n<ul>\n<li>Au\u00dfendurchmesser 185mm<\/li>\n<li>Innendurchmesser 120mm<\/li>\n<li>St\u00e4rke: 60mm<\/li>\n<\/ul>\n","protected":false},"excerpt":{"rendered":"<p>Geeignet f\u00fcr: Yanmar YM1500D, YM1700D, YM2000D Abmessungen Au\u00dfendurchmesser 185mm Innendurchmesser 120mm St\u00e4rke: 60mm<\/p>\n","protected":false},"featured_media":28814,"comment_status":"open","ping_status":"closed","template":"","meta":[],"product_cat":[681],"product_tag":[3895],"class_list":{"0":"post-15063","1":"product","2":"type-product","3":"status-publish","4":"has-post-thumbnail","6":"product_cat-luftfilter-de-2","7":"product_tag-snelparts-de","8":"pa_merk-yanmar-de","10":"first","11":"instock","12":"taxable","13":"shipping-taxable","14":"purchasable","15":"product-type-simple","16":"col-xs-6 col-sm-4","17":"col-md-3 col-lg-3","18":"un-4-cols"},"_links":{"self":[{"href":"https:\/\/shop4trac.com\/de\/wp-json\/wp\/v2\/product\/15063","targetHints":{"allow":["GET"]}}],"collection":[{"href":"https:\/\/shop4trac.com\/de\/wp-json\/wp\/v2\/product"}],"about":[{"href":"https:\/\/shop4trac.com\/de\/wp-json\/wp\/v2\/types\/product"}],"replies":[{"embeddable":true,"href":"https:\/\/shop4trac.com\/de\/wp-json\/wp\/v2\/comments?post=15063"}],"wp:featuredmedia":[{"embeddable":true,"href":"https:\/\/shop4trac.com\/de\/wp-json\/wp\/v2\/media\/28814"}],"wp:attachment":[{"href":"https:\/\/shop4trac.com\/de\/wp-json\/wp\/v2\/media?parent=15063"}],"wp:term":[{"taxonomy":"product_cat","embeddable":true,"href":"https:\/\/shop4trac.com\/de\/wp-json\/wp\/v2\/product_cat?post=15063"},{"taxonomy":"product_tag","embeddable":true,"href":"https:\/\/shop4trac.com\/de\/wp-json\/wp\/v2\/product_tag?post=15063"}],"curies":[{"name":"wp","href":"https:\/\/api.w.org\/{rel}","templated":true}]}}