{"id":15048,"date":"2020-02-29T16:44:08","date_gmt":"2020-02-29T15:44:08","guid":{"rendered":"https:\/\/shop4trac.com\/product\/luftfilter-iseki-tu-yanmar-ym"},"modified":"2026-03-31T18:17:28","modified_gmt":"2026-03-31T17:17:28","slug":"luftfilter-iseki-tu-yanmar-ym","status":"publish","type":"product","link":"https:\/\/shop4trac.com\/de\/filter\/luftfilter-de-2\/luftfilter-iseki-tu-yanmar-ym\/","title":{"rendered":"Luftfilter | Iseki TU1700 \u2013 TU2101 | Yanmar YM2001 \u2013 YM2301 | YM2310 \u2013 YM2420 | Bolens G212 \u2013 G214"},"content":{"rendered":"<p><span style=\"text-decoration: underline\"><strong>Hochwertiger<\/strong><\/span> Luftfilter passend f\u00fcr folgende Modelle<\/p>\n<p><u>Gr\u00f6\u00dfen:<\/u><\/p>\n<ul>\n<li>\u00c4u\u00dferer Durchmesser: 104 mm<\/li>\n<li>L\u00e4nge: 195 mm<br \/>\n<u><br \/>\n<\/u><\/li>\n<\/ul>\n<p>Passend f\u00fcr folgende Maschinen und Traktoren<\/p>\n<p><strong>Iseki<\/strong><\/p>\n<ul>\n<li>TU1700, TU1701, TU1900, TU1901, TU2100, TE3210<\/li>\n<li>TU1700F, TU1701F, TU1900F, TU1901F, TU2100F, TU2101F<\/li>\n<\/ul>\n<p><strong>Bolens<\/strong><\/p>\n<ul>\n<li>G212, G214<\/li>\n<\/ul>\n<p><strong>Wei\u00dfes Feld Boss<\/strong><\/p>\n<ul>\n<li>21<\/li>\n<\/ul>\n<p><strong>Yanmar<\/strong><\/p>\n<ul>\n<li>YM2001, YM2010, YM2020, YM2202, YM2210, YM2220, YM2301<\/li>\n<li>YM2310, YM2402, YM2420<\/li>\n<\/ul>\n<p><strong>Andere Maschinen<\/strong><\/p>\n<p><strong>DOOSAN DAEWOO<\/strong><\/p>\n<ul>\n<li>SOLAR 030 PLUS, SOLAR 035<\/li>\n<\/ul>\n<p><strong>FERRARI AGRI<\/strong><\/p>\n<ul>\n<li>18, 20, 20, 22, 22-3 W, 3 W, 3 W, 66 D, 66 D<\/li>\n<\/ul>\n<p><strong>HANIX<\/strong><\/p>\n<ul>\n<li>H 24, H 26\/B, H 26 C, H 29 A, H 35 A, H 36 B\/R, H 36 C, SD 25<\/li>\n<\/ul>\n<p><strong>KOBELCO<\/strong><\/p>\n<ul>\n<li>SK025, SK 025 SR, SK 035 II, SK 25 SR, SK 30 SR, SK 35 SR<\/li>\n<\/ul>\n<p><strong>KOMATSU<\/strong><\/p>\n<ul>\n<li>PC 10, PC 10-2, PC 10-3, PC 10-5, PC 10-6, PC 10-7<\/li>\n<\/ul>\n<p><strong>MASSEY FERGUSON<\/strong><\/p>\n<ul>\n<li>MF 128<\/li>\n<\/ul>\n<p><strong>TAKEUCHI<\/strong><\/p>\n<ul>\n<li>TB 22<\/li>\n<\/ul>\n<p><strong>YANMAR<\/strong><\/p>\n<ul>\n<li>3T75 HLE, YB 201, YB 22, YB 25<\/li>\n<\/ul>\n<p><strong>OEM als Referenz<\/strong><\/p>\n<ul>\n<li>1480-104-2070-0, 148010420700<\/li>\n<li>129350-12900, 124756-12510, VV12935012900, 8970763960, 124756-12511, YM129350-12900<\/li>\n<\/ul>\n","protected":false},"excerpt":{"rendered":"<p>Hochwertiger Luftfilter passend f\u00fcr folgende Modelle Gr\u00f6\u00dfen: \u00c4u\u00dferer Durchmesser: 104 mm L\u00e4nge: 195 mm Passend f\u00fcr folgende Maschinen und Traktoren Iseki TU1700, TU1701, TU1900, TU1901, TU2100, TE3210 TU1700F, TU1701F, TU1900F, TU1901F, TU2100F, TU2101F Bolens G212, G214 Wei\u00dfes Feld Boss 21 Yanmar YM2001, YM2010, YM2020, YM2202, YM2210, YM2220, YM2301 YM2310, YM2402, YM2420 Andere Maschinen DOOSAN DAEWOO&hellip;<\/p>\n","protected":false},"featured_media":144631,"comment_status":"open","ping_status":"closed","template":"","meta":[],"product_cat":[681],"product_tag":[3895],"class_list":{"0":"post-15048","1":"product","2":"type-product","3":"status-publish","4":"has-post-thumbnail","6":"product_cat-luftfilter-de-2","7":"product_tag-snelparts-de","8":"pa_merk-bolens-de","9":"pa_merk-iseki-de","10":"pa_merk-kobelco-de","11":"pa_merk-takeushi-de","12":"pa_merk-white-field-boss-de","13":"pa_merk-yanmar-de","15":"first","16":"instock","17":"sale","18":"taxable","19":"shipping-taxable","20":"purchasable","21":"product-type-simple","22":"col-xs-6 col-sm-4","23":"col-md-3 col-lg-3","24":"un-4-cols"},"_links":{"self":[{"href":"https:\/\/shop4trac.com\/de\/wp-json\/wp\/v2\/product\/15048","targetHints":{"allow":["GET"]}}],"collection":[{"href":"https:\/\/shop4trac.com\/de\/wp-json\/wp\/v2\/product"}],"about":[{"href":"https:\/\/shop4trac.com\/de\/wp-json\/wp\/v2\/types\/product"}],"replies":[{"embeddable":true,"href":"https:\/\/shop4trac.com\/de\/wp-json\/wp\/v2\/comments?post=15048"}],"wp:featuredmedia":[{"embeddable":true,"href":"https:\/\/shop4trac.com\/de\/wp-json\/wp\/v2\/media\/144631"}],"wp:attachment":[{"href":"https:\/\/shop4trac.com\/de\/wp-json\/wp\/v2\/media?parent=15048"}],"wp:term":[{"taxonomy":"product_cat","embeddable":true,"href":"https:\/\/shop4trac.com\/de\/wp-json\/wp\/v2\/product_cat?post=15048"},{"taxonomy":"product_tag","embeddable":true,"href":"https:\/\/shop4trac.com\/de\/wp-json\/wp\/v2\/product_tag?post=15048"}],"curies":[{"name":"wp","href":"https:\/\/api.w.org\/{rel}","templated":true}]}}