{"id":15001,"date":"2020-02-29T16:44:08","date_gmt":"2020-02-29T15:44:08","guid":{"rendered":"https:\/\/shop4trac.com\/product\/luftfilter-shibaura-su"},"modified":"2025-08-01T19:11:23","modified_gmt":"2025-08-01T17:11:23","slug":"luftfilter-shibaura-su","status":"publish","type":"product","link":"https:\/\/shop4trac.com\/de\/filter\/luftfilter-de-2\/luftfilter-shibaura-su\/","title":{"rendered":"Luftfilter | Shibaura SU |"},"content":{"rendered":"<p><u>Gr\u00f6\u00dfen:<\/u><\/p>\n<p>Innendurchmesser: 83mm<br \/>\nAu\u00dfendurchmesser: 150mm<br \/>\nH\u00f6he: 46mm<\/p>\n<div><u>Geeignet f\u00fcr<\/u><\/div>\n<div>Shibaura SU-Serie.<\/div>\n","protected":false},"excerpt":{"rendered":"<p>Gr\u00f6\u00dfen: Innendurchmesser: 83mm Au\u00dfendurchmesser: 150mm H\u00f6he: 46mm Geeignet f\u00fcr Shibaura SU-Serie.<\/p>\n","protected":false},"featured_media":28875,"comment_status":"open","ping_status":"closed","template":"","meta":[],"product_cat":[681],"product_tag":[3895],"class_list":{"0":"post-15001","1":"product","2":"type-product","3":"status-publish","4":"has-post-thumbnail","6":"product_cat-luftfilter-de-2","7":"product_tag-snelparts-de","8":"pa_merk-shibaura-de","10":"first","11":"instock","12":"taxable","13":"shipping-taxable","14":"purchasable","15":"product-type-simple","16":"col-xs-6 col-sm-4","17":"col-md-3 col-lg-3","18":"un-4-cols"},"_links":{"self":[{"href":"https:\/\/shop4trac.com\/de\/wp-json\/wp\/v2\/product\/15001","targetHints":{"allow":["GET"]}}],"collection":[{"href":"https:\/\/shop4trac.com\/de\/wp-json\/wp\/v2\/product"}],"about":[{"href":"https:\/\/shop4trac.com\/de\/wp-json\/wp\/v2\/types\/product"}],"replies":[{"embeddable":true,"href":"https:\/\/shop4trac.com\/de\/wp-json\/wp\/v2\/comments?post=15001"}],"wp:featuredmedia":[{"embeddable":true,"href":"https:\/\/shop4trac.com\/de\/wp-json\/wp\/v2\/media\/28875"}],"wp:attachment":[{"href":"https:\/\/shop4trac.com\/de\/wp-json\/wp\/v2\/media?parent=15001"}],"wp:term":[{"taxonomy":"product_cat","embeddable":true,"href":"https:\/\/shop4trac.com\/de\/wp-json\/wp\/v2\/product_cat?post=15001"},{"taxonomy":"product_tag","embeddable":true,"href":"https:\/\/shop4trac.com\/de\/wp-json\/wp\/v2\/product_tag?post=15001"}],"curies":[{"name":"wp","href":"https:\/\/api.w.org\/{rel}","templated":true}]}}