{"id":14990,"date":"2020-02-29T16:44:08","date_gmt":"2020-02-29T14:44:08","guid":{"rendered":"https:\/\/shop4trac.com\/product\/luftfilter-yanmar-af22"},"modified":"2026-04-08T09:09:48","modified_gmt":"2026-04-08T08:09:48","slug":"luftfilter-yanmar-af22","status":"publish","type":"product","link":"https:\/\/shop4trac.com\/de\/filter\/luftfilter-de-2\/luftfilter-yanmar-af22\/","title":{"rendered":"Luftfilter | Yanmar AF | EF | SA | Komatsu | Rotluchs | Solis | Kapit\u00e4n Traktor | Jinma | Knegt"},"content":{"rendered":"<p><u><\/u>Hochwertiger Luftfilter geeignet f\u00fcr:<\/p>\n<p><strong>Technische Daten<\/strong><\/p>\n<p><strong><u>Gr\u00f6\u00dfen:<\/u><\/strong><\/p>\n<ul>\n<li>Au\u00dfendurchmesser: 105 mm<\/li>\n<li>Innendurchmesser: 62 mm<\/li>\n<li>L\u00e4nge: 270 mm<\/li>\n<\/ul>\n<p><strong>Kubota  <\/strong><\/p>\n<ul>\n<li>KX101-3ALPHA3, KX101-3ALPHA3, KX101-3ALPHA4<\/li>\n<li>L1361, L1361HST, L2421DW\/DR, L2500DT, L2500F, L2800DHV, L2800DHW, L2800DT, L2800F, L2900DT, L2900DTGST, L2900F, L3010DT, L3010F, L3010GST, L3010HST, L3 130DT, L3130F, L3130GST, L3130HST, L3200, L3200DW, L3240DT, L3240F , L3240GST, L3240HST, L3240HSTC, L3400DT,<\/li>\n<li>L3400F, L3400HST, L3410DT, L3410GST, L3410HST, L3430DT, L3430GST, L3430HST, L3430HSTC, L3540GST, L3540HST, L3540HSTC, L3600DT, L3600DTC\/GSTC, L3600GST, L360 0HST, L3710DT, L3710GST, L3710HST, L3710HSTC, L3830DT, L3830F, L3830GST, L3830HST , L39, L3940DT,<\/li>\n<li>L3940GST, L3940HST, L3940HSTC, L4100HST, L4200, L4200DTGST, L4200DTGSTC, L4240DT, L4240GST, L4240HST, L4240HST, L4240HSTC, L4300DT, L4300F, L4310DT, L4310GST , L4310GSTC, L4310HST, L4310HSTC, L4330DT, L4330GST, L4330HST, L4330HSTC, L4400DV, L4400DW,<\/li>\n<li>L4400FV, L4400FW, L4610GST, L4610HST, L4610HSTC, L4630, L4630DT, L4630GST, L4630HST, L4630HSTC<\/li>\n<li>R420ALPHA, RTV1100, RTV-X1100, RX302<\/li>\n<li>U35, U35-3ALPHA3<\/li>\n<\/ul>\n<p><strong>Rotluchs<\/strong><\/p>\n<ul>\n<li>2200, 2200S, 2300, 325, 325D, 328, 328D, 328G, 329, 331, 3400, 3400XL, 3600, 3600D, 3650, 3650D, 425, 425EG\/ZTS, 428, 428EG, 5, 463, 5, 363, 5 5, 5, 2F B250B<\/li>\n<li>E26, E32, E32I, E35, E35I, E35Z<\/li>\n<li>L23, L28<\/li>\n<li>S70<\/li>\n<\/ul>\n<p><strong>John Deere<\/strong><\/p>\n<ul>\n<li>1025R, 1435, 1445, 1445 SERIE II, 1525, 1545, 1545 SERIE II, 1550, 1565, 1565 SERIE II 4WD, 1570 TERRAIN CUT, 1580, 2027RHST, 2036R, 2320, 2520, 2 720, 3028EN, 3032E, 3036E, 3036EN, 3038E, 3110HYDRO\/POWER-REVERSE, 4200, 4200, 4300, 4310, 4310, 4400, 4400, 4410, 4410, 4600, 4600,<\/li>\n<li>4610, 4610, 4700, 4710, 997, GATOR 994R<\/li>\n<\/ul>\n<p><strong>Yanmar<\/strong><\/p>\n<ul>\n<li>AF22, AF24, AF26, AF28, AF30, AF33, AF35, AF210, AF218, AF220, AF222, AF224, AF226, AF230, AF250, AF270, AF290, AF310, AF322, AF324, AF326, 330, AF330<\/li>\n<li>B25<\/li>\n<li>EF220, EF222, EF224, EF226, EF227, EF228, EF230, EF235, EF324, EF326<\/li>\n<li>F180, F190, F200, F210, F220, F230, F250<\/li>\n<li>RS24, RS27, RS30, RS33, RS240, RS270, RS300, RS330<\/li>\n<li>SA221, SA324, SA424, SA24DHX<\/li>\n<li>SV20, SV22, SV26<\/li>\n<li>US31D, US32, US32R, US33R, US35D, US36, US36R, US36PTR, US39D<\/li>\n<li>VIO 20-2, VIO 20-3, VIO 20-4, VIO 23-6, VIO 25, VIO 25-3, VIO 25-4, VIO 25-6, VIO 25-6 CR, VIO 25 CR, VIO 25 CR-3, VIO 26-6, VIO 26 CR, VIO 27-2, VIO 27-3, VIO 27-5, VIO 27-6, VIO 30, VIO 30, VIO 30-2, VIO 30-3, VIO 33 U, VIO 35, VIO 35, VIO 35-2, VIO 35-3, VIO 35 VCR, VIO 38, VIO 40-2, VIO 45, VIO 45, VIO 45, VIO 50-U, VIO 50 VCR, VIO 55, VIO 55 C\/CR\/P\/PR, VIO 57 U<\/li>\n<li>YSR2720, YSR2730<\/li>\n<\/ul>\n<p><strong>Motoren<\/strong><\/p>\n<ul>\n<li>3TNV70, 3TNE78, 3TNE82, 3TNE84.<br \/>\n3TNE88 <\/li>\n<\/ul>\n<p><strong>OEM als Referenz<\/strong><\/p>\n<ul>\n<li>YM119808-12520, YM129619-12520, YA119808-12520, 129004-12520, 129087-12510, 129619-12520<\/li>\n<li>TY11980812520<\/li>\n<li>VPD7379<\/li>\n<li>6669547, 6672467<\/li>\n<li>10055911AA<\/li>\n<li>1467472, 11802804, TA04093230<\/li>\n<li>M131802 RG60690<\/li>\n<li>87300178, 87290073<\/li>\n<\/ul>\n<p><strong>Andere Maschinen<\/strong><\/p>\n<p class=\"p1\"><b>ACOM<\/b><\/p>\n<p class=\"p3\">\u202227, G 25<\/p>\n<p class=\"p1\"><b>AIRMAN<\/b><\/p>\n<ul>\n<li class=\"p3\">AX 27 U-4, AX 29 U, AX 30-3, AX 30 U-4, AX 32 U, AX 35 U-4, AX 36 U, AX 40 U-4, AX 50 U-4, AX 52 U -5<\/li>\n<\/ul>\n<p class=\"p1\"><b>AIRO<\/b><\/p>\n<ul>\n<li class=\"p3\">A 12 JRTD, A 15 JRTD<\/li>\n<\/ul>\n<p class=\"p1\"><b>AMERIKANISCHER LINCOLN<\/b><\/p>\n<ul>\n<li class=\"p3\">505232 EG<\/li>\n<\/ul>\n<p class=\"p1\"><b>BOGEN<\/b><\/p>\n<ul>\n<li class=\"p3\">POWERMAKER 15 MV-K5<\/li>\n<\/ul>\n<p class=\"p1\"><b>ARGO<\/b><\/p>\n<ul>\n<li class=\"p3\">AVENGER 8X8 ANTWORT<\/li>\n<\/ul>\n<p class=\"p1\"><b>ATN<\/b><\/p>\n<ul>\n<li class=\"p3\">AE 7380, CX 12, CX 15<\/li>\n<\/ul>\n<p class=\"p1\"><b>ZEBRA<\/b><\/p>\n<ul>\n<li class=\"p3\">ZEBRA 12<\/li>\n<\/ul>\n<p class=\"p1\"><b>AUSA<\/b><\/p>\n<ul>\n<li class=\"p3\">2012, 2022, 2032, MH 25<\/li>\n<\/ul>\n<p class=\"p1\"><b>BAD BOY M\u00c4HER<\/b><\/p>\n<ul>\n<li class=\"p3\">KOMPAKTER OUTLAW<\/li>\n<\/ul>\n<p class=\"p1\"><b>BANDIT<\/b><\/p>\n<p class=\"p3\">\u2022ZT 1844 W<\/p>\n<p class=\"p1\"><b>BARONIN<\/b><\/p>\n<ul>\n<li class=\"p3\">SP 05 A<\/li>\n<\/ul>\n<p class=\"p1\"><b>BARRETO<\/b><\/p>\n<ul>\n<li class=\"p3\">2036 RTM, 30 SG, E 2024 TK, E 30 SGB<\/li>\n<\/ul>\n<p class=\"p1\"><b>BG AUFZUG<\/b><\/p>\n<ul>\n<li class=\"p3\">M400<\/li>\n<\/ul>\n<p class=\"p1\"><b>BITELLI<\/b><\/p>\n<ul>\n<li class=\"p3\">BB 621 E<\/li>\n<\/ul>\n<p class=\"p1\"><b>BOBCAT<\/b><\/p>\n<ul>\n<li class=\"p3\">2200, 2300, 325, 328, 329, 331, 3400, 3400 XL, 3600, 3650, 425, 428, 463, 552, 553 F, 923, B 250 B, E 26, E 32, E 35, L 23, L 28, S 70<\/li>\n<\/ul>\n<p class=\"p1\"><b>BOSCHUNG<\/b><\/p>\n<ul>\n<li class=\"p3\">IMSSL, IMSSN E29050 DFS<\/li>\n<\/ul>\n<p class=\"p1\"><b>BRANSON<\/b><\/p>\n<ul>\n<li class=\"p3\">2810, 2910, 3015 H, 3015 R, 3110 I, 3510, 3515 H, 3515 R, 3520, 4015 R, 4020, 4320, 4520<\/li>\n<\/ul>\n<p class=\"p1\"><b>BRIGGS-STRATTON<\/b><\/p>\n<ul>\n<li class=\"p3\">VANGUARD 49E7, VANGUARD 49E8, VANGUARD 49R9, VANGUARD 49V6<\/li>\n<\/ul>\n<p><strong>Bulat<\/strong><\/p>\n<ul>\n<li>264<\/li>\n<\/ul>\n<p class=\"p1\"><b>BUGNOT THIERION<\/b><\/p>\n<ul>\n<li class=\"p3\">BVN 56<\/li>\n<\/ul>\n<p class=\"p1\"><b>CAMISA<\/b><\/p>\n<ul>\n<li class=\"p3\">TP 580\/35<\/li>\n<\/ul>\n<p class=\"p1\"><b>KAPIT\u00c4N TRAKTOREN<\/b><\/p>\n<ul>\n<li class=\"p3\">STARTRAC 263, STARTRAC 273, STARTRAC 273-8G<\/li>\n<\/ul>\n<p class=\"p1\"><b>CARLTON<\/b><\/p>\n<ul>\n<li class=\"p3\">SP 5014<\/li>\n<\/ul>\n<p class=\"p1\"><b>TR\u00c4GER<\/b><\/p>\n<ul>\n<li class=\"p3\">EXTRA XT, GENESIS TR 1000, MAXIMA 1000, MAXIMA 1200, MAXIMA 1300, ULTIMA 1550 CITY, ULTIMA 53, ULTIMA XTC, ULTRA XT, ULTRA XTC, VECTOR 1350<\/li>\n<\/ul>\n<p class=\"p1\"><b>CASE<\/b><\/p>\n<ul>\n<li class=\"p3\">CX 26 C, CX 30 C, CX 31, CX 33 C, CX 36, CX 37 C, CX 47, FARMALL 35 A S\u00e9rie II, FARMALL 40 A S\u00e9rie II, FARMALL 40 C S\u00e9rie II, FARMALL 45 C S\u00e9rie II, FARMALL 55 C Serie II<\/li>\n<\/ul>\n<p class=\"p1\"><b>CATERPILLAR<\/b><\/p>\n<ul>\n<li class=\"p3\">301.5, 301.6, 301.8, 302.5, 303.5, 303.5 C\/CR, 303.5 DCR, 303 CR, 303 E CR, 304.5, 304 C\/CR, 304 D\/CR, 305 C CR, 305 CR, 305 D, AP 255 E<\/li>\n<li class=\"p3\">CB 14 B, CB 1.8, CB 214 D, CB 214 E, CB 22, CB 224 D, CB 224 E, CB 225 D, CB 225 E, CB 22 B, CB 24, CB 24 B, CB 24 B XT, CB 2.5, CB 2.6, CB 2.7, CB 32 B, CB 334 D, CB 334 E, CB 335 D, CB 335 E<\/li>\n<li class=\"p3\">CB 34, CB 34 B, CB 34 B<\/li>\n<\/ul>\n<p class=\"p1\"><b>JAHRHUNDERT<\/b><\/p>\n<ul>\n<li class=\"p3\">2028, 2535, 2629, 2635, 3035, 3040, 3045, C 29, C 35<\/li>\n<\/ul>\n<p class=\"p1\"><b>CHABAS<\/b><\/p>\n<ul>\n<li class=\"p3\">CMI RFS 4RM<\/li>\n<\/ul>\n<p class=\"p1\"><b>CLUBWAGEN<\/b><\/p>\n<ul>\n<li class=\"p3\">294 ALLES TRAGEN<\/li>\n<\/ul>\n<p class=\"p1\"><b>CUB CADET<\/b><\/p>\n<ul>\n<li class=\"p3\">Z5<\/li>\n<\/ul>\n<p class=\"p1\"><b>CUSHMAN<\/b><\/p>\n<ul>\n<li class=\"p3\">Torf-Truckster<\/li>\n<\/ul>\n<p class=\"p1\"><b>DINGLI<\/b><\/p>\n<ul>\n<li class=\"p3\">DS 1218 RT, JCPT 1823 RTL<\/li>\n<\/ul>\n<p class=\"p1\"><b>GRABENHEXE<\/b><\/p>\n<ul>\n<li class=\"p3\">C 24<\/li>\n<\/ul>\n<p class=\"p1\"><b>DIXON<\/b><\/p>\n<ul>\n<li class=\"p3\">ZTR 5225 KODIAK<\/li>\n<\/ul>\n<p class=\"p1\"><b>DOOSAN DAEWOO<\/b><\/p>\n<ul>\n<li class=\"p3\">DX 27 Z, DX 27 Z-7, DX 30 Z, DX 35 Z, SOLAR 030 PLUS, SOLAR 035 PLUS<\/li>\n<\/ul>\n<p class=\"p1\"><b>DOSKO<\/b><\/p>\n<ul>\n<li class=\"p3\">620-20 HE, 691 SP<\/li>\n<\/ul>\n<p class=\"p1\"><b>ETRAMO<\/b><\/p>\n<ul>\n<li class=\"p1\">RENTAL-GO 16 CV<\/li>\n<\/ul>\n<p class=\"p1\"><b>EUROCOMACH<\/b><\/p>\n<ul>\n<li class=\"p3\">ES300<\/li>\n<\/ul>\n<p class=\"p1\"><b>EURO-POWER<\/b><\/p>\n<ul>\n<li class=\"p3\">EPS 243 TDE, EPS 8 DE<\/li>\n<\/ul>\n<p class=\"p1\"><b>FARMTRAC<\/b><\/p>\n<ul>\n<li class=\"p3\">FT 20 B, FT 22 B, FT 26, FT 26 HST, FT 30, FT 30 HST<\/li>\n<\/ul>\n<p class=\"p1\"><b>FERRIS<\/b><\/p>\n<ul>\n<li class=\"p3\">52 COMFORT CONTROL DD, IS 2100Z 52, IS 2100Z 61, IS 2500 DZ\/52, IS 2500 DZ\/61, IS 2600 Z\/61<\/li>\n<\/ul>\n<p class=\"p1\"><b>FIAT KOBELCO<\/b><\/p>\n<ul>\n<li class=\"p3\">E 30 SR, E 35 SR, E 45 SR<\/li>\n<\/ul>\n<p class=\"p1\"><b>FIELDTRAC<\/b><\/p>\n<ul>\n<li class=\"p3\">180 D<\/li>\n<\/ul>\n<p class=\"p1\"><b>FRATELLI CAMISA<\/b><\/p>\n<ul>\n<li class=\"p3\">TR 635,50<\/li>\n<\/ul>\n<p class=\"p1\"><b>FSI<\/b><\/p>\n<ul>\n<li class=\"p3\">B 28<\/li>\n<\/ul>\n<p class=\"p1\"><b>FUCHS<\/b><\/p>\n<ul>\n<li class=\"p3\">F 1144, F 1300<\/li>\n<\/ul>\n<p class=\"p1\"><b>FORST<\/b><\/p>\n<ul>\n<li class=\"p3\">ST 6 P<\/li>\n<\/ul>\n<p class=\"p1\"><b>GEHL<\/b><\/p>\n<ul>\n<li class=\"p3\">AL 140, SL 1635, SL 1640, SL 3635, SL 3935<\/li>\n<\/ul>\n<p class=\"p1\"><b>GENELEC<\/b><\/p>\n<ul>\n<li class=\"p3\">GRAU W 13 T5<\/li>\n<\/ul>\n<p class=\"p1\"><b>GENIUS<\/b><\/p>\n<ul>\n<li class=\"p3\">S680<\/li>\n<\/ul>\n<p class=\"p1\"><b>GENSET<\/b><\/p>\n<ul>\n<li class=\"p3\">MPM 15\/400 SS-K, MPM 16\/400 SD-K<\/li>\n<\/ul>\n<p class=\"p1\"><b>GEOTEC<\/b><\/p>\n<ul>\n<li class=\"p3\">CARRYMAX L<\/li>\n<\/ul>\n<p class=\"p1\"><b>GIANNI FERRARI<\/b><\/p>\n<ul>\n<li class=\"p3\">PG 280 DW<\/li>\n<\/ul>\n<p class=\"p1\"><b>RIESE<\/b><\/p>\n<ul>\n<li class=\"p3\">D 265<\/li>\n<\/ul>\n<p class=\"p1\"><b>HEUSCHRECKE<\/b><\/p>\n<ul>\n<li class=\"p3\">325 D, 430 D, 928 D, 930 D<\/li>\n<\/ul>\n<p class=\"p1\"><b>GR\u00dcNER MECH<\/b><\/p>\n<ul>\n<li class=\"p3\">EVO 165PL<\/li>\n<\/ul>\n<p class=\"p1\"><b>GR\u00dcNE TECHNIK<\/b><\/p>\n<ul>\n<li class=\"p3\">Chr. 360 und 30 v<\/li>\n<\/ul>\n<p class=\"p1\"><b>GRILLO<\/b><\/p>\n<ul>\n<li class=\"p3\">FD900 4WD<\/li>\n<\/ul>\n<p class=\"p1\"><b>HAKO<\/b><\/p>\n<ul>\n<li class=\"p3\">3100 DA, 3500 DA, HAKOMATIC 1800<\/li>\n<\/ul>\n<p class=\"p1\"><b>HANIX<\/b><\/p>\n<ul>\n<li class=\"p3\">H 36 CR<\/li>\n<\/ul>\n<p class=\"p1\"><b>HAULOTTE<\/b><\/p>\n<ul>\n<li class=\"p3\">COMPACT 10 DX, COMPACT 12 DX<\/li>\n<\/ul>\n<p class=\"p1\"><b>HIMOINSA<\/b><\/p>\n<ul>\n<li class=\"p3\">HRYW 13 T5 S5, HYW 13, HYW 14<\/li>\n<\/ul>\n<p class=\"p1\"><b>HITACHI<\/b><\/p>\n<ul>\n<li class=\"p3\">EX 29 U, EX 30 U, EX 32 U, EX 36 U, EX 55 UR-3, ZX 26 U-5A ZAXIS, ZX 26 U-6, ZX 27 U-2 ZAXIS, ZX 27 U-3 ZAXIS, ZX 29 U-3 ZAXIS<\/li>\n<li class=\"p3\">ZX 30 U-2 ZAXIS, ZX 30 ZAXIS, ZX 33 U-3 CLR ZAXIS, ZX 35 U-2 ZAXIS, ZX 35 U-3\/3F ZAXIS, ZX 35 ZAXIS, ZX 38 U-3\/3F ZAXIS, ZX 40 U-2 ZAXIS, ZX 48 ZAXIS, ZX 50 U-2 ZAXIS, ZX 50 U-3\/F ZAXIS, ZX 50 U-3 ZAXIS, ZX 50 U ZAXIS, ZX 50 ZAXIS, ZX 52 U-3\/F ZAXIS, ZX 52 U-3 ZAXIS<\/li>\n<\/ul>\n<p class=\"p1\"><b>HUSQVARNA<\/b><\/p>\n<ul>\n<li class=\"p3\">FS 524, P 524, P 525 D, PF 21 W, RIDER 17 P 524, RIDER 21 PROFLEX II<\/li>\n<\/ul>\n<p class=\"p1\"><b>HUSTLER<\/b><\/p>\n<ul>\n<li class=\"p3\">FasTrak 36&#8243;SD, MINI Z, SUPER S 22\/52, SUPER S 23,5\/60, SUPER S 27\/52, SUPER S 27\/60, SUPER S 36\/88, SUPER S 37\/88, X-ONE 52&#8243;, ONE 60\u201c, X-ONE 72\u201c, ZD 2560 D<\/li>\n<\/ul>\n<p class=\"p1\"><b>HYSTER<\/b><\/p>\n<ul>\n<li class=\"p3\">2,00 HMS, H 1,50 XM, H 3,0 XT<\/li>\n<\/ul>\n<p class=\"p1\"><b>HYUNDAI<\/b><\/p>\n<ul>\n<li class=\"p3\">R 25 Z-9A, R 25 Z-9AK, R 27 Z-9, R 28-7, R 35-7, R 35 Z-7, R 35 Z-7A, R 35 Z-9, R 36 N- 7<\/li>\n<\/ul>\n<p class=\"p1\"><b>IHI<\/b><\/p>\n<ul>\n<li class=\"p3\">16 N, 18 N, 20 NX, 25 JX, 25 NX, 25 NX-2, 25 VX, 25 VX-3, 25 VXL, 28 N, 30 NX, 30 NX-2, 30 VX, 30 VX-3, 35 NX, 35 NX-2, 35 NX-3, 35 VX, 35 VX-2, 35 VX-3, IS 16 N, IS 17 NE, IS 18 N, IS 35 N<\/li>\n<\/ul>\n<p class=\"p1\"><b>IMER<\/b><\/p>\n<ul>\n<li class=\"p3\">SILENTSTAR 15 T-YN S5<\/li>\n<\/ul>\n<p class=\"p1\"><b>JACOBSEN<\/b><\/p>\n<ul>\n<li class=\"p3\">405 4WD, AR 250, AR 2500, AR 3, FAIRWAY 250, FAIRWAY 305, FAIRWAY 405, FW 3800, HIGHWAY 2130, HIGHWAY 3, HR 300, HR 3300 T, HR 4600 TURBO, HR 9510, LF 135, LF 1880, LF 3400 2WD\/4WD<\/li>\n<li class=\"p3\">LF 3400 TURBO 4WD, LF 3407 2WD\/4WD, LF 3800 2WD\/4WD, LF 3800 TURBO, LF 4675, LF 4677, LF 510, LF 550, LF 570, RA 2500 TURBO, SLF 1880, TR 3<\/li>\n<\/ul>\n<p class=\"p1\"><b>JCB<\/b><\/p>\n<ul>\n<li class=\"p3\">VM 1500<\/li>\n<\/ul>\n<p class=\"p1\"><b>JEKKO<\/b><\/p>\n<ul>\n<li class=\"p3\">SPX 1275\/4<\/li>\n<\/ul>\n<p><strong>Jinma<\/strong><\/p>\n<ul>\n<li>200, 204, 250, 254<\/li>\n<\/ul>\n<p class=\"p1\"><b>J.L.G<\/b><\/p>\n<ul>\n<li class=\"p3\">450 AJ SERIE II, 460 SJ, 510 AJ, 520 AJ, 600 AJ\/AJN, 660 SJ<\/li>\n<\/ul>\n<p class=\"p1\"><b>JO BEAU<\/b><\/p>\n<ul>\n<li class=\"p3\">B 31-110<\/li>\n<\/ul>\n<p class=\"p1\"><b>JOHN DEERE<\/b><\/p>\n<ul>\n<li class=\"p3\">1025 R, 1435, 1445, 1445 SERIE II, 1525, 1545, 1545 SERIE II, 1550, 1565, 1565 SERIE II 4WD, 1570 TERRAIN CUT, 1580, 2027 RHST, 2036 R<\/li>\n<li class=\"p3\">2320, 2520, 2720, 3028 EN, 3032 E, 3036 E, 3036 EN, 3038 E, 3110 HYDRO\/POWER-REVERSE, 4200, 4300, 4310, 4400, 4410, 4600, 4610, 4700, 997, GATOR XUV 550<\/li>\n<li class=\"p3\">PRO GATOR 2030 A, R Z TRACK, Z 994 R, Z997R<\/li>\n<\/ul>\n<p class=\"p1\"><b>JUNGHEINRICH<\/b><\/p>\n<ul>\n<li class=\"p3\">DFG 320<\/li>\n<\/ul>\n<p class=\"p1\"><b>KAWASAKI<\/b><\/p>\n<ul>\n<li class=\"p3\">FD 731 V, FX 691 V<\/li>\n<\/ul>\n<p class=\"p1\"><b>KIOTI<\/b><\/p>\n<ul>\n<li class=\"p3\">CK 2810 CH, CK 2810 CM, CK 2810 H, CK 2810 M, CK 3010 H, CK 3310 H, CK 3310 M<\/li>\n<\/ul>\n<p class=\"p1\"><b>Kipor<\/b><\/p>\n<ul>\n<li class=\"p3\">KDD 06 T, KDE 20 SS3, KPE 11 SS<\/li>\n<\/ul>\n<p class=\"p1\"><b>KLAAS<\/b><\/p>\n<ul>\n<li class=\"p3\">K 1003 RSX<\/li>\n<\/ul>\n<p class=\"p1\"><b>KOBELCO<\/b><\/p>\n<ul>\n<li class=\"p3\">SK 045, SK 25 SR-6E, SK 30 SR, SK 30 SR-2, SK 32 SR-2, SK 35 SR, SK 40 SR, SK 45 SR-2, SK 50 UR-3<\/li>\n<\/ul>\n<p class=\"p1\"><b>KOHLER<\/b><\/p>\n<ul>\n<li class=\"p3\">CH 18 COMMAND PRO, CH 20 COMMAND PRO, CH 22 COMMAND PRO, CH 23 COMMAND PRO, CH 730 COMMAND PRO, CH 740 COMMAND PRO, CH 745 COMMAND PRO<\/li>\n<li class=\"p3\">CH 750 COMMAND PRO, CH 752, COMMAND PRO 37, Command PRO EFI ECV 824 V-Twin, CV 18 COMMAND PRO, CV 20 COMMAND PRO, CV 22 COMMAND PRO, CV 23 COMMAND PRO<\/li>\n<li class=\"p3\">CV 25 COMMAND PRO, CV 730 COMMAND PRO, CV 740 COMMAND PRO, CV 750 COMMAND PRO<\/li>\n<\/ul>\n<p class=\"p1\"><b>KOMATSU<\/b><\/p>\n<ul>\n<li class=\"p3\">FD 15 T 16, FD 25 T 12, FG 15 HT-17, FG 30 HT, PC 20-8, PC 20 R, PC 27 MR-2, PC 27 R-8, PC 30 MR-2, PC 35 MR -2, PC 40 MXR\/MR, PC 45-8, PC 50 MR-2, SK 510, SK 714-5, SK 815, SK 818<\/li>\n<\/ul>\n<p class=\"p1\"><b>KUBOTA<\/b><\/p>\n<ul>\n<li class=\"p3\">KX101-3 ALPHA 3, KX101-3 ALPHA 4, L1361, L1361 HST, L 2421 DW\/DR, L2500 DT, L2500 F, L 2800 DHV, L 2800 DHW, L 2800 DT, L 2800 F, L 2900 DT, L 2900 DT GST, L 2900 F, L 3010 DT, L 3010 F, L 3010 GST, L 3010 HST, L 3130 DT, L 3130 F, L 3130 GST, L 3130 HST, L 3200, L 3200 DW<\/li>\n<li class=\"p3\">L3240 DT, L 3240 F, L 3240 GST, L 3240 HST, L 3240 HSTC, L 3400 DT, L 3400 F, L 3400 HST, L 3410 DT, L 3410 GST, L 3410 HST, L 3430 DT, L 3430 GST , L 3430 HST, L 3430 HSTC, L 3540 GST, L 3540 HST, L 3540 HSTC, L 3600 DT, L 3600 DTC\/GSTC, L 3600 GST, L 3600 HST, L 3710 DT<\/li>\n<li class=\"p3\">L3710 GST, L 3710 HST, L 3710 HSTC, L 3830 DT, L 3830 F, L 3830 GST, L 3830 HST, L 39, L 3940 DT, L 3940 GST, L 3940 HST, L 3940 HSTC, L 4100 HST, L 4200, L 4200 DTGST, L 4200 DTGSTC, L 4240 DT, L 4240 GST, L 4240 HST, L 4240 HSTC, L 4300 DT, L 4300 F, L 4310 DT, L 4310 F<\/li>\n<li class=\"p3\">L4310 GST, L 4310 GSTC, L 4310 HST, L 4310 HSTC, L 4330 DT, L 4330 GST, L 4330 HST, L 4330 HSTC, L 4400 DV, L 4400 DW, L 4400 FV, L 4400 FW, L 4610 GST , L 4610 HST, L 4610 HSTC, L 4630, L 4630 DT, L 4630 GST, L 4630 HST, L 4630 HSTC, R 420 ALPHA, RTV 1100, RTV-X 1100<\/li>\n<li class=\"p3\">RX 302, U35, U35-3 ALPHA 3<\/li>\n<\/ul>\n<p class=\"p1\"><b>K\u00c4RCHER<\/b><\/p>\n<ul>\n<li class=\"p3\">HDS 13\/35 DE TR1, HDS 9\/50, HDS 9\/50 DE TR1, MC 50<\/li>\n<\/ul>\n<p><strong>Knegt<\/strong><\/p>\n<ul>\n<li>304G2, 304<\/li>\n<\/ul>\n<p class=\"p1\"><b>LAMBORGHINI<\/b><\/p>\n<ul>\n<li class=\"p3\">G23 H, G27 H, G30 H, G35 H, G40 H<\/li>\n<\/ul>\n<p class=\"p1\"><b>LANDINI<\/b><\/p>\n<ul>\n<li class=\"p3\">40 MISTRAL T3, 45 MISTRAL T3, 50 MISTRAL T3, 55 MISTRAL T3<\/li>\n<\/ul>\n<p class=\"p1\"><b>LASKI<\/b><\/p>\n<ul>\n<li class=\"p3\">F500\/27, F 500\/38, F 500 H\/27, F 500 H\/38, LS 150\/27, LS 150\/38, P 38 M+R<\/li>\n<\/ul>\n<p class=\"p1\"><b>WAAGE<\/b><\/p>\n<ul>\n<li class=\"p3\">635<\/li>\n<\/ul>\n<p class=\"p1\"><b>LINCOLN<\/b><\/p>\n<ul>\n<li class=\"p3\">400 CX, CLASSIC 300 D, CLASSIC 300 HE, VANTAGE 400, VANTAGE 500, VANTAGE 500 I, VANTAGE 520 SD, VANTAGE 650, VANTAGE 700<\/li>\n<\/ul>\n<p class=\"p1\"><b>LIUGONG<\/b><\/p>\n<ul>\n<li class=\"p3\">9018 F, 9027 F-ZTS,<\/li>\n<\/ul>\n<p><strong>Mahindra<\/strong><\/p>\n<ul>\n<li>FS254<\/li>\n<\/ul>\n<p class=\"p1\"><b>MAC CORMICK<\/b><b><\/b><\/p>\n<ul>\n<li class=\"p3\">GM 40 T3, GM 45 T3, GM 50 T3, GM 55 T3<\/li>\n<\/ul>\n<p class=\"p1\"><b>MAEDA<\/b><b><\/b><\/p>\n<ul>\n<li class=\"p3\">LC 383 M-5, MC 405<\/li>\n<\/ul>\n<p class=\"p1\"><b>MAXIMAL<\/b><b><\/b><\/p>\n<ul>\n<li class=\"p3\">TB 145, TB 145, TB 28<\/li>\n<\/ul>\n<p class=\"p1\"><b>MENZI-MUCK<\/b><b><\/b><\/p>\n<ul>\n<li class=\"p3\">25 VX, 30 VX, 35 VX<\/li>\n<\/ul>\n<p class=\"p1\"><b>M\u00dcLLER<\/b><b><\/b><\/p>\n<ul>\n<li class=\"p3\">BIG BLUE 400 ECO PRO CC\/CV, BIG BLUE 400<\/li>\n<\/ul>\n<p class=\"p1\"><b>MITSUBISHI<\/b><b><\/b><\/p>\n<ul>\n<li class=\"p3\">FG 18 N, FG 20 CN<\/li>\n<\/ul>\n<p class=\"p1\"><b>MOSA<\/b><b><\/b><\/p>\n<ul>\n<li class=\"p3\">GE 15 YSX<\/li>\n<\/ul>\n<p class=\"p1\"><b>MUSTANG<\/b><b><\/b><\/p>\n<ul>\n<li class=\"p3\">2022, 2032, 2032<\/li>\n<\/ul>\n<p class=\"p1\"><b>NAGANO<\/b><b><\/b><\/p>\n<ul>\n<li class=\"p3\">14 NA 120 A, MH 25, NA 120 A, NS 35 R-3, NUL 120-2, NUZ 090 D<\/li>\n<\/ul>\n<p class=\"p1\"><b>NEUSON<\/b><b><\/b><\/p>\n<ul>\n<li class=\"p3\">2001 S, 2800 RD, 3001, LIFTON 2001<\/li>\n<\/ul>\n<p class=\"p1\"><b>NEUHOLLAND<\/b><b><\/b><\/p>\n<ul>\n<li class=\"p3\">2030 BOOMER, 2035 BOOMER, 20 BOOMER, 25 BOOMER, 3040 BOOMER, 3045 BOOMER, 3050 BOOMER, 30 BOOMER, 8N BOOMER, BOOMER 35<\/li>\n<li class=\"p3\">BOOMER 35 Serie II, BOOMER 40, BOOMER 40, BOOMER 45 D, BOOMER 45 Serie II, BOOMER 50, BOOMER 50 D, BOOMER 50 Serie II<\/li>\n<li class=\"p3\">E 26 C, E 30 C, E 30 SR, E 33 C, MC 28, MC 35, T 1510, T 1520, T 1560, T 1570, TC 27 D, TC 29 D, TC 31 DA, TC 35 DA, TC 40 DA, TC 45 DA, TD 3.50, WORKMASTER 33, WORKMASTER 35, WORKMASTER 35, WORKMASTER 37, WORKMASTER 40, WORKMASTER 40<\/li>\n<\/ul>\n<p class=\"p1\"><b>NIFTYLIFT<\/b><b><\/b><\/p>\n<ul>\n<li class=\"p3\">HR 28 HYBRID 4&#215;4, HR 2.8 HYBRID 4X4 MK2<\/li>\n<\/ul>\n<p class=\"p1\"><b>NIKO<\/b><b><\/b><\/p>\n<ul>\n<li class=\"p3\">HY 38, KM 110<\/li>\n<\/ul>\n<p class=\"p1\"><b>OK<\/b><b><\/b><\/p>\n<ul>\n<li class=\"p3\">RH 1-45<\/li>\n<\/ul>\n<p class=\"p1\"><b>OLYMPISCH<\/b><b><\/b><\/p>\n<ul>\n<li class=\"p3\">VERR\u00dcCKT 7.5<\/li>\n<\/ul>\n<p class=\"p1\"><b>PAPST<\/b><b><\/b><\/p>\n<ul>\n<li class=\"p3\">652 RL<\/li>\n<\/ul>\n<p class=\"p1\"><b>PEL JOB<\/b><b><\/b><\/p>\n<ul>\n<li class=\"p3\">EB 250 KX, EB 350 XT, EC 25, EC 25.4, EC 35<\/li>\n<\/ul>\n<p class=\"p1\"><b>POLARIS<\/b><b><\/b><\/p>\n<ul>\n<li class=\"p3\">RANGER HST DELUX<\/li>\n<\/ul>\n<p class=\"p1\"><b>POULAIN<\/b><b><\/b><\/p>\n<ul>\n<li class=\"p3\">SH 704\/30 F6<\/li>\n<\/ul>\n<p class=\"p1\"><b>PRAMAC<\/b><b><\/b><\/p>\n<ul>\n<li class=\"p3\">P11000, P18000<\/li>\n<\/ul>\n<p class=\"p1\"><b>RAMMAX<\/b><b><\/b><\/p>\n<ul>\n<li class=\"p3\">RW 3002 SPT<\/li>\n<\/ul>\n<p class=\"p1\"><b>RANSOMES<\/b><b><\/b><\/p>\n<ul>\n<li class=\"p3\">250 4 R\u00c4DER, 405 4WD, 723 D, 728 DK, 728 DP, 933 D, 938, 951 D, FAIRWAY 250, FAIRWAY 305 4WD, FAIRWAY 405 4WD, FRONTLINE 951 PLUS, HR 3300 Y, PARKWAY 2250, PARKWAY 3<\/li>\n<\/ul>\n<p class=\"p1\"><b>ROTES ROO<\/b><b><\/b><\/p>\n<ul>\n<li class=\"p3\">SHP400<\/li>\n<\/ul>\n<p class=\"p1\"><b>RIMAC<\/b><\/p>\n<ul>\n<li class=\"p1\">MOBY 500 KOMPAKT<\/li>\n<\/ul>\n<p class=\"p1\"><b>ROBOFLAIL<\/b><b><\/b><\/p>\n<ul>\n<li class=\"p3\">VARIO DIESEL<\/li>\n<\/ul>\n<p class=\"p1\"><b>RODAG<\/b><b><\/b><\/p>\n<ul>\n<li class=\"p3\">GRIZZLY HT-390 Y<\/li>\n<\/ul>\n<p class=\"p1\"><b>ROSATELLO<\/b><b><\/b><\/p>\n<ul>\n<li class=\"p3\">COLUMBIA XT<\/li>\n<\/ul>\n<p class=\"p1\"><b>ROSSO MACCHINE AGRICOLE<\/b><b><\/b><\/p>\n<ul>\n<li class=\"p3\">FRUTTOLO X350\/160, FRUTTOLO X350\/180<\/li>\n<\/ul>\n<p class=\"p1\"><b>RUBI<\/b><b><\/b><\/p>\n<ul>\n<li class=\"p3\">R35, R40<\/li>\n<\/ul>\n<p class=\"p1\"><b>SAELEN<\/b><b><\/b><\/p>\n<ul>\n<li class=\"p3\">GS PREMIUM SUPER 30 ER, GS SUPER PREMIUM 30 DR, GS SUPER PREMIUM DRI, WS 16-38 P<\/li>\n<\/ul>\n<p class=\"p1\"><b>SANY<\/b><b><\/b><\/p>\n<ul>\n<li class=\"p3\">SY 26, SY 26 U, SY 26 U, SY 26 U, SY 35, SY 50, SY 50 U<\/li>\n<\/ul>\n<p class=\"p1\"><b>SCHAFFER<\/b><b><\/b><\/p>\n<ul>\n<li class=\"p3\">2021, 2024, 2026, 2027, 2028, 2028, 2030, 2034, 2034, 2336, 2345, 2434, 2434, 2628, 3038, 3046, 3345<\/li>\n<\/ul>\n<p class=\"p1\"><b>SERRA<\/b><b><\/b><\/p>\n<ul>\n<li class=\"p3\">ALPINA KB 90, ALPINA KB 90<\/li>\n<\/ul>\n<p class=\"p1\"><b>SHINKO<\/b><b><\/b><\/p>\n<ul>\n<li class=\"p3\">03 FG 15<\/li>\n<\/ul>\n<p class=\"p1\"><b>SCHNORCHEL-LIFTE<\/b><b><\/b><\/p>\n<ul>\n<li class=\"p3\">ATB 50<\/li>\n<\/ul>\n<p class=\"p1\"><b>SOLIS<\/b><b><\/b><\/p>\n<ul>\n<li class=\"p3\">20 XL, 26, 26 HST, 26 HST, 26 XL<\/li>\n<\/ul>\n<p class=\"p1\"><b>CITY CO<\/b><b><\/b><\/p>\n<ul>\n<li class=\"p3\">CP 25<\/li>\n<\/ul>\n<p class=\"p1\"><b>STI STEYR<\/b><b><\/b><\/p>\n<ul>\n<li class=\"p3\">VSM 3 R<\/li>\n<\/ul>\n<p class=\"p1\"><b>STEIN<\/b><b><\/b><\/p>\n<ul>\n<li class=\"p3\">RD 330 DT<\/li>\n<\/ul>\n<p class=\"p1\"><b>STRIEGEL<\/b><b><\/b><\/p>\n<ul>\n<li class=\"p3\">190 DY-A, 300 DY\/A<\/li>\n<\/ul>\n<p class=\"p1\"><b>SONNENW\u00c4RTS<\/b><b><\/b><\/p>\n<ul>\n<li class=\"p3\">SWE 25 B, SWE 28, SWE 35 UF, SWE 50, SWE 50 B, SWE 50 E, SWE 50 N9, SWE 55<\/li>\n<\/ul>\n<p class=\"p1\"><b>TAKEUCHI<\/b><b><\/b><\/p>\n<ul>\n<li class=\"p3\">TB 125, TB 125, TB 125, TB 128 FR, TB 135, TB 135, TB 138 FR, TB 138 FR, TB 145, TB 145, TB 145, TB 150, TB 153 FR, TB 153 FR<\/li>\n<li class=\"p3\">TB 153 FR, TB 225, TB 228, TB 228, TB 230, TB 230, TB 235, TB 235-2, TB 235-2, TB 240, TB 250, TB 250-2, TB 25 FR, TB 28 FR , TB 28 FR, TB 325 R, TB 53 FR, TB 53 FR<\/li>\n<\/ul>\n<p class=\"p1\"><b>TCM<\/b><b><\/b><\/p>\n<ul>\n<li class=\"p3\">FD 20 C18, FD 20 T18, FD 25 C18, FD 30 T3 K, FG 20, FG 20-6, FG 20 N4, FG 20 N5, FG 20 T3, FG 25, FG 25-6, FG 25 N4, FG 25 N5<\/li>\n<li class=\"p3\">FG 25 N5 V, FG 25 NT5T, FG 30 N5, FG 30 N7, FG 30 N9, FG 30 T3, FHG 20 N2, FHG 20 N5, FHG 20 T, FHG 25 N, FHG 25 N5, FHG 25 T 3, FHG 30 N2, FHG 30 N5, FHG 30 N9, FHG 30 T3, FHG 36 N9<\/li>\n<\/ul>\n<p class=\"p1\"><b>TEREX<\/b><b><\/b><\/p>\n<ul>\n<li class=\"p3\">PT 30<\/li>\n<\/ul>\n<p class=\"p1\"><b>TEUPEN<\/b><b><\/b><\/p>\n<ul>\n<li class=\"p3\">LEO 35 T<\/li>\n<\/ul>\n<p class=\"p1\"><b>TALER<\/b><b><\/b><\/p>\n<ul>\n<li class=\"p3\">2131 K, 2138 K, 2238 S<\/li>\n<\/ul>\n<p class=\"p1\"><b>THOMAS<\/b><b><\/b><\/p>\n<ul>\n<li class=\"p3\">T 135 S, T 153 MUSCLE, T 153 S, T 173 HLS, T 173 HLS III<\/li>\n<\/ul>\n","protected":false},"excerpt":{"rendered":"<p>Hochwertiger Luftfilter geeignet f\u00fcr: Technische Daten Gr\u00f6\u00dfen: Au\u00dfendurchmesser: 105 mm Innendurchmesser: 62 mm L\u00e4nge: 270 mm Kubota KX101-3ALPHA3, KX101-3ALPHA3, KX101-3ALPHA4 L1361, L1361HST, L2421DW\/DR, L2500DT, L2500F, L2800DHV, L2800DHW, L2800DT, L2800F, L2900DT, L2900DTGST, L2900F, L3010DT, L3010F, L3010GST, L3010HST, L3 130DT, L3130F, L3130GST, L3130HST, L3200, L3200DW, L3240DT, L3240F , L3240GST, L3240HST, L3240HSTC, L3400DT, L3400F, L3400HST, L3410DT, L3410GST, L3410HST,&hellip;<\/p>\n","protected":false},"featured_media":139451,"comment_status":"open","ping_status":"closed","template":"","meta":[],"product_cat":[681],"product_tag":[3895],"class_list":{"0":"post-14990","1":"product","2":"type-product","3":"status-publish","4":"has-post-thumbnail","6":"product_cat-luftfilter-de-2","7":"product_tag-snelparts-de","8":"pa_merk-captain-tractor-de","9":"pa_merk-case-de","10":"pa_merk-giant-de","11":"pa_merk-hyundai-de","12":"pa_merk-john-deere-de","13":"pa_merk-kobelco-de","14":"pa_merk-mitsubishi-de","15":"pa_merk-mustang-de","16":"pa_merk-new-holland-de","17":"pa_merk-peljob-de","18":"pa_merk-schaffer-de","19":"pa_merk-solis-de","20":"pa_merk-takeuchi-de","21":"pa_merk-tcm-de","22":"pa_merk-terex-de","23":"pa_merk-wacker-neuson-de","24":"pa_merk-yanmar-de","26":"first","27":"instock","28":"sale","29":"taxable","30":"shipping-taxable","31":"purchasable","32":"product-type-simple","33":"col-xs-6 col-sm-4","34":"col-md-3 col-lg-3","35":"un-4-cols"},"_links":{"self":[{"href":"https:\/\/shop4trac.com\/de\/wp-json\/wp\/v2\/product\/14990","targetHints":{"allow":["GET"]}}],"collection":[{"href":"https:\/\/shop4trac.com\/de\/wp-json\/wp\/v2\/product"}],"about":[{"href":"https:\/\/shop4trac.com\/de\/wp-json\/wp\/v2\/types\/product"}],"replies":[{"embeddable":true,"href":"https:\/\/shop4trac.com\/de\/wp-json\/wp\/v2\/comments?post=14990"}],"wp:featuredmedia":[{"embeddable":true,"href":"https:\/\/shop4trac.com\/de\/wp-json\/wp\/v2\/media\/139451"}],"wp:attachment":[{"href":"https:\/\/shop4trac.com\/de\/wp-json\/wp\/v2\/media?parent=14990"}],"wp:term":[{"taxonomy":"product_cat","embeddable":true,"href":"https:\/\/shop4trac.com\/de\/wp-json\/wp\/v2\/product_cat?post=14990"},{"taxonomy":"product_tag","embeddable":true,"href":"https:\/\/shop4trac.com\/de\/wp-json\/wp\/v2\/product_tag?post=14990"}],"curies":[{"name":"wp","href":"https:\/\/api.w.org\/{rel}","templated":true}]}}