{"id":14986,"date":"2020-02-29T16:44:09","date_gmt":"2020-02-29T15:44:09","guid":{"rendered":"https:\/\/shop4trac.com\/product\/luftfilter-iseki-sial"},"modified":"2025-11-22T00:01:48","modified_gmt":"2025-11-21T22:01:48","slug":"luftfilter-iseki-sial","status":"publish","type":"product","link":"https:\/\/shop4trac.com\/de\/filter\/luftfilter-de-2\/luftfilter-iseki-sial\/","title":{"rendered":"Luftfilter Iseki TF317 \u2013 TF325 | MF1120 \u2013 MF1220 | SIAL17 \u2013 SIAL25"},"content":{"rendered":"<p>Luftfilter <span style=\"text-decoration: underline;\"><strong>in Premiumqualit\u00e4t<\/strong><\/span><\/p>\n<p><u>Gr\u00f6\u00dfen:<\/u><\/p>\n<ul>\n<li>Au\u00dfendurchmesser: 105 mm<\/li>\n<li>Innendurchmesser: 65 mm<\/li>\n<li>L\u00e4nge: 200 mm<\/li>\n<\/ul>\n<p><strong>Passend f\u00fcr folgende Traktormodelle<\/strong><\/p>\n<p><strong>Iseki<\/strong><\/p>\n<ul>\n<li>Sial17, Sial19, Sial 21, SIAll23, Sial 25<\/li>\n<li>TF17, TF19, TF21, TF23, TF25<\/li>\n<li>TF321 -FHMUE, TF321 -FMDUE, TF317, TF325<\/li>\n<\/ul>\n<p><strong>MASSEY FERGUSON<\/strong><\/p>\n<ul>\n<li>1120, 1210, 1220<\/li>\n<\/ul>\n<p><strong>OEM-Nummer als Referenz:<\/strong><\/p>\n<ul>\n<li>3656-301-2130-0, 3656-301-213-00<\/li>\n<li>365630121300<\/li>\n<li>3656-301-2130-0, 8656-301-2130-0, 3710898M91<\/li>\n<\/ul>\n","protected":false},"excerpt":{"rendered":"<p>Luftfilter in Premiumqualit\u00e4t Gr\u00f6\u00dfen: Au\u00dfendurchmesser: 105 mm Innendurchmesser: 65 mm L\u00e4nge: 200 mm Passend f\u00fcr folgende Traktormodelle Iseki Sial17, Sial19, Sial 21, SIAll23, Sial 25 TF17, TF19, TF21, TF23, TF25 TF321 -FHMUE, TF321 -FMDUE, TF317, TF325 MASSEY FERGUSON 1120, 1210, 1220 OEM-Nummer als Referenz: 3656-301-2130-0, 3656-301-213-00 365630121300 3656-301-2130-0, 8656-301-2130-0, 3710898M91<\/p>\n","protected":false},"featured_media":145295,"comment_status":"open","ping_status":"closed","template":"","meta":[],"product_cat":[681],"product_tag":[3895],"class_list":{"0":"post-14986","1":"product","2":"type-product","3":"status-publish","4":"has-post-thumbnail","6":"product_cat-luftfilter-de-2","7":"product_tag-snelparts-de","8":"pa_merk-iseki-de","9":"pa_merk-massey-ferguson-de","11":"first","12":"instock","13":"sale","14":"taxable","15":"shipping-taxable","16":"purchasable","17":"product-type-simple","18":"col-xs-6 col-sm-4","19":"col-md-3 col-lg-3","20":"un-4-cols"},"_links":{"self":[{"href":"https:\/\/shop4trac.com\/de\/wp-json\/wp\/v2\/product\/14986","targetHints":{"allow":["GET"]}}],"collection":[{"href":"https:\/\/shop4trac.com\/de\/wp-json\/wp\/v2\/product"}],"about":[{"href":"https:\/\/shop4trac.com\/de\/wp-json\/wp\/v2\/types\/product"}],"replies":[{"embeddable":true,"href":"https:\/\/shop4trac.com\/de\/wp-json\/wp\/v2\/comments?post=14986"}],"wp:featuredmedia":[{"embeddable":true,"href":"https:\/\/shop4trac.com\/de\/wp-json\/wp\/v2\/media\/145295"}],"wp:attachment":[{"href":"https:\/\/shop4trac.com\/de\/wp-json\/wp\/v2\/media?parent=14986"}],"wp:term":[{"taxonomy":"product_cat","embeddable":true,"href":"https:\/\/shop4trac.com\/de\/wp-json\/wp\/v2\/product_cat?post=14986"},{"taxonomy":"product_tag","embeddable":true,"href":"https:\/\/shop4trac.com\/de\/wp-json\/wp\/v2\/product_tag?post=14986"}],"curies":[{"name":"wp","href":"https:\/\/api.w.org\/{rel}","templated":true}]}}