{"id":14970,"date":"2020-02-29T16:44:09","date_gmt":"2020-02-29T15:44:09","guid":{"rendered":"https:\/\/shop4trac.com\/product\/luftfilter-kubota-aste"},"modified":"2026-03-18T12:51:55","modified_gmt":"2026-03-18T11:51:55","slug":"luftfilter-kubota-aste","status":"publish","type":"product","link":"https:\/\/shop4trac.com\/de\/filter\/luftfilter-de-2\/luftfilter-kubota-aste\/","title":{"rendered":"Luftfilter | Kubota B1700 \u2013 B2400 | ASTE | Mitsubishi MT1800 \u2013 MT2000"},"content":{"rendered":"<p>Luftfilter passend f\u00fcr folgende Modelle:<\/p>\n<p><u>Gr\u00f6\u00dfen:<\/u><\/p>\n<ul>\n<li><strong>Au\u00dfendurchmesser<\/strong> : 85 mm<\/li>\n<li><strong>L\u00e4nge<\/strong> : 160\u2013166 mm mit Schaumstoff 180 mm<\/li>\n<li><strong>Innendurchmesser<\/strong> : 45mm<\/li>\n<\/ul>\n<p>Passend f\u00fcr folgende Traktoren<\/p>\n<p><strong>Kubota<\/strong><\/p>\n<ul>\n<li>A-15, A-155, A-17, A-175, A-19, A-195\n<ul>\n<li><span style=\"text-decoration: underline\">Die Kubota A-Serie kann mit zwei verschiedenen Luftfiltertypen ausgestattet sein. Achten Sie deshalb auf die Ma\u00dfe Ihres aktuellen Luftfilters. \u2013<\/span><\/li>\n<\/ul>\n<\/li>\n<li>B1700 D\/HD, B2100 D\/HD, B2400 D\/HD<\/li>\n<li>F2560,<\/li>\n<li>K015-1, KC110HR<\/li>\n<\/ul>\n<p><strong>Mahindra<\/strong><\/p>\n<ul>\n<li>1815 HST, 1816 HST, 2015, 2015 HST, 2216, 2216 HST, 2415, 2415 HST, 2516, 2516 HST<\/li>\n<\/ul>\n<p><strong>Mitsubishi<\/strong><\/p>\n<ul>\n<li>MT1800, MT1800 H, MT2000, MT2000 D, MT2000 H<\/li>\n<\/ul>\n<p><strong>CANYCOM<\/strong><\/p>\n<ul>\n<li>S100<\/li>\n<\/ul>\n<p><strong>OEM als Referenz<\/strong><\/p>\n<ul>\n<li>67980-5820, 67980-8263-0, 67980-8263-2, 67980-8263-3<\/li>\n<\/ul>\n","protected":false},"excerpt":{"rendered":"<p>Luftfilter passend f\u00fcr folgende Modelle: Gr\u00f6\u00dfen: Au\u00dfendurchmesser : 85 mm L\u00e4nge : 160\u2013166 mm mit Schaumstoff 180 mm Innendurchmesser : 45mm Passend f\u00fcr folgende Traktoren Kubota A-15, A-155, A-17, A-175, A-19, A-195 Die Kubota A-Serie kann mit zwei verschiedenen Luftfiltertypen ausgestattet sein. Achten Sie deshalb auf die Ma\u00dfe Ihres aktuellen Luftfilters. \u2013 B1700 D\/HD, B2100&hellip;<\/p>\n","protected":false},"featured_media":89306,"comment_status":"open","ping_status":"closed","template":"","meta":[],"product_cat":[681],"product_tag":[3895],"class_list":{"0":"post-14970","1":"product","2":"type-product","3":"status-publish","4":"has-post-thumbnail","6":"product_cat-luftfilter-de-2","7":"product_tag-snelparts-de","8":"pa_merk-kubota-de","9":"pa_merk-mahindra-de","10":"pa_merk-mitsubishi-de","12":"first","13":"instock","14":"sale","15":"taxable","16":"shipping-taxable","17":"purchasable","18":"product-type-simple","19":"col-xs-6 col-sm-4","20":"col-md-3 col-lg-3","21":"un-4-cols"},"_links":{"self":[{"href":"https:\/\/shop4trac.com\/de\/wp-json\/wp\/v2\/product\/14970","targetHints":{"allow":["GET"]}}],"collection":[{"href":"https:\/\/shop4trac.com\/de\/wp-json\/wp\/v2\/product"}],"about":[{"href":"https:\/\/shop4trac.com\/de\/wp-json\/wp\/v2\/types\/product"}],"replies":[{"embeddable":true,"href":"https:\/\/shop4trac.com\/de\/wp-json\/wp\/v2\/comments?post=14970"}],"wp:featuredmedia":[{"embeddable":true,"href":"https:\/\/shop4trac.com\/de\/wp-json\/wp\/v2\/media\/89306"}],"wp:attachment":[{"href":"https:\/\/shop4trac.com\/de\/wp-json\/wp\/v2\/media?parent=14970"}],"wp:term":[{"taxonomy":"product_cat","embeddable":true,"href":"https:\/\/shop4trac.com\/de\/wp-json\/wp\/v2\/product_cat?post=14970"},{"taxonomy":"product_tag","embeddable":true,"href":"https:\/\/shop4trac.com\/de\/wp-json\/wp\/v2\/product_tag?post=14970"}],"curies":[{"name":"wp","href":"https:\/\/api.w.org\/{rel}","templated":true}]}}