{"id":14961,"date":"2020-02-29T16:44:09","date_gmt":"2020-02-29T14:44:09","guid":{"rendered":"https:\/\/shop4trac.com\/product\/luftfilter-kubota-l-gl-iseki-geas-sial"},"modified":"2026-03-30T10:06:10","modified_gmt":"2026-03-30T09:06:10","slug":"luftfilter-kubota-l-gl-iseki-geas-sial","status":"publish","type":"product","link":"https:\/\/shop4trac.com\/de\/filter\/luftfilter-de-2\/luftfilter-kubota-l-gl-iseki-geas-sial\/","title":{"rendered":"Luftfilter Kubota L2500 \u2013 L4630 | GL201 \u2013 GL467 | Denyo | Mitsubishi"},"content":{"rendered":"<p>Luftfilter <span style=\"text-decoration: underline\"><strong>in Premiumqualit\u00e4t<\/strong><\/span><\/p>\n<p><u>Gr\u00f6\u00dfen:<\/u><\/p>\n<ul>\n<li>\u00c4u\u00dferer Durchmesser: 104 mm<\/li>\n<li>L\u00e4nge: 252mm<\/li>\n<li>Innendurchmesser: 62 mm<\/li>\n<\/ul>\n<p>Passend f\u00fcr folgende Maschinen<\/p>\n<p data-path-to-node=\"4\"><b data-path-to-node=\"4\" data-index-in-node=\"0\">Kubota<\/b><\/p>\n<ul>\n<li data-path-to-node=\"4\">F3060, F3060R<\/li>\n<li data-path-to-node=\"4\">GL201, GL220, GL221, GL240, GL241, GL260, GL261, GL268, GL277, GL280, GL281, GL300, GL301, GL320, GL321, GL337, GL367, GL368, GL417, GL418, GL467<\/li>\n<li data-path-to-node=\"4\">L2500, L2500DT, L2500F, L2600DT, L2600F, L2800, L2900, L2900DT, L2900DT-GST, L2900F, L2950D, L2950F, L3000DT, L3000F, L3010, L3130, L3300, L3300DT, L3300DT-GST, L3300F, L3400, L35, L3540, L3600, L3600D, L3600DT, L3600DT-GST, L3600HST, L3710D, L4200, L4200D, L4200DT, L4200DT-GST, L4310D, L4630, L8419, STV32<\/li>\n<\/ul>\n<p data-path-to-node=\"5\"><b data-path-to-node=\"5\" data-index-in-node=\"0\">Denyo<\/b><\/p>\n<ul>\n<li data-path-to-node=\"5\">DCA25ESEK<\/li>\n<\/ul>\n<p data-path-to-node=\"6\"><b data-path-to-node=\"6\" data-index-in-node=\"0\">Eisemann<\/b><\/p>\n<ul>\n<li data-path-to-node=\"6\">T15000DE<\/li>\n<\/ul>\n<p data-path-to-node=\"7\"><b data-path-to-node=\"7\" data-index-in-node=\"0\">Europower<\/b><\/p>\n<ul>\n<li data-path-to-node=\"7\">EPS14TDE, EPS20TDE, EPSR20TDE<\/li>\n<\/ul>\n<p data-path-to-node=\"8\"><b data-path-to-node=\"8\" data-index-in-node=\"0\">Kooi<\/b><\/p>\n<ul>\n<li data-path-to-node=\"8\">M420.3<\/li>\n<\/ul>\n<p data-path-to-node=\"9\"><b data-path-to-node=\"9\" data-index-in-node=\"0\">Mahindra<\/b><\/p>\n<ul>\n<li data-path-to-node=\"9\">2615, 2615HST, 2816, 2816HST<\/li>\n<\/ul>\n<p data-path-to-node=\"10\"><b data-path-to-node=\"10\" data-index-in-node=\"0\">Mitsubishi<\/b><\/p>\n<ul>\n<li data-path-to-node=\"10\">MT2600, MT2600HST, MT3000, MT3000HST, MT3500<\/li>\n<\/ul>\n<p data-path-to-node=\"11\"><b data-path-to-node=\"11\" data-index-in-node=\"0\">Moffett<\/b><\/p>\n<ul>\n<li data-path-to-node=\"11\">M4-20.1NX, M4-20.3NX, M4-20.4NX, M4-25.1NX, M4-25.3NX, M4-25.4NX, M825.3<\/li>\n<\/ul>\n<p data-path-to-node=\"12\"><b data-path-to-node=\"12\" data-index-in-node=\"0\">Pronar Agricole<\/b><\/p>\n<ul>\n<li data-path-to-node=\"12\">320AMK<\/li>\n<\/ul>\n<p data-path-to-node=\"13\"><b data-path-to-node=\"13\" data-index-in-node=\"0\">Unic Cranes<\/b><\/p>\n<ul>\n<li data-path-to-node=\"13\">URW706<\/li>\n<\/ul>\n<p><b data-path-to-node=\"14\" data-index-in-node=\"0\">OEM zur Referenz:<\/b><\/p>\n<ul>\n<li>1A30-03200<\/li>\n<li>T0070-1632-0, T0070-1632-2, T0070-1632-3, T0070-16320, T0070-16323, T0070-16324<\/li>\n<\/ul>\n","protected":false},"excerpt":{"rendered":"<p>Luftfilter in Premiumqualit\u00e4t Gr\u00f6\u00dfen: \u00c4u\u00dferer Durchmesser: 104 mm L\u00e4nge: 252mm Innendurchmesser: 62 mm Passend f\u00fcr folgende Maschinen Kubota F3060, F3060R GL201, GL220, GL221, GL240, GL241, GL260, GL261, GL268, GL277, GL280, GL281, GL300, GL301, GL320, GL321, GL337, GL367, GL368, GL417, GL418, GL467 L2500, L2500DT, L2500F, L2600DT, L2600F, L2800, L2900, L2900DT, L2900DT-GST, L2900F, L2950D, L2950F, L3000DT, L3000F,&hellip;<\/p>\n","protected":false},"featured_media":48222,"comment_status":"open","ping_status":"closed","template":"","meta":[],"product_cat":[681],"product_tag":[3895],"class_list":{"0":"post-14961","1":"product","2":"type-product","3":"status-publish","4":"has-post-thumbnail","6":"product_cat-luftfilter-de-2","7":"product_tag-snelparts-de","8":"pa_merk-iseki-de","9":"pa_merk-kubota-de","10":"pa_merk-mahindra-de","11":"pa_merk-mitsubishi-de","13":"first","14":"instock","15":"sale","16":"taxable","17":"shipping-taxable","18":"purchasable","19":"product-type-simple","20":"col-xs-6 col-sm-4","21":"col-md-3 col-lg-3","22":"un-4-cols"},"_links":{"self":[{"href":"https:\/\/shop4trac.com\/de\/wp-json\/wp\/v2\/product\/14961","targetHints":{"allow":["GET"]}}],"collection":[{"href":"https:\/\/shop4trac.com\/de\/wp-json\/wp\/v2\/product"}],"about":[{"href":"https:\/\/shop4trac.com\/de\/wp-json\/wp\/v2\/types\/product"}],"replies":[{"embeddable":true,"href":"https:\/\/shop4trac.com\/de\/wp-json\/wp\/v2\/comments?post=14961"}],"wp:featuredmedia":[{"embeddable":true,"href":"https:\/\/shop4trac.com\/de\/wp-json\/wp\/v2\/media\/48222"}],"wp:attachment":[{"href":"https:\/\/shop4trac.com\/de\/wp-json\/wp\/v2\/media?parent=14961"}],"wp:term":[{"taxonomy":"product_cat","embeddable":true,"href":"https:\/\/shop4trac.com\/de\/wp-json\/wp\/v2\/product_cat?post=14961"},{"taxonomy":"product_tag","embeddable":true,"href":"https:\/\/shop4trac.com\/de\/wp-json\/wp\/v2\/product_tag?post=14961"}],"curies":[{"name":"wp","href":"https:\/\/api.w.org\/{rel}","templated":true}]}}