{"id":147174,"date":"2025-03-12T19:39:51","date_gmt":"2025-03-12T18:39:51","guid":{"rendered":"https:\/\/shop4trac.com\/unkategorisiert\/filterkit-aixam-city-s9-moped-auto-city-s9-aixam\/"},"modified":"2025-08-01T17:14:43","modified_gmt":"2025-08-01T15:14:43","slug":"filterkit-aixam-city-s9-moped-auto-city-s9-aixam","status":"publish","type":"product","link":"https:\/\/shop4trac.com\/de\/filter\/filter-satz\/filterkit-aixam-city-s9-moped-auto-city-s9-aixam\/","title":{"rendered":"Filterkit Aixam CITY S9 | Moped Auto City S9 Aixam"},"content":{"rendered":"<p>Filterkit | Wartungskit f\u00fcr<\/p>\n<p><strong>AIXAM<\/strong><\/p>\n<ul>\n<li>CITYS9<\/li>\n<\/ul>\n<p><strong>Luftfilter<\/strong><\/p>\n<p>Hochwertiger Luftfilter mit folgenden Abmessungen:<\/p>\n<ul>\n<li>Au\u00dfendurchmesser: 90 mm<\/li>\n<li>Innendurchmesser: 42 mm<\/li>\n<li>L\u00e4nge: 178 mm<\/li>\n<\/ul>\n<p><strong>\u00d6lfilter<\/strong><\/p>\n<p>Motor\u00f6lfilter f\u00fcr optimale Motorwartung<\/p>\n<p><strong>Kraftstofffilter<\/strong><\/p>\n<p>Kraftstofffilter mit folgenden Gr\u00f6\u00dfen:<\/p>\n<ul>\n<li>\u00c4u\u00dferer Durchmesser: 29 mm<\/li>\n<li>Innendurchmesser: 13 mm<\/li>\n<li>L\u00e4nge: 84 mm<\/li>\n<\/ul>\n<p><strong>OEM als Referenz:<\/strong><\/p>\n<ul>\n<li>6A100-8263-0<\/li>\n<li>15231-43560<\/li>\n<li>SBA314531174<\/li>\n<li>K731182390<\/li>\n<li>W950111021<\/li>\n<\/ul>\n","protected":false},"excerpt":{"rendered":"<p>Filterkit | Wartungskit f\u00fcr AIXAM CITYS9 Luftfilter Hochwertiger Luftfilter mit folgenden Abmessungen: Au\u00dfendurchmesser: 90 mm Innendurchmesser: 42 mm L\u00e4nge: 178 mm \u00d6lfilter Motor\u00f6lfilter f\u00fcr optimale Motorwartung Kraftstofffilter Kraftstofffilter mit folgenden Gr\u00f6\u00dfen: \u00c4u\u00dferer Durchmesser: 29 mm Innendurchmesser: 13 mm L\u00e4nge: 84 mm OEM als Referenz: 6A100-8263-0 15231-43560 SBA314531174 K731182390 W950111021<\/p>\n","protected":false},"featured_media":147169,"comment_status":"open","ping_status":"closed","template":"","meta":[],"product_cat":[382],"product_tag":[],"class_list":{"0":"post-147174","1":"product","2":"type-product","3":"status-publish","4":"has-post-thumbnail","6":"product_cat-filter-satz","7":"pa_merk-aixam-de","9":"first","10":"instock","11":"sale","12":"taxable","13":"shipping-taxable","14":"purchasable","15":"product-type-simple","16":"col-xs-6 col-sm-4","17":"col-md-3 col-lg-3","18":"un-4-cols"},"_links":{"self":[{"href":"https:\/\/shop4trac.com\/de\/wp-json\/wp\/v2\/product\/147174","targetHints":{"allow":["GET"]}}],"collection":[{"href":"https:\/\/shop4trac.com\/de\/wp-json\/wp\/v2\/product"}],"about":[{"href":"https:\/\/shop4trac.com\/de\/wp-json\/wp\/v2\/types\/product"}],"replies":[{"embeddable":true,"href":"https:\/\/shop4trac.com\/de\/wp-json\/wp\/v2\/comments?post=147174"}],"wp:featuredmedia":[{"embeddable":true,"href":"https:\/\/shop4trac.com\/de\/wp-json\/wp\/v2\/media\/147169"}],"wp:attachment":[{"href":"https:\/\/shop4trac.com\/de\/wp-json\/wp\/v2\/media?parent=147174"}],"wp:term":[{"taxonomy":"product_cat","embeddable":true,"href":"https:\/\/shop4trac.com\/de\/wp-json\/wp\/v2\/product_cat?post=147174"},{"taxonomy":"product_tag","embeddable":true,"href":"https:\/\/shop4trac.com\/de\/wp-json\/wp\/v2\/product_tag?post=147174"}],"curies":[{"name":"wp","href":"https:\/\/api.w.org\/{rel}","templated":true}]}}