{"id":147131,"date":"2025-03-12T19:01:36","date_gmt":"2025-03-12T18:01:36","guid":{"rendered":"https:\/\/shop4trac.com\/unkategorisiert\/filterkit-takeuchi-tb15-tb25\/"},"modified":"2025-09-15T20:05:36","modified_gmt":"2025-09-15T18:05:36","slug":"filterkit-takeuchi-tb15-tb25","status":"publish","type":"product","link":"https:\/\/shop4trac.com\/de\/filter\/filter-satz\/filterkit-takeuchi-tb15-tb25\/","title":{"rendered":"Filterkit Takeuchi TB15 | TB25"},"content":{"rendered":"<p>Filterkit | Wartungskit f\u00fcr Ihren Takeuchi-Minibagger. Alle Filter sind von <span style=\"text-decoration: underline\">h\u00f6chster<\/span> Qualit\u00e4t und passen genau zu den unten aufgef\u00fchrten Maschinen. <\/p>\n<p><strong>Luftfilter<\/strong><br \/>\n<u>Abmessungen:<\/u><br \/>\n Au\u00dfendurchmesser: 83mm<br \/>\n L\u00e4nge: 185 mm<\/p>\n<p><strong>\u00d6lfilter<\/strong><br \/>\n<u>Abmessungen:<\/u><br \/>\n Gewinde: M20x1,5<br \/>\n Durchmesser: 80 mm<br \/>\n H\u00f6he: 80mm<\/p>\n<p><strong>Kraftstofffilter<\/strong><br \/>\n<u>Abmessungen:<\/u><br \/>\n Au\u00dfendurchmesser: 35mm<br \/>\n Innendurchmesser: 11,2 mm<br \/>\n L\u00e4nge: 90mm<\/p>\n<p><strong>Takeuchi<\/strong><\/p>\n<ul>\n<li>TB15, TB25<\/li>\n<\/ul>\n<p><strong>OEM als Referenz:<\/strong><\/p>\n<ul>\n<li>119810-55650<\/li>\n<li>124550-55700<\/li>\n<li>16271-43560<\/li>\n<li>YMR000931<\/li>\n<\/ul>\n","protected":false},"excerpt":{"rendered":"<p>Filterkit | Wartungskit f\u00fcr Ihren Takeuchi-Minibagger. Alle Filter sind von h\u00f6chster Qualit\u00e4t und passen genau zu den unten aufgef\u00fchrten Maschinen. Luftfilter Abmessungen: Au\u00dfendurchmesser: 83mm L\u00e4nge: 185 mm \u00d6lfilter Abmessungen: Gewinde: M20x1,5 Durchmesser: 80 mm H\u00f6he: 80mm Kraftstofffilter Abmessungen: Au\u00dfendurchmesser: 35mm Innendurchmesser: 11,2 mm L\u00e4nge: 90mm Takeuchi TB15, TB25 OEM als Referenz: 119810-55650 124550-55700 16271-43560 YMR000931<\/p>\n","protected":false},"featured_media":147122,"comment_status":"open","ping_status":"open","template":"","meta":[],"product_cat":[382],"product_tag":[],"class_list":{"0":"post-147131","1":"product","2":"type-product","3":"status-publish","4":"has-post-thumbnail","6":"product_cat-filter-satz","7":"pa_merk-takeuchi-de","9":"first","10":"instock","11":"sale","12":"taxable","13":"shipping-taxable","14":"purchasable","15":"product-type-simple","16":"col-xs-6 col-sm-4","17":"col-md-3 col-lg-3","18":"un-4-cols"},"_links":{"self":[{"href":"https:\/\/shop4trac.com\/de\/wp-json\/wp\/v2\/product\/147131","targetHints":{"allow":["GET"]}}],"collection":[{"href":"https:\/\/shop4trac.com\/de\/wp-json\/wp\/v2\/product"}],"about":[{"href":"https:\/\/shop4trac.com\/de\/wp-json\/wp\/v2\/types\/product"}],"replies":[{"embeddable":true,"href":"https:\/\/shop4trac.com\/de\/wp-json\/wp\/v2\/comments?post=147131"}],"wp:featuredmedia":[{"embeddable":true,"href":"https:\/\/shop4trac.com\/de\/wp-json\/wp\/v2\/media\/147122"}],"wp:attachment":[{"href":"https:\/\/shop4trac.com\/de\/wp-json\/wp\/v2\/media?parent=147131"}],"wp:term":[{"taxonomy":"product_cat","embeddable":true,"href":"https:\/\/shop4trac.com\/de\/wp-json\/wp\/v2\/product_cat?post=147131"},{"taxonomy":"product_tag","embeddable":true,"href":"https:\/\/shop4trac.com\/de\/wp-json\/wp\/v2\/product_tag?post=147131"}],"curies":[{"name":"wp","href":"https:\/\/api.w.org\/{rel}","templated":true}]}}