{"id":147113,"date":"2025-03-12T18:52:45","date_gmt":"2025-03-12T17:52:45","guid":{"rendered":"https:\/\/shop4trac.com\/unkategorisiert\/filterkit-takeuchi-tb14-minikran\/"},"modified":"2025-08-01T17:14:49","modified_gmt":"2025-08-01T15:14:49","slug":"filterkit-takeuchi-tb14-minikran","status":"publish","type":"product","link":"https:\/\/shop4trac.com\/de\/filter\/filter-satz\/filterkit-takeuchi-tb14-minikran\/","title":{"rendered":"Filterkit Takeuchi TB14 | Minikran"},"content":{"rendered":"<p>Filterkit | Wartungskit f\u00fcr Ihren Takeuchi-Bagger<\/p>\n<p>Der komplette Filtersatz besteht aus:<\/p>\n<p><strong>Luftfilter<\/strong><\/p>\n<ul>\n<li>Au\u00dfendurchmesser: 83 mm<\/li>\n<li>L\u00e4nge: 185mm<\/li>\n<\/ul>\n<p><strong>\u00d6lfilter<\/strong><\/p>\n<ul>\n<li>Gewinde: M20x1,5<\/li>\n<li>Durchmesser: 80 mm<\/li>\n<li>H\u00f6he: 80 mm<\/li>\n<\/ul>\n<p><strong>Kraftstofffilter<\/strong><\/p>\n<ul>\n<li>\u00c4u\u00dferer Durchmesser: 35 mm<\/li>\n<li>Innendurchmesser: 11,2 mm<\/li>\n<li>L\u00e4nge: 70 mm<\/li>\n<\/ul>\n<p><strong>Geeignet f\u00fcr<\/strong><\/p>\n<p><strong>Takeuchi<\/strong><\/p>\n<ul>\n<li>TB14<\/li>\n<\/ul>\n<p><strong>OEM als Referenz<\/strong><\/p>\n<ul>\n<li>15241-32090<\/li>\n<li>16271-32092<\/li>\n<li>129150-35151<\/li>\n<li>104500-55710<\/li>\n<li>1415-102-011-00<\/li>\n<\/ul>\n","protected":false},"excerpt":{"rendered":"<p>Filterkit | Wartungskit f\u00fcr Ihren Takeuchi-Bagger Der komplette Filtersatz besteht aus: Luftfilter Au\u00dfendurchmesser: 83 mm L\u00e4nge: 185mm \u00d6lfilter Gewinde: M20x1,5 Durchmesser: 80 mm H\u00f6he: 80 mm Kraftstofffilter \u00c4u\u00dferer Durchmesser: 35 mm Innendurchmesser: 11,2 mm L\u00e4nge: 70 mm Geeignet f\u00fcr Takeuchi TB14 OEM als Referenz 15241-32090 16271-32092 129150-35151 104500-55710 1415-102-011-00<\/p>\n","protected":false},"featured_media":147106,"comment_status":"open","ping_status":"open","template":"","meta":[],"product_cat":[382],"product_tag":[],"class_list":{"0":"post-147113","1":"product","2":"type-product","3":"status-publish","4":"has-post-thumbnail","6":"product_cat-filter-satz","7":"pa_merk-takeushi-de","9":"first","10":"instock","11":"sale","12":"taxable","13":"shipping-taxable","14":"purchasable","15":"product-type-simple","16":"col-xs-6 col-sm-4","17":"col-md-3 col-lg-3","18":"un-4-cols"},"_links":{"self":[{"href":"https:\/\/shop4trac.com\/de\/wp-json\/wp\/v2\/product\/147113","targetHints":{"allow":["GET"]}}],"collection":[{"href":"https:\/\/shop4trac.com\/de\/wp-json\/wp\/v2\/product"}],"about":[{"href":"https:\/\/shop4trac.com\/de\/wp-json\/wp\/v2\/types\/product"}],"replies":[{"embeddable":true,"href":"https:\/\/shop4trac.com\/de\/wp-json\/wp\/v2\/comments?post=147113"}],"wp:featuredmedia":[{"embeddable":true,"href":"https:\/\/shop4trac.com\/de\/wp-json\/wp\/v2\/media\/147106"}],"wp:attachment":[{"href":"https:\/\/shop4trac.com\/de\/wp-json\/wp\/v2\/media?parent=147113"}],"wp:term":[{"taxonomy":"product_cat","embeddable":true,"href":"https:\/\/shop4trac.com\/de\/wp-json\/wp\/v2\/product_cat?post=147113"},{"taxonomy":"product_tag","embeddable":true,"href":"https:\/\/shop4trac.com\/de\/wp-json\/wp\/v2\/product_tag?post=147113"}],"curies":[{"name":"wp","href":"https:\/\/api.w.org\/{rel}","templated":true}]}}