{"id":147085,"date":"2025-03-12T16:28:56","date_gmt":"2025-03-12T15:28:56","guid":{"rendered":"https:\/\/shop4trac.com\/unkategorisiert\/ruecklaufleitung-kubota-d750-d850-d950-ueberlaufrohr\/"},"modified":"2026-03-29T17:59:43","modified_gmt":"2026-03-29T16:59:43","slug":"ruecklaufleitung-kubota-d750-d850-d950-ueberlaufrohr","status":"publish","type":"product","link":"https:\/\/shop4trac.com\/de\/motorteile\/kraftstoffuberlaufrohr\/ruecklaufleitung-kubota-d750-d850-d950-ueberlaufrohr\/","title":{"rendered":"R\u00fccklaufleitung Kubota D750 \u2013 D850 \u2013 D950 | \u00dcberlaufrohr"},"content":{"rendered":"<div>R\u00fccklaufleitung von hoher Qualit\u00e4t, Lieferung inklusive Dichtringen, die <strong>immer<\/strong> ausgetauscht werden sollten, um Leckagen zu vermeiden.<\/p>\n<\/div>\n<div>? Merkmale:<\/p>\n<\/div>\n<div>\u2714\ufe0f Lieferung mit Kupfer-Dichtringen \u2013 verhindert Leckagen bei der Montage<\/p>\n<\/div>\n<div>\u2714\ufe0f Hochwertige Passform \u2013 geeignet f\u00fcr Kubota Motoren und Maschinen<\/p>\n<\/div>\n<div>\u2714\ufe0f Vielseitig einsetzbar \u2013 auch bei Maschinen anderer Marken anwendbar<\/p>\n<p>R\u00fccklaufleitung | \u00dcberlaufleitung passend f\u00fcr die folgenden Maschinen<\/p><\/div>\n<p><strong>Kubota Motor<\/strong><\/p>\n<ul>\n<li>D750B, D750<\/li>\n<li>D850, D850BH, D850-5B<\/li>\n<li>D950, D950, D950SB, D950-FM, 3D75<\/li>\n<\/ul>\n<p><strong>Kubota<\/strong><\/p>\n<ul>\n<li>B1200, B5200, B7001, B7100, XB-1<\/li>\n<li>B7100HST-DT<\/li>\n<li>220, 320 Bagger<\/li>\n<li>B1400, B1402, B1500, B1502, B1550, B6200, B40, B1-14, B1-15<\/li>\n<li>B6200D, B6200E, B6200HST-D, B6200HST-E, B1550D, B1550E, B1550HST-D, B1550HST-E<\/li>\n<li>B1400DT, B1500DT, B1402EDT, B1402DT, B1502E, B1502DT<\/li>\n<li>KH35 (Bagger)<\/li>\n<li>B1-17<\/li>\n<li>B6100, B7200D, B1750D, B8200E, F2100<\/li>\n<li>B1750D B1750E<\/li>\n<li>KH41, KH61<\/li>\n<li>KH-021H, KH-024, KH-024H, KH-021, KH-024, KH050<\/li>\n<li>B1-16, B1-17, B1600, B1702, B1750, B20, B7200, B8200<\/li>\n<li>B7200E, B7200HST-D, B7200HST-E, B8200D, B8200E, B8200HST-D, B8200HST-E, B1750E, B1750HST-D, B1750HST-E, B-20, B1600, B1600DT, B1702DT<\/li>\n<li>F210016271-21050<\/li>\n<\/ul>\n<p><strong>Bobcat<\/strong><\/p>\n<ul>\n<li>X220, X320<\/li>\n<li>Rotluchs 453C, 443<\/li>\n<li>543, 533, 543B, 553B<\/li>\n<\/ul>\n<p><strong>Zen Noh<\/strong><\/p>\n<ul>\n<li>ZB1200, ZB5200, ZB7001, ZB7100<\/li>\n<li>ZB1400, ZB1402, ZB1500, ZB1502<\/li>\n<li>ZB1600, ZB1702<\/li>\n<\/ul>\n<p><strong>OEM als Referenz<\/strong><\/p>\n<ul>\n<li>15261-4251-2, 15261-42512, 15261-42510, 15261-42511<\/li>\n<li>15271-4271-1, 15271-42711<\/li>\n<\/ul>\n","protected":false},"excerpt":{"rendered":"<p>R\u00fccklaufleitung von hoher Qualit\u00e4t, Lieferung inklusive Dichtringen, die immer ausgetauscht werden sollten, um Leckagen zu vermeiden. ? Merkmale: \u2714\ufe0f Lieferung mit Kupfer-Dichtringen \u2013 verhindert Leckagen bei der Montage \u2714\ufe0f Hochwertige Passform \u2013 geeignet f\u00fcr Kubota Motoren und Maschinen \u2714\ufe0f Vielseitig einsetzbar \u2013 auch bei Maschinen anderer Marken anwendbar R\u00fccklaufleitung | \u00dcberlaufleitung passend f\u00fcr die folgenden&hellip;<\/p>\n","protected":false},"featured_media":167022,"comment_status":"open","ping_status":"closed","template":"","meta":[],"product_cat":[7201],"product_tag":[],"class_list":{"0":"post-147085","1":"product","2":"type-product","3":"status-publish","4":"has-post-thumbnail","6":"product_cat-kraftstoffuberlaufrohr","7":"pa_merk-bobcat-de","8":"pa_merk-kubota-de","9":"pa_merk-zen-noh-de","11":"first","12":"instock","13":"sale","14":"taxable","15":"shipping-taxable","16":"purchasable","17":"product-type-simple","18":"col-xs-6 col-sm-4","19":"col-md-3 col-lg-3","20":"un-4-cols"},"_links":{"self":[{"href":"https:\/\/shop4trac.com\/de\/wp-json\/wp\/v2\/product\/147085","targetHints":{"allow":["GET"]}}],"collection":[{"href":"https:\/\/shop4trac.com\/de\/wp-json\/wp\/v2\/product"}],"about":[{"href":"https:\/\/shop4trac.com\/de\/wp-json\/wp\/v2\/types\/product"}],"replies":[{"embeddable":true,"href":"https:\/\/shop4trac.com\/de\/wp-json\/wp\/v2\/comments?post=147085"}],"wp:featuredmedia":[{"embeddable":true,"href":"https:\/\/shop4trac.com\/de\/wp-json\/wp\/v2\/media\/167022"}],"wp:attachment":[{"href":"https:\/\/shop4trac.com\/de\/wp-json\/wp\/v2\/media?parent=147085"}],"wp:term":[{"taxonomy":"product_cat","embeddable":true,"href":"https:\/\/shop4trac.com\/de\/wp-json\/wp\/v2\/product_cat?post=147085"},{"taxonomy":"product_tag","embeddable":true,"href":"https:\/\/shop4trac.com\/de\/wp-json\/wp\/v2\/product_tag?post=147085"}],"curies":[{"name":"wp","href":"https:\/\/api.w.org\/{rel}","templated":true}]}}