{"id":144510,"date":"2025-02-17T20:03:56","date_gmt":"2025-02-17T19:03:56","guid":{"rendered":"https:\/\/shop4trac.com\/unkategorisiert\/luftfiltergehaeuse-inkl-luftfilter-kubota-luftfiltergehaeuse-universal\/"},"modified":"2026-03-11T23:19:57","modified_gmt":"2026-03-11T22:19:57","slug":"luftfiltergehaeuse-inkl-luftfilter-kubota-luftfiltergehaeuse-universal","status":"publish","type":"product","link":"https:\/\/shop4trac.com\/de\/filter\/luftfilter-de-2\/luftfiltergehaeuse-inkl-luftfilter-kubota-luftfiltergehaeuse-universal\/","title":{"rendered":"Luftfiltergeh\u00e4use inkl. Luftfilter | Kubota Luftfiltergeh\u00e4use | Universal"},"content":{"rendered":"<p>Luftfilter passend f\u00fcr Kubota und diverse Maschinen:<\/p>\n<p><strong>Technische Daten<\/strong><\/p>\n<ul>\n<li>Gesamtl\u00e4nge 350mm<\/li>\n<\/ul>\n<p><strong>Inhalt des Sets<\/strong><\/p>\n<ol>\n<li>Luftfilter + Partikelfilter<\/li>\n<li>Filtergeh\u00e4use<\/li>\n<\/ol>\n<p class=\"p1\"><strong>BOBCAT<\/strong><\/p>\n<ul>\n<li class=\"p1\">E32, E35, S100, S100, T110<\/li>\n<\/ul>\n<p><strong>KAWASAKI<\/strong><\/p>\n<ul>\n<li>FX1000V, FX850<\/li>\n<\/ul>\n<p><strong>KNIKMOPS<\/strong><\/p>\n<ul>\n<li>KM100, KM120, KM130, KM140, KM140, KM235, KM70<\/li>\n<\/ul>\n<p><strong>F\u00fcr viele weitere Maschinen verf\u00fcgbar!<\/strong><\/p>\n<p><strong>OEM als Referenz<\/strong><\/p>\n<ul>\n<li>TC422-16300<\/li>\n<\/ul>\n","protected":false},"excerpt":{"rendered":"<p>Luftfilter passend f\u00fcr Kubota und diverse Maschinen: Technische Daten Gesamtl\u00e4nge 350mm Inhalt des Sets Luftfilter + Partikelfilter Filtergeh\u00e4use BOBCAT E32, E35, S100, S100, T110 KAWASAKI FX1000V, FX850 KNIKMOPS KM100, KM120, KM130, KM140, KM140, KM235, KM70 F\u00fcr viele weitere Maschinen verf\u00fcgbar! OEM als Referenz TC422-16300<\/p>\n","protected":false},"featured_media":144485,"comment_status":"open","ping_status":"closed","template":"","meta":[],"product_cat":[681],"product_tag":[],"class_list":{"0":"post-144510","1":"product","2":"type-product","3":"status-publish","4":"has-post-thumbnail","6":"product_cat-luftfilter-de-2","7":"pa_merk-bobcat-de","8":"pa_merk-knikmops-de","9":"pa_merk-kubota-de","11":"first","12":"instock","13":"sale","14":"taxable","15":"shipping-taxable","16":"purchasable","17":"product-type-simple","18":"col-xs-6 col-sm-4","19":"col-md-3 col-lg-3","20":"un-4-cols"},"_links":{"self":[{"href":"https:\/\/shop4trac.com\/de\/wp-json\/wp\/v2\/product\/144510","targetHints":{"allow":["GET"]}}],"collection":[{"href":"https:\/\/shop4trac.com\/de\/wp-json\/wp\/v2\/product"}],"about":[{"href":"https:\/\/shop4trac.com\/de\/wp-json\/wp\/v2\/types\/product"}],"replies":[{"embeddable":true,"href":"https:\/\/shop4trac.com\/de\/wp-json\/wp\/v2\/comments?post=144510"}],"wp:featuredmedia":[{"embeddable":true,"href":"https:\/\/shop4trac.com\/de\/wp-json\/wp\/v2\/media\/144485"}],"wp:attachment":[{"href":"https:\/\/shop4trac.com\/de\/wp-json\/wp\/v2\/media?parent=144510"}],"wp:term":[{"taxonomy":"product_cat","embeddable":true,"href":"https:\/\/shop4trac.com\/de\/wp-json\/wp\/v2\/product_cat?post=144510"},{"taxonomy":"product_tag","embeddable":true,"href":"https:\/\/shop4trac.com\/de\/wp-json\/wp\/v2\/product_tag?post=144510"}],"curies":[{"name":"wp","href":"https:\/\/api.w.org\/{rel}","templated":true}]}}